{"id":73482,"date":"1991-02-03T15:34:29","date_gmt":"2021-02-03T15:34:29","guid":{"rendered":"https:\/\/luxart.com\/?page_id=73482"},"modified":"2021-11-25T15:01:24","modified_gmt":"2021-11-25T15:01:24","slug":"contact","status":"publish","type":"page","link":"https:\/\/luxart.com\/en\/contact\/","title":{"rendered":"Contacts"},"content":{"rendered":"<div class=\"row\"  id=\"row-1504970940\">\n\n\t<div id=\"col-1662691973\" class=\"col small-12 large-12\"  >\n\t\t\t\t<div class=\"col-inner\"  >\n\t\t\t\n\t\t\t\n\t<div id=\"text-2731943994\" class=\"text\">\n\t\t\n<h2 style=\"text-align: center;\"><strong>Contact Us<br \/>\n<\/strong><\/h2>\n\t\t\n<style>\n#text-2731943994 {\n  line-height: 3;\n}\n<\/style>\n\t<\/div>\n\t\n<div class=\"is-divider divider clearfix\" style=\"background-color:rgb(255, 255, 255);\"><\/div>\n\t\t<\/div>\n\t\t\t\t\t<\/div>\n\n\t\n<\/div>\n<div class=\"row\"  id=\"row-1317204038\">\n\n\t<div id=\"col-1003861012\" class=\"col medium-6 small-12 large-3\"  >\n\t\t\t\t<div class=\"col-inner\"  >\n\t\t\t\n\t\t\t\n\t<div id=\"text-2634777314\" class=\"text Contact--page-name\">\n\t\t\n<p><strong>Email <\/strong><a href=\"mailto:info@luxart.com\">info@luxart.com<\/a><\/p>\n<p><strong>Phone<\/strong> <a href=\"tel:+37060471645\">+370 604 71645<\/a><\/p>\n<p>I-V 9:00-17:00<\/p>\n\t\t\t<\/div>\n\t\n\t\t<\/div>\n\t\t\t\t\t<\/div>\n\n\t\n\n\t<div id=\"col-2073142106\" class=\"col medium-6 small-12 large-5\"  >\n\t\t\t\t<div class=\"col-inner\"  >\n\t\t\t\n\t\t\t\n<h3>Physical locations<\/h3>\n<ul>\n<li>Luxart workshop &#8211; Vilnius, OZO street 4 -102 Lithuania. <a href=\"tel:+37068879822\">+37068879822<\/a><\/li>\n<li>Vilnius &#8211; &#8220;Nam\u0173 Magija&#8221; shopping center &#8220;Bald\u0173 rojus&#8221; Kalvarij\u0173 street 125 Lithuania. <a href=\"tel:+37061012626\">+37061012626<\/a><\/li>\n<li>Vilnius &#8211; &#8220;Nam\u0173 magija&#8221; Justini\u0161ki\u0173 street 79, II Floor Lithuania. <a href=\"tel:+37061148269\">+37061148269<\/a><\/li>\n<li>Kaunas &#8211; &#8220;Nam\u0173 magija&#8221; Savanori\u0173 street 213 Lithuania. <a href=\"tel:+37061684658\">+37061684658\u00a0<\/a><\/li>\n<li>Klaip\u0117da &#8211; &#8220;Hauzas&#8221; Liep\u0173 street 40 Lithuania. <a href=\"tel:+37061613022\">+37061613022<\/a><\/li>\n<li>\u0160iauliai &#8211; &#8220;Dainos Baldai&#8221; Shoping mall &#8220;Til\u017e\u0117&#8221; Til\u017e\u0117s street 225 Lithuania. <a href=\"tel:+37063366210\">+37063366210<\/a><\/li>\n<\/ul>\n\t\t<\/div>\n\t\t\t\t\t<\/div>\n\n\t\n\n\t<div id=\"col-536509050\" class=\"col medium-12 small-12 large-4\"  >\n\t\t\t\t<div class=\"col-inner\"  >\n\t\t\t\n\t\t\t\n\t<div id=\"text-3550136441\" class=\"text Contact--page-name\">\n\t\t\n<h3><b>Contact form<\/b><\/h3>\n\t\t\t<\/div>\n\t\n\n<div class=\"wpcf7 no-js\" id=\"wpcf7-f79372-o1\" lang=\"en-US\" dir=\"ltr\" data-wpcf7-id=\"79372\">\n<div class=\"screen-reader-response\"><p role=\"status\" aria-live=\"polite\" aria-atomic=\"true\"><\/p> <ul><\/ul><\/div>\n<form action=\"\/en\/wp-json\/wp\/v2\/pages\/73482#wpcf7-f79372-o1\" method=\"post\" class=\"wpcf7-form init\" aria-label=\"Contact form\" novalidate=\"novalidate\" data-status=\"init\">\n<fieldset class=\"hidden-fields-container\"><input type=\"hidden\" name=\"_wpcf7\" value=\"79372\" \/><input type=\"hidden\" name=\"_wpcf7_version\" value=\"6.1.5\" \/><input type=\"hidden\" name=\"_wpcf7_locale\" value=\"en_US\" \/><input type=\"hidden\" name=\"_wpcf7_unit_tag\" value=\"wpcf7-f79372-o1\" \/><input type=\"hidden\" name=\"_wpcf7_container_post\" value=\"0\" \/><input type=\"hidden\" name=\"_wpcf7_posted_data_hash\" value=\"\" \/>\n<\/fieldset>\n<p><span id=\"wpcf7-69e0f66ce00ba-wrapper\" class=\"wpcf7-form-control-wrap enter-your-website-wrap\" ><input id=\"wpcf7-69e0f66ce00ba-field\"  class=\"wpcf7-form-control wpcf7-text\" type=\"text\" name=\"enter-your-website\" value=\"\" size=\"40\" tabindex=\"-1\" autocomplete=\"new-password\" \/><\/span><br \/>\n<span id=\"wpcf7-69e0f66ce0113-wrapper\" class=\"wpcf7-form-control-wrap enter-your-name-wrap\" ><input id=\"wpcf7-69e0f66ce0113-field\"  class=\"wpcf7-form-control wpcf7-text\" type=\"text\" name=\"enter-your-name\" value=\"\" size=\"40\" tabindex=\"-1\" autocomplete=\"new-password\" \/><\/span><br \/>\n<span id=\"wpcf7-69e0f66ce0145-wrapper\" class=\"wpcf7-form-control-wrap enter-your-lastname-wrap\" ><input id=\"wpcf7-69e0f66ce0145-field\"  class=\"wpcf7-form-control wpcf7-text\" type=\"text\" name=\"enter-your-lastname\" value=\"\" size=\"40\" tabindex=\"-1\" autocomplete=\"new-password\" \/><\/span><br \/>\n<label><br \/>\n<span class=\"wpcf7-form-control-wrap\" data-name=\"your-name\"><input size=\"40\" maxlength=\"400\" class=\"wpcf7-form-control wpcf7-text wpcf7-validates-as-required\" aria-required=\"true\" aria-invalid=\"false\" placeholder=\"Name Lastname\" value=\"\" type=\"text\" name=\"your-name\" \/><\/span> <\/label>\n<\/p>\n<p><label><br \/>\n<span class=\"wpcf7-form-control-wrap\" data-name=\"your-email\"><input size=\"40\" maxlength=\"400\" class=\"wpcf7-form-control wpcf7-email wpcf7-validates-as-required wpcf7-text wpcf7-validates-as-email\" aria-required=\"true\" aria-invalid=\"false\" placeholder=\"Email\" value=\"\" type=\"email\" name=\"your-email\" \/><\/span> <\/label>\n<\/p>\n<p><label><br \/>\n<span class=\"wpcf7-form-control-wrap\" data-name=\"tel-263\"><input size=\"40\" maxlength=\"400\" class=\"wpcf7-form-control wpcf7-tel wpcf7-validates-as-required wpcf7-text wpcf7-validates-as-tel\" aria-required=\"true\" aria-invalid=\"false\" placeholder=\"Phone number +3706XXXXXXX\" value=\"\" type=\"tel\" name=\"tel-263\" \/><\/span><\/label>\n<\/p>\n<p><label><br \/>\n<span class=\"wpcf7-form-control-wrap\" data-name=\"your-message\"><textarea cols=\"40\" rows=\"10\" maxlength=\"2000\" class=\"wpcf7-form-control wpcf7-textarea wpcf7-validates-as-required\" aria-required=\"true\" aria-invalid=\"false\" placeholder=\"Message\" name=\"your-message\"><\/textarea><\/span> <\/label><br \/>\n<!-- Mailchimp for WordPress v4.12.1 - https:\/\/www.mc4wp.com\/ --><input type=\"hidden\" name=\"_mc4wp_subscribe_contact-form-7\" value=\"0\" \/><span class=\"mc4wp-checkbox mc4wp-checkbox-contact-form-7 \"><label><input type=\"checkbox\" name=\"_mc4wp_subscribe_contact-form-7\" value=\"1\" ><span>I agree to receive a newsletter with exclusive offers<\/span><\/label><\/span><!-- \/ Mailchimp for WordPress --><br \/>\n<input class=\"wpcf7-form-control wpcf7-submit has-spinner\" type=\"submit\" value=\"Send\" \/>\n<\/p><div class=\"wpcf7-response-output\" aria-hidden=\"true\"><\/div>\n<\/form>\n<\/div>\n\n\t\t<\/div>\n\t\t\t\t\n<style>\n#col-536509050 > .col-inner {\n  max-width: 400px;\n}\n<\/style>\n\t<\/div>\n\n\t\n<\/div>\n","protected":false},"excerpt":{"rendered":"","protected":false},"author":2,"featured_media":0,"parent":0,"menu_order":0,"comment_status":"closed","ping_status":"closed","template":"","meta":{"_acf_changed":false,"footnotes":""},"class_list":["post-73482","page","type-page","status-publish","hentry"],"acf":[],"yoast_head":"<!-- This site is optimized with the Yoast SEO plugin v27.3 - https:\/\/yoast.com\/product\/yoast-seo-wordpress\/ -->\n<title>Contacts - Luxart<\/title>\n<meta name=\"robots\" content=\"index, follow, max-snippet:-1, max-image-preview:large, max-video-preview:-1\" \/>\n<link rel=\"canonical\" href=\"https:\/\/luxart.com\/en\/contact\/\" \/>\n<meta property=\"og:locale\" content=\"en_US\" \/>\n<meta property=\"og:type\" content=\"article\" \/>\n<meta property=\"og:title\" content=\"Contacts - Luxart\" \/>\n<meta property=\"og:url\" content=\"https:\/\/luxart.com\/en\/contact\/\" \/>\n<meta property=\"og:site_name\" content=\"Luxart\" \/>\n<meta property=\"article:modified_time\" content=\"2021-11-25T15:01:24+00:00\" \/>\n<meta name=\"twitter:card\" content=\"summary_large_image\" \/>\n<meta name=\"twitter:label1\" content=\"Est. reading time\" \/>\n\t<meta name=\"twitter:data1\" content=\"1 minute\" \/>\n<script type=\"application\/ld+json\" class=\"yoast-schema-graph\">{\"@context\":\"https:\\\/\\\/schema.org\",\"@graph\":[{\"@type\":\"WebPage\",\"@id\":\"https:\\\/\\\/luxart.com\\\/en\\\/contact\\\/\",\"url\":\"https:\\\/\\\/luxart.com\\\/en\\\/contact\\\/\",\"name\":\"Contacts - Luxart\",\"isPartOf\":{\"@id\":\"https:\\\/\\\/luxart.com\\\/en\\\/#website\"},\"datePublished\":\"2021-02-03T15:34:29+00:00\",\"dateModified\":\"2021-11-25T15:01:24+00:00\",\"breadcrumb\":{\"@id\":\"https:\\\/\\\/luxart.com\\\/en\\\/contact\\\/#breadcrumb\"},\"inLanguage\":\"en-US\",\"potentialAction\":[{\"@type\":\"ReadAction\",\"target\":[\"https:\\\/\\\/luxart.com\\\/en\\\/contact\\\/\"]}]},{\"@type\":\"BreadcrumbList\",\"@id\":\"https:\\\/\\\/luxart.com\\\/en\\\/contact\\\/#breadcrumb\",\"itemListElement\":[{\"@type\":\"ListItem\",\"position\":1,\"name\":\"Home\",\"item\":\"https:\\\/\\\/luxart.com\\\/en\\\/\"},{\"@type\":\"ListItem\",\"position\":2,\"name\":\"Contacts\"}]},{\"@type\":\"WebSite\",\"@id\":\"https:\\\/\\\/luxart.com\\\/en\\\/#website\",\"url\":\"https:\\\/\\\/luxart.com\\\/en\\\/\",\"name\":\"Luxart\",\"description\":\"Reproductions of paintings on canvas of the highest quality\",\"potentialAction\":[{\"@type\":\"SearchAction\",\"target\":{\"@type\":\"EntryPoint\",\"urlTemplate\":\"https:\\\/\\\/luxart.com\\\/en\\\/?s={search_term_string}\"},\"query-input\":{\"@type\":\"PropertyValueSpecification\",\"valueRequired\":true,\"valueName\":\"search_term_string\"}}],\"inLanguage\":\"en-US\"}]}<\/script>\n<!-- \/ Yoast SEO plugin. -->","yoast_head_json":{"title":"Contacts - Luxart","robots":{"index":"index","follow":"follow","max-snippet":"max-snippet:-1","max-image-preview":"max-image-preview:large","max-video-preview":"max-video-preview:-1"},"canonical":"https:\/\/luxart.com\/en\/contact\/","og_locale":"en_US","og_type":"article","og_title":"Contacts - Luxart","og_url":"https:\/\/luxart.com\/en\/contact\/","og_site_name":"Luxart","article_modified_time":"2021-11-25T15:01:24+00:00","twitter_card":"summary_large_image","twitter_misc":{"Est. reading time":"1 minute"},"schema":{"@context":"https:\/\/schema.org","@graph":[{"@type":"WebPage","@id":"https:\/\/luxart.com\/en\/contact\/","url":"https:\/\/luxart.com\/en\/contact\/","name":"Contacts - Luxart","isPartOf":{"@id":"https:\/\/luxart.com\/en\/#website"},"datePublished":"2021-02-03T15:34:29+00:00","dateModified":"2021-11-25T15:01:24+00:00","breadcrumb":{"@id":"https:\/\/luxart.com\/en\/contact\/#breadcrumb"},"inLanguage":"en-US","potentialAction":[{"@type":"ReadAction","target":["https:\/\/luxart.com\/en\/contact\/"]}]},{"@type":"BreadcrumbList","@id":"https:\/\/luxart.com\/en\/contact\/#breadcrumb","itemListElement":[{"@type":"ListItem","position":1,"name":"Home","item":"https:\/\/luxart.com\/en\/"},{"@type":"ListItem","position":2,"name":"Contacts"}]},{"@type":"WebSite","@id":"https:\/\/luxart.com\/en\/#website","url":"https:\/\/luxart.com\/en\/","name":"Luxart","description":"Reproductions of paintings on canvas of the highest quality","potentialAction":[{"@type":"SearchAction","target":{"@type":"EntryPoint","urlTemplate":"https:\/\/luxart.com\/en\/?s={search_term_string}"},"query-input":{"@type":"PropertyValueSpecification","valueRequired":true,"valueName":"search_term_string"}}],"inLanguage":"en-US"}]}},"_links":{"self":[{"href":"https:\/\/luxart.com\/en\/wp-json\/wp\/v2\/pages\/73482","targetHints":{"allow":["GET"]}}],"collection":[{"href":"https:\/\/luxart.com\/en\/wp-json\/wp\/v2\/pages"}],"about":[{"href":"https:\/\/luxart.com\/en\/wp-json\/wp\/v2\/types\/page"}],"author":[{"embeddable":true,"href":"https:\/\/luxart.com\/en\/wp-json\/wp\/v2\/users\/2"}],"replies":[{"embeddable":true,"href":"https:\/\/luxart.com\/en\/wp-json\/wp\/v2\/comments?post=73482"}],"version-history":[{"count":0,"href":"https:\/\/luxart.com\/en\/wp-json\/wp\/v2\/pages\/73482\/revisions"}],"wp:attachment":[{"href":"https:\/\/luxart.com\/en\/wp-json\/wp\/v2\/media?parent=73482"}],"curies":[{"name":"wp","href":"https:\/\/api.w.org\/{rel}","templated":true}]}}