{"id":64891,"date":"1989-03-06T18:11:11","date_gmt":"2018-03-06T18:11:11","guid":{"rendered":"http:\/\/luxart2.mantas.dev.reprezentuok.lt\/?post_type=product&#038;p=64891"},"modified":"2019-11-22T12:35:23","modified_gmt":"2019-11-22T12:35:23","slug":"p-two-angels","status":"publish","type":"product","link":"https:\/\/luxart.com\/en\/paveikslai\/p-two-angels\/","title":{"rendered":"[P] Two angels"},"content":{"rendered":"<p><\/p>\n","protected":false},"excerpt":{"rendered":"","protected":false},"featured_media":61067,"template":"","meta":{"_acf_changed":false},"product_brand":[4093],"product_cat":[3844,3792],"product_tag":[],"class_list":{"0":"post-64891","1":"product","2":"type-product","3":"status-publish","4":"has-post-thumbnail","6":"product_brand-eurika-urbonaviciute","7":"product_cat-all-art","8":"product_cat-paper-prints","10":"first","11":"instock","12":"purchasable","13":"product-type-simple"},"acf":[],"yoast_head":"<!-- This site is optimized with the Yoast SEO plugin v27.2 - https:\/\/yoast.com\/product\/yoast-seo-wordpress\/ -->\n<title>[P] Two angels<\/title>\n<meta name=\"description\" content=\"Famous Lithuanian artist and painter Eurika Urbonavi\u010di\u016bt\u0117 paintings and limited edition prints\" \/>\n<meta name=\"robots\" content=\"index, follow, max-snippet:-1, max-image-preview:large, max-video-preview:-1\" \/>\n<link rel=\"canonical\" href=\"https:\/\/luxart.com\/en\/paveikslai\/p-two-angels\/\" \/>\n<meta property=\"og:locale\" content=\"en_US\" \/>\n<meta property=\"og:type\" content=\"article\" \/>\n<meta property=\"og:title\" content=\"[P] Two angels\" \/>\n<meta property=\"og:description\" content=\"Famous Lithuanian artist and painter Eurika Urbonavi\u010di\u016bt\u0117 paintings and limited edition prints\" \/>\n<meta property=\"og:url\" content=\"https:\/\/luxart.com\/en\/paveikslai\/p-two-angels\/\" \/>\n<meta property=\"og:site_name\" content=\"Luxart\" \/>\n<meta property=\"article:modified_time\" content=\"2019-11-22T12:35:23+00:00\" \/>\n<meta property=\"og:image\" content=\"https:\/\/luxart.com\/wp-content\/uploads\/2015\/02\/products-Du-Angelai_150x50-1.jpg\" \/>\n\t<meta property=\"og:image:width\" content=\"1063\" \/>\n\t<meta property=\"og:image:height\" content=\"355\" \/>\n\t<meta property=\"og:image:type\" content=\"image\/jpeg\" \/>\n<meta name=\"twitter:card\" content=\"summary_large_image\" \/>\n<script type=\"application\/ld+json\" class=\"yoast-schema-graph\">{\"@context\":\"https:\/\/schema.org\",\"@graph\":[{\"@type\":\"WebPage\",\"@id\":\"https:\/\/luxart.com\/en\/paveikslai\/p-two-angels\/\",\"url\":\"https:\/\/luxart.com\/en\/paveikslai\/p-two-angels\/\",\"name\":\"[P] Two angels\",\"isPartOf\":{\"@id\":\"https:\/\/luxart.com\/en\/#website\"},\"primaryImageOfPage\":{\"@id\":\"https:\/\/luxart.com\/en\/paveikslai\/p-two-angels\/#primaryimage\"},\"image\":{\"@id\":\"https:\/\/luxart.com\/en\/paveikslai\/p-two-angels\/#primaryimage\"},\"thumbnailUrl\":\"https:\/\/luxart.com\/wp-content\/uploads\/2015\/02\/products-Du-Angelai_150x50-1.jpg\",\"datePublished\":\"2018-03-06T18:11:11+00:00\",\"dateModified\":\"2019-11-22T12:35:23+00:00\",\"description\":\"Famous Lithuanian artist and painter Eurika Urbonavi\u010di\u016bt\u0117 paintings and limited edition prints\",\"breadcrumb\":{\"@id\":\"https:\/\/luxart.com\/en\/paveikslai\/p-two-angels\/#breadcrumb\"},\"inLanguage\":\"en-US\",\"potentialAction\":[{\"@type\":\"ReadAction\",\"target\":[\"https:\/\/luxart.com\/en\/paveikslai\/p-two-angels\/\"]}]},{\"@type\":\"ImageObject\",\"inLanguage\":\"en-US\",\"@id\":\"https:\/\/luxart.com\/en\/paveikslai\/p-two-angels\/#primaryimage\",\"url\":\"https:\/\/luxart.com\/wp-content\/uploads\/2015\/02\/products-Du-Angelai_150x50-1.jpg\",\"contentUrl\":\"https:\/\/luxart.com\/wp-content\/uploads\/2015\/02\/products-Du-Angelai_150x50-1.jpg\",\"width\":1063,\"height\":355,\"caption\":\"[R] Two angels\"},{\"@type\":\"BreadcrumbList\",\"@id\":\"https:\/\/luxart.com\/en\/paveikslai\/p-two-angels\/#breadcrumb\",\"itemListElement\":[{\"@type\":\"ListItem\",\"position\":1,\"name\":\"Home\",\"item\":\"https:\/\/luxart.com\/en\/\"},{\"@type\":\"ListItem\",\"position\":2,\"name\":\"Discover Luxart.club Artworks\",\"item\":\"https:\/\/luxart.com\/en\/paintings\/\"},{\"@type\":\"ListItem\",\"position\":3,\"name\":\"[P] Two angels\"}]},{\"@type\":\"WebSite\",\"@id\":\"https:\/\/luxart.com\/en\/#website\",\"url\":\"https:\/\/luxart.com\/en\/\",\"name\":\"Luxart\",\"description\":\"Reproductions of paintings on canvas of the highest quality\",\"potentialAction\":[{\"@type\":\"SearchAction\",\"target\":{\"@type\":\"EntryPoint\",\"urlTemplate\":\"https:\/\/luxart.com\/en\/?s={search_term_string}\"},\"query-input\":{\"@type\":\"PropertyValueSpecification\",\"valueRequired\":true,\"valueName\":\"search_term_string\"}}],\"inLanguage\":\"en-US\"}]}<\/script>\n<!-- \/ Yoast SEO plugin. -->","yoast_head_json":{"title":"[P] Two angels","description":"Famous Lithuanian artist and painter Eurika Urbonavi\u010di\u016bt\u0117 paintings and limited edition prints","robots":{"index":"index","follow":"follow","max-snippet":"max-snippet:-1","max-image-preview":"max-image-preview:large","max-video-preview":"max-video-preview:-1"},"canonical":"https:\/\/luxart.com\/en\/paveikslai\/p-two-angels\/","og_locale":"en_US","og_type":"article","og_title":"[P] Two angels","og_description":"Famous Lithuanian artist and painter Eurika Urbonavi\u010di\u016bt\u0117 paintings and limited edition prints","og_url":"https:\/\/luxart.com\/en\/paveikslai\/p-two-angels\/","og_site_name":"Luxart","article_modified_time":"2019-11-22T12:35:23+00:00","og_image":[{"width":1063,"height":355,"url":"https:\/\/luxart.com\/wp-content\/uploads\/2015\/02\/products-Du-Angelai_150x50-1.jpg","type":"image\/jpeg"}],"twitter_card":"summary_large_image","schema":{"@context":"https:\/\/schema.org","@graph":[{"@type":"WebPage","@id":"https:\/\/luxart.com\/en\/paveikslai\/p-two-angels\/","url":"https:\/\/luxart.com\/en\/paveikslai\/p-two-angels\/","name":"[P] Two angels","isPartOf":{"@id":"https:\/\/luxart.com\/en\/#website"},"primaryImageOfPage":{"@id":"https:\/\/luxart.com\/en\/paveikslai\/p-two-angels\/#primaryimage"},"image":{"@id":"https:\/\/luxart.com\/en\/paveikslai\/p-two-angels\/#primaryimage"},"thumbnailUrl":"https:\/\/luxart.com\/wp-content\/uploads\/2015\/02\/products-Du-Angelai_150x50-1.jpg","datePublished":"2018-03-06T18:11:11+00:00","dateModified":"2019-11-22T12:35:23+00:00","description":"Famous Lithuanian artist and painter Eurika Urbonavi\u010di\u016bt\u0117 paintings and limited edition prints","breadcrumb":{"@id":"https:\/\/luxart.com\/en\/paveikslai\/p-two-angels\/#breadcrumb"},"inLanguage":"en-US","potentialAction":[{"@type":"ReadAction","target":["https:\/\/luxart.com\/en\/paveikslai\/p-two-angels\/"]}]},{"@type":"ImageObject","inLanguage":"en-US","@id":"https:\/\/luxart.com\/en\/paveikslai\/p-two-angels\/#primaryimage","url":"https:\/\/luxart.com\/wp-content\/uploads\/2015\/02\/products-Du-Angelai_150x50-1.jpg","contentUrl":"https:\/\/luxart.com\/wp-content\/uploads\/2015\/02\/products-Du-Angelai_150x50-1.jpg","width":1063,"height":355,"caption":"[R] Two angels"},{"@type":"BreadcrumbList","@id":"https:\/\/luxart.com\/en\/paveikslai\/p-two-angels\/#breadcrumb","itemListElement":[{"@type":"ListItem","position":1,"name":"Home","item":"https:\/\/luxart.com\/en\/"},{"@type":"ListItem","position":2,"name":"Discover Luxart.club Artworks","item":"https:\/\/luxart.com\/en\/paintings\/"},{"@type":"ListItem","position":3,"name":"[P] Two angels"}]},{"@type":"WebSite","@id":"https:\/\/luxart.com\/en\/#website","url":"https:\/\/luxart.com\/en\/","name":"Luxart","description":"Reproductions of paintings on canvas of the highest quality","potentialAction":[{"@type":"SearchAction","target":{"@type":"EntryPoint","urlTemplate":"https:\/\/luxart.com\/en\/?s={search_term_string}"},"query-input":{"@type":"PropertyValueSpecification","valueRequired":true,"valueName":"search_term_string"}}],"inLanguage":"en-US"}]}},"_links":{"self":[{"href":"https:\/\/luxart.com\/en\/wp-json\/wp\/v2\/product\/64891","targetHints":{"allow":["GET"]}}],"collection":[{"href":"https:\/\/luxart.com\/en\/wp-json\/wp\/v2\/product"}],"about":[{"href":"https:\/\/luxart.com\/en\/wp-json\/wp\/v2\/types\/product"}],"wp:featuredmedia":[{"embeddable":true,"href":"https:\/\/luxart.com\/en\/wp-json\/wp\/v2\/media\/61067"}],"wp:attachment":[{"href":"https:\/\/luxart.com\/en\/wp-json\/wp\/v2\/media?parent=64891"}],"wp:term":[{"taxonomy":"product_brand","embeddable":true,"href":"https:\/\/luxart.com\/en\/wp-json\/wp\/v2\/product_brand?post=64891"},{"taxonomy":"product_cat","embeddable":true,"href":"https:\/\/luxart.com\/en\/wp-json\/wp\/v2\/product_cat?post=64891"},{"taxonomy":"product_tag","embeddable":true,"href":"https:\/\/luxart.com\/en\/wp-json\/wp\/v2\/product_tag?post=64891"}],"curies":[{"name":"wp","href":"https:\/\/api.w.org\/{rel}","templated":true}]}}