{"id":66079,"date":"1994-05-22T13:14:55","date_gmt":"2018-05-22T13:14:55","guid":{"rendered":"http:\/\/luxart2.mantas.dev.reprezentuok.lt\/?post_type=product&#038;p=66079"},"modified":"2021-12-14T09:01:12","modified_gmt":"2021-12-14T09:01:12","slug":"r-prophet-i","status":"publish","type":"product","link":"https:\/\/luxart.com\/en\/paveikslai\/r-prophet-i\/","title":{"rendered":"[R] Prophet I"},"content":{"rendered":"","protected":false},"excerpt":{"rendered":"","protected":false},"featured_media":66081,"template":"","meta":{"_acf_changed":false},"product_brand":[4093],"product_cat":[3844,3696],"product_tag":[4178,4218],"class_list":{"0":"post-66079","1":"product","2":"type-product","3":"status-publish","4":"has-post-thumbnail","6":"product_brand-eurika-urbonaviciute","7":"product_cat-all-art","8":"product_cat-prints-on-canvas","9":"product_tag-eurika-urbonaviciute-en","10":"product_tag-prints-on-canvas-en","12":"first","13":"instock","14":"purchasable","15":"product-type-simple"},"acf":[],"yoast_head":"<!-- This site is optimized with the Yoast SEO plugin v27.2 - https:\/\/yoast.com\/product\/yoast-seo-wordpress\/ -->\n<title>[R] Prophet I<\/title>\n<meta name=\"description\" content=\"Famous Lithuanian artist and painter Eurika Urbonavi\u010di\u016bt\u0117 paintings and limited edition prints\" \/>\n<meta name=\"robots\" content=\"index, follow, max-snippet:-1, max-image-preview:large, max-video-preview:-1\" \/>\n<link rel=\"canonical\" href=\"https:\/\/luxart.com\/en\/paveikslai\/r-prophet-i\/\" \/>\n<meta property=\"og:locale\" content=\"en_US\" \/>\n<meta property=\"og:type\" content=\"article\" \/>\n<meta property=\"og:title\" content=\"[R] Prophet I\" \/>\n<meta property=\"og:description\" content=\"Famous Lithuanian artist and painter Eurika Urbonavi\u010di\u016bt\u0117 paintings and limited edition prints\" \/>\n<meta property=\"og:url\" content=\"https:\/\/luxart.com\/en\/paveikslai\/r-prophet-i\/\" \/>\n<meta property=\"og:site_name\" content=\"Luxart\" \/>\n<meta property=\"article:modified_time\" content=\"2021-12-14T09:01:12+00:00\" \/>\n<meta property=\"og:image\" content=\"https:\/\/luxart.com\/wp-content\/uploads\/2018\/05\/products-360-x-240-Pranasas-I-200-X-80--(150-x-60)-1.jpg\" \/>\n\t<meta property=\"og:image:width\" content=\"360\" \/>\n\t<meta property=\"og:image:height\" content=\"240\" \/>\n\t<meta property=\"og:image:type\" content=\"image\/jpeg\" \/>\n<meta name=\"twitter:card\" content=\"summary_large_image\" \/>\n<script type=\"application\/ld+json\" class=\"yoast-schema-graph\">{\"@context\":\"https:\/\/schema.org\",\"@graph\":[{\"@type\":\"WebPage\",\"@id\":\"https:\/\/luxart.com\/en\/paveikslai\/r-prophet-i\/\",\"url\":\"https:\/\/luxart.com\/en\/paveikslai\/r-prophet-i\/\",\"name\":\"[R] Prophet I\",\"isPartOf\":{\"@id\":\"https:\/\/luxart.com\/en\/#website\"},\"primaryImageOfPage\":{\"@id\":\"https:\/\/luxart.com\/en\/paveikslai\/r-prophet-i\/#primaryimage\"},\"image\":{\"@id\":\"https:\/\/luxart.com\/en\/paveikslai\/r-prophet-i\/#primaryimage\"},\"thumbnailUrl\":\"https:\/\/luxart.com\/wp-content\/uploads\/2018\/05\/products-sumazinta-Pranasas-I-200-X-80--(150-x-60)-1.jpg\",\"datePublished\":\"2018-05-22T13:14:55+00:00\",\"dateModified\":\"2021-12-14T09:01:12+00:00\",\"description\":\"Famous Lithuanian artist and painter Eurika Urbonavi\u010di\u016bt\u0117 paintings and limited edition prints\",\"breadcrumb\":{\"@id\":\"https:\/\/luxart.com\/en\/paveikslai\/r-prophet-i\/#breadcrumb\"},\"inLanguage\":\"en-US\",\"potentialAction\":[{\"@type\":\"ReadAction\",\"target\":[\"https:\/\/luxart.com\/en\/paveikslai\/r-prophet-i\/\"]}]},{\"@type\":\"ImageObject\",\"inLanguage\":\"en-US\",\"@id\":\"https:\/\/luxart.com\/en\/paveikslai\/r-prophet-i\/#primaryimage\",\"url\":\"https:\/\/luxart.com\/wp-content\/uploads\/2018\/05\/products-sumazinta-Pranasas-I-200-X-80--(150-x-60)-1.jpg\",\"contentUrl\":\"https:\/\/luxart.com\/wp-content\/uploads\/2018\/05\/products-sumazinta-Pranasas-I-200-X-80--(150-x-60)-1.jpg\",\"width\":400,\"height\":1000,\"caption\":\"[R] Prophet I\"},{\"@type\":\"BreadcrumbList\",\"@id\":\"https:\/\/luxart.com\/en\/paveikslai\/r-prophet-i\/#breadcrumb\",\"itemListElement\":[{\"@type\":\"ListItem\",\"position\":1,\"name\":\"Home\",\"item\":\"https:\/\/luxart.com\/en\/\"},{\"@type\":\"ListItem\",\"position\":2,\"name\":\"Discover Luxart.club Artworks\",\"item\":\"https:\/\/luxart.com\/en\/paintings\/\"},{\"@type\":\"ListItem\",\"position\":3,\"name\":\"[R] Prophet I\"}]},{\"@type\":\"WebSite\",\"@id\":\"https:\/\/luxart.com\/en\/#website\",\"url\":\"https:\/\/luxart.com\/en\/\",\"name\":\"Luxart\",\"description\":\"Reproductions of paintings on canvas of the highest quality\",\"potentialAction\":[{\"@type\":\"SearchAction\",\"target\":{\"@type\":\"EntryPoint\",\"urlTemplate\":\"https:\/\/luxart.com\/en\/?s={search_term_string}\"},\"query-input\":{\"@type\":\"PropertyValueSpecification\",\"valueRequired\":true,\"valueName\":\"search_term_string\"}}],\"inLanguage\":\"en-US\"}]}<\/script>\n<!-- \/ Yoast SEO plugin. -->","yoast_head_json":{"title":"[R] Prophet I","description":"Famous Lithuanian artist and painter Eurika Urbonavi\u010di\u016bt\u0117 paintings and limited edition prints","robots":{"index":"index","follow":"follow","max-snippet":"max-snippet:-1","max-image-preview":"max-image-preview:large","max-video-preview":"max-video-preview:-1"},"canonical":"https:\/\/luxart.com\/en\/paveikslai\/r-prophet-i\/","og_locale":"en_US","og_type":"article","og_title":"[R] Prophet I","og_description":"Famous Lithuanian artist and painter Eurika Urbonavi\u010di\u016bt\u0117 paintings and limited edition prints","og_url":"https:\/\/luxart.com\/en\/paveikslai\/r-prophet-i\/","og_site_name":"Luxart","article_modified_time":"2021-12-14T09:01:12+00:00","og_image":[{"width":360,"height":240,"url":"https:\/\/luxart.com\/wp-content\/uploads\/2018\/05\/products-360-x-240-Pranasas-I-200-X-80--(150-x-60)-1.jpg","type":"image\/jpeg"}],"twitter_card":"summary_large_image","schema":{"@context":"https:\/\/schema.org","@graph":[{"@type":"WebPage","@id":"https:\/\/luxart.com\/en\/paveikslai\/r-prophet-i\/","url":"https:\/\/luxart.com\/en\/paveikslai\/r-prophet-i\/","name":"[R] Prophet I","isPartOf":{"@id":"https:\/\/luxart.com\/en\/#website"},"primaryImageOfPage":{"@id":"https:\/\/luxart.com\/en\/paveikslai\/r-prophet-i\/#primaryimage"},"image":{"@id":"https:\/\/luxart.com\/en\/paveikslai\/r-prophet-i\/#primaryimage"},"thumbnailUrl":"https:\/\/luxart.com\/wp-content\/uploads\/2018\/05\/products-sumazinta-Pranasas-I-200-X-80--(150-x-60)-1.jpg","datePublished":"2018-05-22T13:14:55+00:00","dateModified":"2021-12-14T09:01:12+00:00","description":"Famous Lithuanian artist and painter Eurika Urbonavi\u010di\u016bt\u0117 paintings and limited edition prints","breadcrumb":{"@id":"https:\/\/luxart.com\/en\/paveikslai\/r-prophet-i\/#breadcrumb"},"inLanguage":"en-US","potentialAction":[{"@type":"ReadAction","target":["https:\/\/luxart.com\/en\/paveikslai\/r-prophet-i\/"]}]},{"@type":"ImageObject","inLanguage":"en-US","@id":"https:\/\/luxart.com\/en\/paveikslai\/r-prophet-i\/#primaryimage","url":"https:\/\/luxart.com\/wp-content\/uploads\/2018\/05\/products-sumazinta-Pranasas-I-200-X-80--(150-x-60)-1.jpg","contentUrl":"https:\/\/luxart.com\/wp-content\/uploads\/2018\/05\/products-sumazinta-Pranasas-I-200-X-80--(150-x-60)-1.jpg","width":400,"height":1000,"caption":"[R] Prophet I"},{"@type":"BreadcrumbList","@id":"https:\/\/luxart.com\/en\/paveikslai\/r-prophet-i\/#breadcrumb","itemListElement":[{"@type":"ListItem","position":1,"name":"Home","item":"https:\/\/luxart.com\/en\/"},{"@type":"ListItem","position":2,"name":"Discover Luxart.club Artworks","item":"https:\/\/luxart.com\/en\/paintings\/"},{"@type":"ListItem","position":3,"name":"[R] Prophet I"}]},{"@type":"WebSite","@id":"https:\/\/luxart.com\/en\/#website","url":"https:\/\/luxart.com\/en\/","name":"Luxart","description":"Reproductions of paintings on canvas of the highest quality","potentialAction":[{"@type":"SearchAction","target":{"@type":"EntryPoint","urlTemplate":"https:\/\/luxart.com\/en\/?s={search_term_string}"},"query-input":{"@type":"PropertyValueSpecification","valueRequired":true,"valueName":"search_term_string"}}],"inLanguage":"en-US"}]}},"_links":{"self":[{"href":"https:\/\/luxart.com\/en\/wp-json\/wp\/v2\/product\/66079","targetHints":{"allow":["GET"]}}],"collection":[{"href":"https:\/\/luxart.com\/en\/wp-json\/wp\/v2\/product"}],"about":[{"href":"https:\/\/luxart.com\/en\/wp-json\/wp\/v2\/types\/product"}],"wp:featuredmedia":[{"embeddable":true,"href":"https:\/\/luxart.com\/en\/wp-json\/wp\/v2\/media\/66081"}],"wp:attachment":[{"href":"https:\/\/luxart.com\/en\/wp-json\/wp\/v2\/media?parent=66079"}],"wp:term":[{"taxonomy":"product_brand","embeddable":true,"href":"https:\/\/luxart.com\/en\/wp-json\/wp\/v2\/product_brand?post=66079"},{"taxonomy":"product_cat","embeddable":true,"href":"https:\/\/luxart.com\/en\/wp-json\/wp\/v2\/product_cat?post=66079"},{"taxonomy":"product_tag","embeddable":true,"href":"https:\/\/luxart.com\/en\/wp-json\/wp\/v2\/product_tag?post=66079"}],"curies":[{"name":"wp","href":"https:\/\/api.w.org\/{rel}","templated":true}]}}