{"id":67721,"date":"2018-02-21T13:00:58","date_gmt":"2018-02-21T13:00:58","guid":{"rendered":"http:\/\/luxart2.mantas.dev.reprezentuok.lt\/?post_type=product&#038;p=67721"},"modified":"2024-08-12T19:59:50","modified_gmt":"2024-08-12T19:59:50","slug":"r-infinity-pool-ends-here-2","status":"publish","type":"product","link":"https:\/\/luxart.com\/en\/paveikslai\/r-infinity-pool-ends-here-2\/","title":{"rendered":"[R] Infinity Pool Ends Here"},"content":{"rendered":"<p>\u00ab All Krisciunas prints are signed and numbered by artist himself.<br \/>\n\u00ab Prints are sold in limited edition (by author agreement).<br \/>\n\u00ab Purchasing\u00a0 reproduction you support original artist.<br \/>\n\u00ab Before ordering print on canvas you can choose optimal format for your home (bigger or smaller).<br \/>\n\u00ab Prints can be made on museum quality paper. For more info contact us info@luxart-wp.mantas.dev.reprezentuok.lt<br \/>\n<strong>Prices:<\/strong><br \/>\n[70 x 100 cm] \u20ac175<br \/>\n[80 x 115 cm] \u20ac230<br \/>\n[90 x 125 cm] \u20ac260<br \/>\n[100 x 140 cm] \u20ac325<br \/>\n[120 x 170 cm] \u20ac470<\/p>\n","protected":false},"excerpt":{"rendered":"<p>\u00ab All Krisciunas prints are signed and numbered by artist himself. \u00ab Prints are sold in limited edition (by author agreement). \u00ab Purchasing\u00a0 reproduction you support original artist. \u00ab Before ordering print on canvas you can choose optimal format for your home (bigger or smaller). \u00ab Prints can be made on museum quality paper. For&#8230;<\/p>\n","protected":false},"featured_media":67723,"template":"","meta":{"_acf_changed":false},"product_brand":[4118],"product_cat":[3844,3696],"product_tag":[4216,4280],"class_list":{"0":"post-67721","1":"product","2":"type-product","3":"status-publish","4":"has-post-thumbnail","6":"product_brand-algis-krisciunas","7":"product_cat-all-art","8":"product_cat-prints-on-canvas","9":"product_tag-algis-krisciunas-en","10":"product_tag-giclee-prints-en","12":"first","13":"instock","14":"purchasable","15":"product-type-simple"},"acf":[],"yoast_head":"<!-- This site is optimized with the Yoast SEO plugin v27.3 - https:\/\/yoast.com\/product\/yoast-seo-wordpress\/ -->\n<title>[R] Infinity Pool Ends Here<\/title>\n<meta name=\"description\" content=\"Algis Kri\u0161\u010di\u016bnas pop art giclee prints on canvas slightly pained on top\" \/>\n<meta name=\"robots\" content=\"index, follow, max-snippet:-1, max-image-preview:large, max-video-preview:-1\" \/>\n<link rel=\"canonical\" href=\"https:\/\/luxart.com\/en\/paveikslai\/r-infinity-pool-ends-here-2\/\" \/>\n<meta property=\"og:locale\" content=\"en_US\" \/>\n<meta property=\"og:type\" content=\"article\" \/>\n<meta property=\"og:title\" content=\"[R] Infinity Pool Ends Here\" \/>\n<meta property=\"og:description\" content=\"Algis Kri\u0161\u010di\u016bnas pop art giclee prints on canvas slightly pained on top\" \/>\n<meta property=\"og:url\" content=\"https:\/\/luxart.com\/en\/paveikslai\/r-infinity-pool-ends-here-2\/\" \/>\n<meta property=\"og:site_name\" content=\"Luxart\" \/>\n<meta property=\"article:modified_time\" content=\"2024-08-12T19:59:50+00:00\" \/>\n<meta property=\"og:image\" content=\"https:\/\/luxart.com\/wp-content\/uploads\/2019\/02\/products-Infinity-Pool-Ends-here---Algis-Krisciunas-s-1.jpg\" \/>\n\t<meta property=\"og:image:width\" content=\"1000\" \/>\n\t<meta property=\"og:image:height\" content=\"716\" \/>\n\t<meta property=\"og:image:type\" content=\"image\/jpeg\" \/>\n<meta name=\"twitter:card\" content=\"summary_large_image\" \/>\n<script type=\"application\/ld+json\" class=\"yoast-schema-graph\">{\"@context\":\"https:\\\/\\\/schema.org\",\"@graph\":[{\"@type\":\"WebPage\",\"@id\":\"https:\\\/\\\/luxart.com\\\/en\\\/paveikslai\\\/r-infinity-pool-ends-here-2\\\/\",\"url\":\"https:\\\/\\\/luxart.com\\\/en\\\/paveikslai\\\/r-infinity-pool-ends-here-2\\\/\",\"name\":\"[R] Infinity Pool Ends Here\",\"isPartOf\":{\"@id\":\"https:\\\/\\\/luxart.com\\\/en\\\/#website\"},\"primaryImageOfPage\":{\"@id\":\"https:\\\/\\\/luxart.com\\\/en\\\/paveikslai\\\/r-infinity-pool-ends-here-2\\\/#primaryimage\"},\"image\":{\"@id\":\"https:\\\/\\\/luxart.com\\\/en\\\/paveikslai\\\/r-infinity-pool-ends-here-2\\\/#primaryimage\"},\"thumbnailUrl\":\"https:\\\/\\\/luxart.com\\\/wp-content\\\/uploads\\\/2019\\\/02\\\/products-Infinity-Pool-Ends-here---Algis-Krisciunas-s-1.jpg\",\"datePublished\":\"2018-02-21T13:00:58+00:00\",\"dateModified\":\"2024-08-12T19:59:50+00:00\",\"description\":\"Algis Kri\u0161\u010di\u016bnas pop art giclee prints on canvas slightly pained on top\",\"breadcrumb\":{\"@id\":\"https:\\\/\\\/luxart.com\\\/en\\\/paveikslai\\\/r-infinity-pool-ends-here-2\\\/#breadcrumb\"},\"inLanguage\":\"en-US\",\"potentialAction\":[{\"@type\":\"ReadAction\",\"target\":[\"https:\\\/\\\/luxart.com\\\/en\\\/paveikslai\\\/r-infinity-pool-ends-here-2\\\/\"]}]},{\"@type\":\"ImageObject\",\"inLanguage\":\"en-US\",\"@id\":\"https:\\\/\\\/luxart.com\\\/en\\\/paveikslai\\\/r-infinity-pool-ends-here-2\\\/#primaryimage\",\"url\":\"https:\\\/\\\/luxart.com\\\/wp-content\\\/uploads\\\/2019\\\/02\\\/products-Infinity-Pool-Ends-here---Algis-Krisciunas-s-1.jpg\",\"contentUrl\":\"https:\\\/\\\/luxart.com\\\/wp-content\\\/uploads\\\/2019\\\/02\\\/products-Infinity-Pool-Ends-here---Algis-Krisciunas-s-1.jpg\",\"width\":1000,\"height\":716,\"caption\":\"[R] Infinity Pool Ends Here\"},{\"@type\":\"BreadcrumbList\",\"@id\":\"https:\\\/\\\/luxart.com\\\/en\\\/paveikslai\\\/r-infinity-pool-ends-here-2\\\/#breadcrumb\",\"itemListElement\":[{\"@type\":\"ListItem\",\"position\":1,\"name\":\"Home\",\"item\":\"https:\\\/\\\/luxart.com\\\/en\\\/\"},{\"@type\":\"ListItem\",\"position\":2,\"name\":\"Discover Luxart.club Artworks\",\"item\":\"https:\\\/\\\/luxart.com\\\/en\\\/paintings\\\/\"},{\"@type\":\"ListItem\",\"position\":3,\"name\":\"[R] Infinity Pool Ends Here\"}]},{\"@type\":\"WebSite\",\"@id\":\"https:\\\/\\\/luxart.com\\\/en\\\/#website\",\"url\":\"https:\\\/\\\/luxart.com\\\/en\\\/\",\"name\":\"Luxart\",\"description\":\"Reproductions of paintings on canvas of the highest quality\",\"potentialAction\":[{\"@type\":\"SearchAction\",\"target\":{\"@type\":\"EntryPoint\",\"urlTemplate\":\"https:\\\/\\\/luxart.com\\\/en\\\/?s={search_term_string}\"},\"query-input\":{\"@type\":\"PropertyValueSpecification\",\"valueRequired\":true,\"valueName\":\"search_term_string\"}}],\"inLanguage\":\"en-US\"}]}<\/script>\n<!-- \/ Yoast SEO plugin. -->","yoast_head_json":{"title":"[R] Infinity Pool Ends Here","description":"Algis Kri\u0161\u010di\u016bnas pop art giclee prints on canvas slightly pained on top","robots":{"index":"index","follow":"follow","max-snippet":"max-snippet:-1","max-image-preview":"max-image-preview:large","max-video-preview":"max-video-preview:-1"},"canonical":"https:\/\/luxart.com\/en\/paveikslai\/r-infinity-pool-ends-here-2\/","og_locale":"en_US","og_type":"article","og_title":"[R] Infinity Pool Ends Here","og_description":"Algis Kri\u0161\u010di\u016bnas pop art giclee prints on canvas slightly pained on top","og_url":"https:\/\/luxart.com\/en\/paveikslai\/r-infinity-pool-ends-here-2\/","og_site_name":"Luxart","article_modified_time":"2024-08-12T19:59:50+00:00","og_image":[{"width":1000,"height":716,"url":"https:\/\/luxart.com\/wp-content\/uploads\/2019\/02\/products-Infinity-Pool-Ends-here---Algis-Krisciunas-s-1.jpg","type":"image\/jpeg"}],"twitter_card":"summary_large_image","schema":{"@context":"https:\/\/schema.org","@graph":[{"@type":"WebPage","@id":"https:\/\/luxart.com\/en\/paveikslai\/r-infinity-pool-ends-here-2\/","url":"https:\/\/luxart.com\/en\/paveikslai\/r-infinity-pool-ends-here-2\/","name":"[R] Infinity Pool Ends Here","isPartOf":{"@id":"https:\/\/luxart.com\/en\/#website"},"primaryImageOfPage":{"@id":"https:\/\/luxart.com\/en\/paveikslai\/r-infinity-pool-ends-here-2\/#primaryimage"},"image":{"@id":"https:\/\/luxart.com\/en\/paveikslai\/r-infinity-pool-ends-here-2\/#primaryimage"},"thumbnailUrl":"https:\/\/luxart.com\/wp-content\/uploads\/2019\/02\/products-Infinity-Pool-Ends-here---Algis-Krisciunas-s-1.jpg","datePublished":"2018-02-21T13:00:58+00:00","dateModified":"2024-08-12T19:59:50+00:00","description":"Algis Kri\u0161\u010di\u016bnas pop art giclee prints on canvas slightly pained on top","breadcrumb":{"@id":"https:\/\/luxart.com\/en\/paveikslai\/r-infinity-pool-ends-here-2\/#breadcrumb"},"inLanguage":"en-US","potentialAction":[{"@type":"ReadAction","target":["https:\/\/luxart.com\/en\/paveikslai\/r-infinity-pool-ends-here-2\/"]}]},{"@type":"ImageObject","inLanguage":"en-US","@id":"https:\/\/luxart.com\/en\/paveikslai\/r-infinity-pool-ends-here-2\/#primaryimage","url":"https:\/\/luxart.com\/wp-content\/uploads\/2019\/02\/products-Infinity-Pool-Ends-here---Algis-Krisciunas-s-1.jpg","contentUrl":"https:\/\/luxart.com\/wp-content\/uploads\/2019\/02\/products-Infinity-Pool-Ends-here---Algis-Krisciunas-s-1.jpg","width":1000,"height":716,"caption":"[R] Infinity Pool Ends Here"},{"@type":"BreadcrumbList","@id":"https:\/\/luxart.com\/en\/paveikslai\/r-infinity-pool-ends-here-2\/#breadcrumb","itemListElement":[{"@type":"ListItem","position":1,"name":"Home","item":"https:\/\/luxart.com\/en\/"},{"@type":"ListItem","position":2,"name":"Discover Luxart.club Artworks","item":"https:\/\/luxart.com\/en\/paintings\/"},{"@type":"ListItem","position":3,"name":"[R] Infinity Pool Ends Here"}]},{"@type":"WebSite","@id":"https:\/\/luxart.com\/en\/#website","url":"https:\/\/luxart.com\/en\/","name":"Luxart","description":"Reproductions of paintings on canvas of the highest quality","potentialAction":[{"@type":"SearchAction","target":{"@type":"EntryPoint","urlTemplate":"https:\/\/luxart.com\/en\/?s={search_term_string}"},"query-input":{"@type":"PropertyValueSpecification","valueRequired":true,"valueName":"search_term_string"}}],"inLanguage":"en-US"}]}},"_links":{"self":[{"href":"https:\/\/luxart.com\/en\/wp-json\/wp\/v2\/product\/67721","targetHints":{"allow":["GET"]}}],"collection":[{"href":"https:\/\/luxart.com\/en\/wp-json\/wp\/v2\/product"}],"about":[{"href":"https:\/\/luxart.com\/en\/wp-json\/wp\/v2\/types\/product"}],"wp:featuredmedia":[{"embeddable":true,"href":"https:\/\/luxart.com\/en\/wp-json\/wp\/v2\/media\/67723"}],"wp:attachment":[{"href":"https:\/\/luxart.com\/en\/wp-json\/wp\/v2\/media?parent=67721"}],"wp:term":[{"taxonomy":"product_brand","embeddable":true,"href":"https:\/\/luxart.com\/en\/wp-json\/wp\/v2\/product_brand?post=67721"},{"taxonomy":"product_cat","embeddable":true,"href":"https:\/\/luxart.com\/en\/wp-json\/wp\/v2\/product_cat?post=67721"},{"taxonomy":"product_tag","embeddable":true,"href":"https:\/\/luxart.com\/en\/wp-json\/wp\/v2\/product_tag?post=67721"}],"curies":[{"name":"wp","href":"https:\/\/api.w.org\/{rel}","templated":true}]}}