{"id":68421,"date":"2002-03-24T21:10:16","date_gmt":"2019-03-24T21:10:16","guid":{"rendered":"http:\/\/luxart2.mantas.dev.reprezentuok.lt\/?post_type=product&#038;p=68421"},"modified":"2021-12-14T15:48:46","modified_gmt":"2021-12-14T15:48:46","slug":"r-dialogue","status":"publish","type":"product","link":"https:\/\/luxart.com\/en\/paveikslai\/r-dialogue\/","title":{"rendered":"[R] Dialogue"},"content":{"rendered":"","protected":false},"excerpt":{"rendered":"","protected":false},"featured_media":68423,"template":"","meta":{"_acf_changed":false},"product_brand":[4097],"product_cat":[3844,3696],"product_tag":[4218],"class_list":{"0":"post-68421","1":"product","2":"type-product","3":"status-publish","4":"has-post-thumbnail","6":"product_brand-arunas-zilys","7":"product_cat-all-art","8":"product_cat-prints-on-canvas","9":"product_tag-prints-on-canvas-en","11":"first","12":"instock","13":"purchasable","14":"product-type-simple"},"acf":[],"yoast_head":"<!-- This site is optimized with the Yoast SEO plugin v27.3 - https:\/\/yoast.com\/product\/yoast-seo-wordpress\/ -->\n<title>[R] Dialogue<\/title>\n<meta name=\"description\" content=\"Tapytojas Ar\u016bnas \u017dilys, Dailininkas Ar\u016bnas \u017dilys, Ar\u016bno \u017dilio angelai\" \/>\n<meta name=\"robots\" content=\"index, follow, max-snippet:-1, max-image-preview:large, max-video-preview:-1\" \/>\n<link rel=\"canonical\" href=\"https:\/\/luxart.com\/en\/paveikslai\/r-dialogue\/\" \/>\n<meta property=\"og:locale\" content=\"en_US\" \/>\n<meta property=\"og:type\" content=\"article\" \/>\n<meta property=\"og:title\" content=\"[R] Dialogue\" \/>\n<meta property=\"og:description\" content=\"Tapytojas Ar\u016bnas \u017dilys, Dailininkas Ar\u016bnas \u017dilys, Ar\u016bno \u017dilio angelai\" \/>\n<meta property=\"og:url\" content=\"https:\/\/luxart.com\/en\/paveikslai\/r-dialogue\/\" \/>\n<meta property=\"og:site_name\" content=\"Luxart\" \/>\n<meta property=\"article:modified_time\" content=\"2021-12-14T15:48:46+00:00\" \/>\n<meta property=\"og:image\" content=\"https:\/\/luxart.com\/wp-content\/uploads\/2019\/03\/products-Dialogas----arunas-zilys-1.jpg\" \/>\n\t<meta property=\"og:image:width\" content=\"360\" \/>\n\t<meta property=\"og:image:height\" content=\"240\" \/>\n\t<meta property=\"og:image:type\" content=\"image\/jpeg\" \/>\n<meta name=\"twitter:card\" content=\"summary_large_image\" \/>\n<script type=\"application\/ld+json\" class=\"yoast-schema-graph\">{\"@context\":\"https:\\\/\\\/schema.org\",\"@graph\":[{\"@type\":\"WebPage\",\"@id\":\"https:\\\/\\\/luxart.com\\\/en\\\/paveikslai\\\/r-dialogue\\\/\",\"url\":\"https:\\\/\\\/luxart.com\\\/en\\\/paveikslai\\\/r-dialogue\\\/\",\"name\":\"[R] Dialogue\",\"isPartOf\":{\"@id\":\"https:\\\/\\\/luxart.com\\\/en\\\/#website\"},\"primaryImageOfPage\":{\"@id\":\"https:\\\/\\\/luxart.com\\\/en\\\/paveikslai\\\/r-dialogue\\\/#primaryimage\"},\"image\":{\"@id\":\"https:\\\/\\\/luxart.com\\\/en\\\/paveikslai\\\/r-dialogue\\\/#primaryimage\"},\"thumbnailUrl\":\"https:\\\/\\\/luxart.com\\\/wp-content\\\/uploads\\\/2019\\\/03\\\/products-Dialogas---arunas-zilys-120x85-135x100--s-1.jpg\",\"datePublished\":\"2019-03-24T21:10:16+00:00\",\"dateModified\":\"2021-12-14T15:48:46+00:00\",\"description\":\"Tapytojas Ar\u016bnas \u017dilys, Dailininkas Ar\u016bnas \u017dilys, Ar\u016bno \u017dilio angelai\",\"breadcrumb\":{\"@id\":\"https:\\\/\\\/luxart.com\\\/en\\\/paveikslai\\\/r-dialogue\\\/#breadcrumb\"},\"inLanguage\":\"en-US\",\"potentialAction\":[{\"@type\":\"ReadAction\",\"target\":[\"https:\\\/\\\/luxart.com\\\/en\\\/paveikslai\\\/r-dialogue\\\/\"]}]},{\"@type\":\"ImageObject\",\"inLanguage\":\"en-US\",\"@id\":\"https:\\\/\\\/luxart.com\\\/en\\\/paveikslai\\\/r-dialogue\\\/#primaryimage\",\"url\":\"https:\\\/\\\/luxart.com\\\/wp-content\\\/uploads\\\/2019\\\/03\\\/products-Dialogas---arunas-zilys-120x85-135x100--s-1.jpg\",\"contentUrl\":\"https:\\\/\\\/luxart.com\\\/wp-content\\\/uploads\\\/2019\\\/03\\\/products-Dialogas---arunas-zilys-120x85-135x100--s-1.jpg\",\"width\":960,\"height\":697,\"caption\":\"[R] Dialogue\"},{\"@type\":\"BreadcrumbList\",\"@id\":\"https:\\\/\\\/luxart.com\\\/en\\\/paveikslai\\\/r-dialogue\\\/#breadcrumb\",\"itemListElement\":[{\"@type\":\"ListItem\",\"position\":1,\"name\":\"Home\",\"item\":\"https:\\\/\\\/luxart.com\\\/en\\\/\"},{\"@type\":\"ListItem\",\"position\":2,\"name\":\"Discover Luxart.club Artworks\",\"item\":\"https:\\\/\\\/luxart.com\\\/en\\\/paintings\\\/\"},{\"@type\":\"ListItem\",\"position\":3,\"name\":\"[R] Dialogue\"}]},{\"@type\":\"WebSite\",\"@id\":\"https:\\\/\\\/luxart.com\\\/en\\\/#website\",\"url\":\"https:\\\/\\\/luxart.com\\\/en\\\/\",\"name\":\"Luxart\",\"description\":\"Reproductions of paintings on canvas of the highest quality\",\"potentialAction\":[{\"@type\":\"SearchAction\",\"target\":{\"@type\":\"EntryPoint\",\"urlTemplate\":\"https:\\\/\\\/luxart.com\\\/en\\\/?s={search_term_string}\"},\"query-input\":{\"@type\":\"PropertyValueSpecification\",\"valueRequired\":true,\"valueName\":\"search_term_string\"}}],\"inLanguage\":\"en-US\"}]}<\/script>\n<!-- \/ Yoast SEO plugin. -->","yoast_head_json":{"title":"[R] Dialogue","description":"Tapytojas Ar\u016bnas \u017dilys, Dailininkas Ar\u016bnas \u017dilys, Ar\u016bno \u017dilio angelai","robots":{"index":"index","follow":"follow","max-snippet":"max-snippet:-1","max-image-preview":"max-image-preview:large","max-video-preview":"max-video-preview:-1"},"canonical":"https:\/\/luxart.com\/en\/paveikslai\/r-dialogue\/","og_locale":"en_US","og_type":"article","og_title":"[R] Dialogue","og_description":"Tapytojas Ar\u016bnas \u017dilys, Dailininkas Ar\u016bnas \u017dilys, Ar\u016bno \u017dilio angelai","og_url":"https:\/\/luxart.com\/en\/paveikslai\/r-dialogue\/","og_site_name":"Luxart","article_modified_time":"2021-12-14T15:48:46+00:00","og_image":[{"width":360,"height":240,"url":"https:\/\/luxart.com\/wp-content\/uploads\/2019\/03\/products-Dialogas----arunas-zilys-1.jpg","type":"image\/jpeg"}],"twitter_card":"summary_large_image","schema":{"@context":"https:\/\/schema.org","@graph":[{"@type":"WebPage","@id":"https:\/\/luxart.com\/en\/paveikslai\/r-dialogue\/","url":"https:\/\/luxart.com\/en\/paveikslai\/r-dialogue\/","name":"[R] Dialogue","isPartOf":{"@id":"https:\/\/luxart.com\/en\/#website"},"primaryImageOfPage":{"@id":"https:\/\/luxart.com\/en\/paveikslai\/r-dialogue\/#primaryimage"},"image":{"@id":"https:\/\/luxart.com\/en\/paveikslai\/r-dialogue\/#primaryimage"},"thumbnailUrl":"https:\/\/luxart.com\/wp-content\/uploads\/2019\/03\/products-Dialogas---arunas-zilys-120x85-135x100--s-1.jpg","datePublished":"2019-03-24T21:10:16+00:00","dateModified":"2021-12-14T15:48:46+00:00","description":"Tapytojas Ar\u016bnas \u017dilys, Dailininkas Ar\u016bnas \u017dilys, Ar\u016bno \u017dilio angelai","breadcrumb":{"@id":"https:\/\/luxart.com\/en\/paveikslai\/r-dialogue\/#breadcrumb"},"inLanguage":"en-US","potentialAction":[{"@type":"ReadAction","target":["https:\/\/luxart.com\/en\/paveikslai\/r-dialogue\/"]}]},{"@type":"ImageObject","inLanguage":"en-US","@id":"https:\/\/luxart.com\/en\/paveikslai\/r-dialogue\/#primaryimage","url":"https:\/\/luxart.com\/wp-content\/uploads\/2019\/03\/products-Dialogas---arunas-zilys-120x85-135x100--s-1.jpg","contentUrl":"https:\/\/luxart.com\/wp-content\/uploads\/2019\/03\/products-Dialogas---arunas-zilys-120x85-135x100--s-1.jpg","width":960,"height":697,"caption":"[R] Dialogue"},{"@type":"BreadcrumbList","@id":"https:\/\/luxart.com\/en\/paveikslai\/r-dialogue\/#breadcrumb","itemListElement":[{"@type":"ListItem","position":1,"name":"Home","item":"https:\/\/luxart.com\/en\/"},{"@type":"ListItem","position":2,"name":"Discover Luxart.club Artworks","item":"https:\/\/luxart.com\/en\/paintings\/"},{"@type":"ListItem","position":3,"name":"[R] Dialogue"}]},{"@type":"WebSite","@id":"https:\/\/luxart.com\/en\/#website","url":"https:\/\/luxart.com\/en\/","name":"Luxart","description":"Reproductions of paintings on canvas of the highest quality","potentialAction":[{"@type":"SearchAction","target":{"@type":"EntryPoint","urlTemplate":"https:\/\/luxart.com\/en\/?s={search_term_string}"},"query-input":{"@type":"PropertyValueSpecification","valueRequired":true,"valueName":"search_term_string"}}],"inLanguage":"en-US"}]}},"_links":{"self":[{"href":"https:\/\/luxart.com\/en\/wp-json\/wp\/v2\/product\/68421","targetHints":{"allow":["GET"]}}],"collection":[{"href":"https:\/\/luxart.com\/en\/wp-json\/wp\/v2\/product"}],"about":[{"href":"https:\/\/luxart.com\/en\/wp-json\/wp\/v2\/types\/product"}],"wp:featuredmedia":[{"embeddable":true,"href":"https:\/\/luxart.com\/en\/wp-json\/wp\/v2\/media\/68423"}],"wp:attachment":[{"href":"https:\/\/luxart.com\/en\/wp-json\/wp\/v2\/media?parent=68421"}],"wp:term":[{"taxonomy":"product_brand","embeddable":true,"href":"https:\/\/luxart.com\/en\/wp-json\/wp\/v2\/product_brand?post=68421"},{"taxonomy":"product_cat","embeddable":true,"href":"https:\/\/luxart.com\/en\/wp-json\/wp\/v2\/product_cat?post=68421"},{"taxonomy":"product_tag","embeddable":true,"href":"https:\/\/luxart.com\/en\/wp-json\/wp\/v2\/product_tag?post=68421"}],"curies":[{"name":"wp","href":"https:\/\/api.w.org\/{rel}","templated":true}]}}