{"id":71757,"date":"2007-06-15T12:35:49","date_gmt":"2020-06-15T12:35:49","guid":{"rendered":"http:\/\/luxart2.mantas.dev.reprezentuok.lt\/?post_type=product&#038;p=71757"},"modified":"2025-02-23T20:54:45","modified_gmt":"2025-02-23T20:54:45","slug":"r-how-i-traveled-with-myself-in-search-of-myself","status":"publish","type":"product","link":"https:\/\/luxart.com\/en\/paveikslai\/r-how-i-traveled-with-myself-in-search-of-myself\/","title":{"rendered":"[R] How I traveled with myself in search of myself"},"content":{"rendered":"","protected":false},"excerpt":{"rendered":"","protected":false},"featured_media":71759,"template":"","meta":{"_acf_changed":false},"product_brand":[4100],"product_cat":[3844,3696],"product_tag":[4313,4312,4314],"class_list":{"0":"post-71757","1":"product","2":"type-product","3":"status-publish","4":"has-post-thumbnail","6":"product_brand-indra-grusaite","7":"product_cat-all-art","8":"product_cat-prints-on-canvas","9":"product_tag-giclee-prints-on-canvas-en","10":"product_tag-indra-grusaite-en","11":"product_tag-indra-grusaite-giclee-en","13":"first","14":"instock","15":"purchasable","16":"product-type-simple"},"acf":[],"yoast_head":"<!-- This site is optimized with the Yoast SEO plugin v27.2 - https:\/\/yoast.com\/product\/yoast-seo-wordpress\/ -->\n<title>[R] How I traveled with myself in search of myself<\/title>\n<meta name=\"description\" content=\"Famous Lithuanian artist and painter Indra Gru\u0161ait\u0117 paintings and reproductions, giclee\" \/>\n<meta name=\"robots\" content=\"index, follow, max-snippet:-1, max-image-preview:large, max-video-preview:-1\" \/>\n<link rel=\"canonical\" href=\"https:\/\/luxart.com\/en\/paveikslai\/r-how-i-traveled-with-myself-in-search-of-myself\/\" \/>\n<meta property=\"og:locale\" content=\"en_US\" \/>\n<meta property=\"og:type\" content=\"article\" \/>\n<meta property=\"og:title\" content=\"[R] How I traveled with myself in search of myself\" \/>\n<meta property=\"og:description\" content=\"Famous Lithuanian artist and painter Indra Gru\u0161ait\u0117 paintings and reproductions, giclee\" \/>\n<meta property=\"og:url\" content=\"https:\/\/luxart.com\/en\/paveikslai\/r-how-i-traveled-with-myself-in-search-of-myself\/\" \/>\n<meta property=\"og:site_name\" content=\"Luxart\" \/>\n<meta property=\"article:modified_time\" content=\"2025-02-23T20:54:45+00:00\" \/>\n<meta property=\"og:image\" content=\"https:\/\/luxart.com\/wp-content\/uploads\/2020\/06\/products-Kaip-a\u0161-su-savimi-keliavau-sav\u0119s-ie\u0161koti---Indra-Grusaite-s-1.jpg\" \/>\n\t<meta property=\"og:image:width\" content=\"1000\" \/>\n\t<meta property=\"og:image:height\" content=\"804\" \/>\n\t<meta property=\"og:image:type\" content=\"image\/jpeg\" \/>\n<meta name=\"twitter:card\" content=\"summary_large_image\" \/>\n<script type=\"application\/ld+json\" class=\"yoast-schema-graph\">{\"@context\":\"https:\/\/schema.org\",\"@graph\":[{\"@type\":\"WebPage\",\"@id\":\"https:\/\/luxart.com\/en\/paveikslai\/r-how-i-traveled-with-myself-in-search-of-myself\/\",\"url\":\"https:\/\/luxart.com\/en\/paveikslai\/r-how-i-traveled-with-myself-in-search-of-myself\/\",\"name\":\"[R] How I traveled with myself in search of myself\",\"isPartOf\":{\"@id\":\"https:\/\/luxart.com\/en\/#website\"},\"primaryImageOfPage\":{\"@id\":\"https:\/\/luxart.com\/en\/paveikslai\/r-how-i-traveled-with-myself-in-search-of-myself\/#primaryimage\"},\"image\":{\"@id\":\"https:\/\/luxart.com\/en\/paveikslai\/r-how-i-traveled-with-myself-in-search-of-myself\/#primaryimage\"},\"thumbnailUrl\":\"https:\/\/luxart.com\/wp-content\/uploads\/2020\/06\/products-Kaip-a\u0161-su-savimi-keliavau-sav\u0119s-ie\u0161koti---Indra-Grusaite-s-1.jpg\",\"datePublished\":\"2020-06-15T12:35:49+00:00\",\"dateModified\":\"2025-02-23T20:54:45+00:00\",\"description\":\"Famous Lithuanian artist and painter Indra Gru\u0161ait\u0117 paintings and reproductions, giclee\",\"breadcrumb\":{\"@id\":\"https:\/\/luxart.com\/en\/paveikslai\/r-how-i-traveled-with-myself-in-search-of-myself\/#breadcrumb\"},\"inLanguage\":\"en-US\",\"potentialAction\":[{\"@type\":\"ReadAction\",\"target\":[\"https:\/\/luxart.com\/en\/paveikslai\/r-how-i-traveled-with-myself-in-search-of-myself\/\"]}]},{\"@type\":\"ImageObject\",\"inLanguage\":\"en-US\",\"@id\":\"https:\/\/luxart.com\/en\/paveikslai\/r-how-i-traveled-with-myself-in-search-of-myself\/#primaryimage\",\"url\":\"https:\/\/luxart.com\/wp-content\/uploads\/2020\/06\/products-Kaip-a\u0161-su-savimi-keliavau-sav\u0119s-ie\u0161koti---Indra-Grusaite-s-1.jpg\",\"contentUrl\":\"https:\/\/luxart.com\/wp-content\/uploads\/2020\/06\/products-Kaip-a\u0161-su-savimi-keliavau-sav\u0119s-ie\u0161koti---Indra-Grusaite-s-1.jpg\",\"width\":1000,\"height\":804,\"caption\":\"[R] How I traveled with myself in search of myself\"},{\"@type\":\"BreadcrumbList\",\"@id\":\"https:\/\/luxart.com\/en\/paveikslai\/r-how-i-traveled-with-myself-in-search-of-myself\/#breadcrumb\",\"itemListElement\":[{\"@type\":\"ListItem\",\"position\":1,\"name\":\"Home\",\"item\":\"https:\/\/luxart.com\/en\/\"},{\"@type\":\"ListItem\",\"position\":2,\"name\":\"Discover Luxart.club Artworks\",\"item\":\"https:\/\/luxart.com\/en\/paintings\/\"},{\"@type\":\"ListItem\",\"position\":3,\"name\":\"[R] How I traveled with myself in search of myself\"}]},{\"@type\":\"WebSite\",\"@id\":\"https:\/\/luxart.com\/en\/#website\",\"url\":\"https:\/\/luxart.com\/en\/\",\"name\":\"Luxart\",\"description\":\"Reproductions of paintings on canvas of the highest quality\",\"potentialAction\":[{\"@type\":\"SearchAction\",\"target\":{\"@type\":\"EntryPoint\",\"urlTemplate\":\"https:\/\/luxart.com\/en\/?s={search_term_string}\"},\"query-input\":{\"@type\":\"PropertyValueSpecification\",\"valueRequired\":true,\"valueName\":\"search_term_string\"}}],\"inLanguage\":\"en-US\"}]}<\/script>\n<!-- \/ Yoast SEO plugin. -->","yoast_head_json":{"title":"[R] How I traveled with myself in search of myself","description":"Famous Lithuanian artist and painter Indra Gru\u0161ait\u0117 paintings and reproductions, giclee","robots":{"index":"index","follow":"follow","max-snippet":"max-snippet:-1","max-image-preview":"max-image-preview:large","max-video-preview":"max-video-preview:-1"},"canonical":"https:\/\/luxart.com\/en\/paveikslai\/r-how-i-traveled-with-myself-in-search-of-myself\/","og_locale":"en_US","og_type":"article","og_title":"[R] How I traveled with myself in search of myself","og_description":"Famous Lithuanian artist and painter Indra Gru\u0161ait\u0117 paintings and reproductions, giclee","og_url":"https:\/\/luxart.com\/en\/paveikslai\/r-how-i-traveled-with-myself-in-search-of-myself\/","og_site_name":"Luxart","article_modified_time":"2025-02-23T20:54:45+00:00","og_image":[{"width":1000,"height":804,"url":"https:\/\/luxart.com\/wp-content\/uploads\/2020\/06\/products-Kaip-a\u0161-su-savimi-keliavau-sav\u0119s-ie\u0161koti---Indra-Grusaite-s-1.jpg","type":"image\/jpeg"}],"twitter_card":"summary_large_image","schema":{"@context":"https:\/\/schema.org","@graph":[{"@type":"WebPage","@id":"https:\/\/luxart.com\/en\/paveikslai\/r-how-i-traveled-with-myself-in-search-of-myself\/","url":"https:\/\/luxart.com\/en\/paveikslai\/r-how-i-traveled-with-myself-in-search-of-myself\/","name":"[R] How I traveled with myself in search of myself","isPartOf":{"@id":"https:\/\/luxart.com\/en\/#website"},"primaryImageOfPage":{"@id":"https:\/\/luxart.com\/en\/paveikslai\/r-how-i-traveled-with-myself-in-search-of-myself\/#primaryimage"},"image":{"@id":"https:\/\/luxart.com\/en\/paveikslai\/r-how-i-traveled-with-myself-in-search-of-myself\/#primaryimage"},"thumbnailUrl":"https:\/\/luxart.com\/wp-content\/uploads\/2020\/06\/products-Kaip-a\u0161-su-savimi-keliavau-sav\u0119s-ie\u0161koti---Indra-Grusaite-s-1.jpg","datePublished":"2020-06-15T12:35:49+00:00","dateModified":"2025-02-23T20:54:45+00:00","description":"Famous Lithuanian artist and painter Indra Gru\u0161ait\u0117 paintings and reproductions, giclee","breadcrumb":{"@id":"https:\/\/luxart.com\/en\/paveikslai\/r-how-i-traveled-with-myself-in-search-of-myself\/#breadcrumb"},"inLanguage":"en-US","potentialAction":[{"@type":"ReadAction","target":["https:\/\/luxart.com\/en\/paveikslai\/r-how-i-traveled-with-myself-in-search-of-myself\/"]}]},{"@type":"ImageObject","inLanguage":"en-US","@id":"https:\/\/luxart.com\/en\/paveikslai\/r-how-i-traveled-with-myself-in-search-of-myself\/#primaryimage","url":"https:\/\/luxart.com\/wp-content\/uploads\/2020\/06\/products-Kaip-a\u0161-su-savimi-keliavau-sav\u0119s-ie\u0161koti---Indra-Grusaite-s-1.jpg","contentUrl":"https:\/\/luxart.com\/wp-content\/uploads\/2020\/06\/products-Kaip-a\u0161-su-savimi-keliavau-sav\u0119s-ie\u0161koti---Indra-Grusaite-s-1.jpg","width":1000,"height":804,"caption":"[R] How I traveled with myself in search of myself"},{"@type":"BreadcrumbList","@id":"https:\/\/luxart.com\/en\/paveikslai\/r-how-i-traveled-with-myself-in-search-of-myself\/#breadcrumb","itemListElement":[{"@type":"ListItem","position":1,"name":"Home","item":"https:\/\/luxart.com\/en\/"},{"@type":"ListItem","position":2,"name":"Discover Luxart.club Artworks","item":"https:\/\/luxart.com\/en\/paintings\/"},{"@type":"ListItem","position":3,"name":"[R] How I traveled with myself in search of myself"}]},{"@type":"WebSite","@id":"https:\/\/luxart.com\/en\/#website","url":"https:\/\/luxart.com\/en\/","name":"Luxart","description":"Reproductions of paintings on canvas of the highest quality","potentialAction":[{"@type":"SearchAction","target":{"@type":"EntryPoint","urlTemplate":"https:\/\/luxart.com\/en\/?s={search_term_string}"},"query-input":{"@type":"PropertyValueSpecification","valueRequired":true,"valueName":"search_term_string"}}],"inLanguage":"en-US"}]}},"_links":{"self":[{"href":"https:\/\/luxart.com\/en\/wp-json\/wp\/v2\/product\/71757","targetHints":{"allow":["GET"]}}],"collection":[{"href":"https:\/\/luxart.com\/en\/wp-json\/wp\/v2\/product"}],"about":[{"href":"https:\/\/luxart.com\/en\/wp-json\/wp\/v2\/types\/product"}],"wp:featuredmedia":[{"embeddable":true,"href":"https:\/\/luxart.com\/en\/wp-json\/wp\/v2\/media\/71759"}],"wp:attachment":[{"href":"https:\/\/luxart.com\/en\/wp-json\/wp\/v2\/media?parent=71757"}],"wp:term":[{"taxonomy":"product_brand","embeddable":true,"href":"https:\/\/luxart.com\/en\/wp-json\/wp\/v2\/product_brand?post=71757"},{"taxonomy":"product_cat","embeddable":true,"href":"https:\/\/luxart.com\/en\/wp-json\/wp\/v2\/product_cat?post=71757"},{"taxonomy":"product_tag","embeddable":true,"href":"https:\/\/luxart.com\/en\/wp-json\/wp\/v2\/product_tag?post=71757"}],"curies":[{"name":"wp","href":"https:\/\/api.w.org\/{rel}","templated":true}]}}