{"id":75334,"date":"1994-04-24T13:49:07","date_gmt":"2021-04-24T13:49:08","guid":{"rendered":"https:\/\/luxart.com\/?post_type=product&#038;p=75334"},"modified":"2024-08-17T18:17:07","modified_gmt":"2024-08-17T18:17:07","slug":"p-if-we-were-birds","status":"publish","type":"product","link":"https:\/\/luxart.com\/en\/paveikslai\/p-if-we-were-birds\/","title":{"rendered":"[P] If We Were Birds"},"content":{"rendered":"","protected":false},"excerpt":{"rendered":"","protected":false},"featured_media":69155,"template":"","meta":{"_acf_changed":false},"product_brand":[4118],"product_cat":[3844,3792],"product_tag":[4216],"class_list":{"0":"post-75334","1":"product","2":"type-product","3":"status-publish","4":"has-post-thumbnail","6":"product_brand-algis-krisciunas","7":"product_cat-all-art","8":"product_cat-paper-prints","9":"product_tag-algis-krisciunas-en","11":"first","12":"instock","13":"purchasable","14":"product-type-simple"},"acf":[],"yoast_head":"<!-- This site is optimized with the Yoast SEO plugin v27.3 - https:\/\/yoast.com\/product\/yoast-seo-wordpress\/ -->\n<title>[P] If We Were Birds<\/title>\n<meta name=\"description\" content=\"Algis Kri\u0161\u010di\u016bnas pop art giclee prints on canvas slightly pained on top\" \/>\n<meta name=\"robots\" content=\"index, follow, max-snippet:-1, max-image-preview:large, max-video-preview:-1\" \/>\n<link rel=\"canonical\" href=\"https:\/\/luxart.com\/en\/paveikslai\/p-if-we-were-birds\/\" \/>\n<meta property=\"og:locale\" content=\"en_US\" \/>\n<meta property=\"og:type\" content=\"article\" \/>\n<meta property=\"og:title\" content=\"[P] If We Were Birds\" \/>\n<meta property=\"og:description\" content=\"Algis Kri\u0161\u010di\u016bnas pop art giclee prints on canvas slightly pained on top\" \/>\n<meta property=\"og:url\" content=\"https:\/\/luxart.com\/en\/paveikslai\/p-if-we-were-birds\/\" \/>\n<meta property=\"og:site_name\" content=\"Luxart\" \/>\n<meta property=\"article:modified_time\" content=\"2024-08-17T18:17:07+00:00\" \/>\n<meta property=\"og:image\" content=\"https:\/\/luxart.com\/wp-content\/uploads\/2019\/10\/products-If-We-Were-Birds---Algis-Krisciunas,180-x-130-s-1.jpg\" \/>\n\t<meta property=\"og:image:width\" content=\"733\" \/>\n\t<meta property=\"og:image:height\" content=\"1000\" \/>\n\t<meta property=\"og:image:type\" content=\"image\/jpeg\" \/>\n<meta name=\"twitter:card\" content=\"summary_large_image\" \/>\n<script type=\"application\/ld+json\" class=\"yoast-schema-graph\">{\"@context\":\"https:\\\/\\\/schema.org\",\"@graph\":[{\"@type\":\"WebPage\",\"@id\":\"https:\\\/\\\/luxart.com\\\/en\\\/paveikslai\\\/p-if-we-were-birds\\\/\",\"url\":\"https:\\\/\\\/luxart.com\\\/en\\\/paveikslai\\\/p-if-we-were-birds\\\/\",\"name\":\"[P] If We Were Birds\",\"isPartOf\":{\"@id\":\"https:\\\/\\\/luxart.com\\\/en\\\/#website\"},\"primaryImageOfPage\":{\"@id\":\"https:\\\/\\\/luxart.com\\\/en\\\/paveikslai\\\/p-if-we-were-birds\\\/#primaryimage\"},\"image\":{\"@id\":\"https:\\\/\\\/luxart.com\\\/en\\\/paveikslai\\\/p-if-we-were-birds\\\/#primaryimage\"},\"thumbnailUrl\":\"https:\\\/\\\/luxart.com\\\/wp-content\\\/uploads\\\/2019\\\/10\\\/products-If-We-Were-Birds---Algis-Krisciunas,180-x-130-s-1.jpg\",\"datePublished\":\"2021-04-24T13:49:08+00:00\",\"dateModified\":\"2024-08-17T18:17:07+00:00\",\"description\":\"Algis Kri\u0161\u010di\u016bnas pop art giclee prints on canvas slightly pained on top\",\"breadcrumb\":{\"@id\":\"https:\\\/\\\/luxart.com\\\/en\\\/paveikslai\\\/p-if-we-were-birds\\\/#breadcrumb\"},\"inLanguage\":\"en-US\",\"potentialAction\":[{\"@type\":\"ReadAction\",\"target\":[\"https:\\\/\\\/luxart.com\\\/en\\\/paveikslai\\\/p-if-we-were-birds\\\/\"]}]},{\"@type\":\"ImageObject\",\"inLanguage\":\"en-US\",\"@id\":\"https:\\\/\\\/luxart.com\\\/en\\\/paveikslai\\\/p-if-we-were-birds\\\/#primaryimage\",\"url\":\"https:\\\/\\\/luxart.com\\\/wp-content\\\/uploads\\\/2019\\\/10\\\/products-If-We-Were-Birds---Algis-Krisciunas,180-x-130-s-1.jpg\",\"contentUrl\":\"https:\\\/\\\/luxart.com\\\/wp-content\\\/uploads\\\/2019\\\/10\\\/products-If-We-Were-Birds---Algis-Krisciunas,180-x-130-s-1.jpg\",\"width\":733,\"height\":1000,\"caption\":\"[R] If We Were Birds\"},{\"@type\":\"BreadcrumbList\",\"@id\":\"https:\\\/\\\/luxart.com\\\/en\\\/paveikslai\\\/p-if-we-were-birds\\\/#breadcrumb\",\"itemListElement\":[{\"@type\":\"ListItem\",\"position\":1,\"name\":\"Home\",\"item\":\"https:\\\/\\\/luxart.com\\\/en\\\/\"},{\"@type\":\"ListItem\",\"position\":2,\"name\":\"Discover Luxart.club Artworks\",\"item\":\"https:\\\/\\\/luxart.com\\\/en\\\/paintings\\\/\"},{\"@type\":\"ListItem\",\"position\":3,\"name\":\"[P] If We Were Birds\"}]},{\"@type\":\"WebSite\",\"@id\":\"https:\\\/\\\/luxart.com\\\/en\\\/#website\",\"url\":\"https:\\\/\\\/luxart.com\\\/en\\\/\",\"name\":\"Luxart\",\"description\":\"Reproductions of paintings on canvas of the highest quality\",\"potentialAction\":[{\"@type\":\"SearchAction\",\"target\":{\"@type\":\"EntryPoint\",\"urlTemplate\":\"https:\\\/\\\/luxart.com\\\/en\\\/?s={search_term_string}\"},\"query-input\":{\"@type\":\"PropertyValueSpecification\",\"valueRequired\":true,\"valueName\":\"search_term_string\"}}],\"inLanguage\":\"en-US\"}]}<\/script>\n<!-- \/ Yoast SEO plugin. -->","yoast_head_json":{"title":"[P] If We Were Birds","description":"Algis Kri\u0161\u010di\u016bnas pop art giclee prints on canvas slightly pained on top","robots":{"index":"index","follow":"follow","max-snippet":"max-snippet:-1","max-image-preview":"max-image-preview:large","max-video-preview":"max-video-preview:-1"},"canonical":"https:\/\/luxart.com\/en\/paveikslai\/p-if-we-were-birds\/","og_locale":"en_US","og_type":"article","og_title":"[P] If We Were Birds","og_description":"Algis Kri\u0161\u010di\u016bnas pop art giclee prints on canvas slightly pained on top","og_url":"https:\/\/luxart.com\/en\/paveikslai\/p-if-we-were-birds\/","og_site_name":"Luxart","article_modified_time":"2024-08-17T18:17:07+00:00","og_image":[{"width":733,"height":1000,"url":"https:\/\/luxart.com\/wp-content\/uploads\/2019\/10\/products-If-We-Were-Birds---Algis-Krisciunas,180-x-130-s-1.jpg","type":"image\/jpeg"}],"twitter_card":"summary_large_image","schema":{"@context":"https:\/\/schema.org","@graph":[{"@type":"WebPage","@id":"https:\/\/luxart.com\/en\/paveikslai\/p-if-we-were-birds\/","url":"https:\/\/luxart.com\/en\/paveikslai\/p-if-we-were-birds\/","name":"[P] If We Were Birds","isPartOf":{"@id":"https:\/\/luxart.com\/en\/#website"},"primaryImageOfPage":{"@id":"https:\/\/luxart.com\/en\/paveikslai\/p-if-we-were-birds\/#primaryimage"},"image":{"@id":"https:\/\/luxart.com\/en\/paveikslai\/p-if-we-were-birds\/#primaryimage"},"thumbnailUrl":"https:\/\/luxart.com\/wp-content\/uploads\/2019\/10\/products-If-We-Were-Birds---Algis-Krisciunas,180-x-130-s-1.jpg","datePublished":"2021-04-24T13:49:08+00:00","dateModified":"2024-08-17T18:17:07+00:00","description":"Algis Kri\u0161\u010di\u016bnas pop art giclee prints on canvas slightly pained on top","breadcrumb":{"@id":"https:\/\/luxart.com\/en\/paveikslai\/p-if-we-were-birds\/#breadcrumb"},"inLanguage":"en-US","potentialAction":[{"@type":"ReadAction","target":["https:\/\/luxart.com\/en\/paveikslai\/p-if-we-were-birds\/"]}]},{"@type":"ImageObject","inLanguage":"en-US","@id":"https:\/\/luxart.com\/en\/paveikslai\/p-if-we-were-birds\/#primaryimage","url":"https:\/\/luxart.com\/wp-content\/uploads\/2019\/10\/products-If-We-Were-Birds---Algis-Krisciunas,180-x-130-s-1.jpg","contentUrl":"https:\/\/luxart.com\/wp-content\/uploads\/2019\/10\/products-If-We-Were-Birds---Algis-Krisciunas,180-x-130-s-1.jpg","width":733,"height":1000,"caption":"[R] If We Were Birds"},{"@type":"BreadcrumbList","@id":"https:\/\/luxart.com\/en\/paveikslai\/p-if-we-were-birds\/#breadcrumb","itemListElement":[{"@type":"ListItem","position":1,"name":"Home","item":"https:\/\/luxart.com\/en\/"},{"@type":"ListItem","position":2,"name":"Discover Luxart.club Artworks","item":"https:\/\/luxart.com\/en\/paintings\/"},{"@type":"ListItem","position":3,"name":"[P] If We Were Birds"}]},{"@type":"WebSite","@id":"https:\/\/luxart.com\/en\/#website","url":"https:\/\/luxart.com\/en\/","name":"Luxart","description":"Reproductions of paintings on canvas of the highest quality","potentialAction":[{"@type":"SearchAction","target":{"@type":"EntryPoint","urlTemplate":"https:\/\/luxart.com\/en\/?s={search_term_string}"},"query-input":{"@type":"PropertyValueSpecification","valueRequired":true,"valueName":"search_term_string"}}],"inLanguage":"en-US"}]}},"_links":{"self":[{"href":"https:\/\/luxart.com\/en\/wp-json\/wp\/v2\/product\/75334","targetHints":{"allow":["GET"]}}],"collection":[{"href":"https:\/\/luxart.com\/en\/wp-json\/wp\/v2\/product"}],"about":[{"href":"https:\/\/luxart.com\/en\/wp-json\/wp\/v2\/types\/product"}],"wp:featuredmedia":[{"embeddable":true,"href":"https:\/\/luxart.com\/en\/wp-json\/wp\/v2\/media\/69155"}],"wp:attachment":[{"href":"https:\/\/luxart.com\/en\/wp-json\/wp\/v2\/media?parent=75334"}],"wp:term":[{"taxonomy":"product_brand","embeddable":true,"href":"https:\/\/luxart.com\/en\/wp-json\/wp\/v2\/product_brand?post=75334"},{"taxonomy":"product_cat","embeddable":true,"href":"https:\/\/luxart.com\/en\/wp-json\/wp\/v2\/product_cat?post=75334"},{"taxonomy":"product_tag","embeddable":true,"href":"https:\/\/luxart.com\/en\/wp-json\/wp\/v2\/product_tag?post=75334"}],"curies":[{"name":"wp","href":"https:\/\/api.w.org\/{rel}","templated":true}]}}