{"id":77048,"date":"2014-06-25T08:30:04","date_gmt":"2021-06-25T08:30:06","guid":{"rendered":"https:\/\/luxart.com\/?post_type=product&#038;p=77048"},"modified":"2022-12-02T20:07:45","modified_gmt":"2022-12-02T20:07:45","slug":"color-science-ii-pillow","status":"publish","type":"product","link":"https:\/\/luxart.com\/en\/paveikslai\/color-science-ii-pillow\/","title":{"rendered":"Color Science II Pillow"},"content":{"rendered":"","protected":false},"excerpt":{"rendered":"","protected":false},"featured_media":77018,"template":"","meta":{"_acf_changed":false},"product_brand":[3845],"product_cat":[4155],"product_tag":[4237],"class_list":{"0":"post-77048","1":"product","2":"type-product","3":"status-publish","4":"has-post-thumbnail","6":"product_brand-migl-kosinskait","7":"product_cat-pillows","8":"product_tag-chameleon-tote-bag","10":"first","11":"instock","12":"purchasable","13":"product-type-simple"},"acf":[],"yoast_head":"<!-- This site is optimized with the Yoast SEO plugin v27.3 - https:\/\/yoast.com\/product\/yoast-seo-wordpress\/ -->\n<title>Migl\u0117 Kosinskait\u0117 Color Science II Pillow<\/title>\n<meta name=\"description\" content=\"Migl\u0117 Kosinskait\u0117 Color Science II Pillow\" \/>\n<meta name=\"robots\" content=\"index, follow, max-snippet:-1, max-image-preview:large, max-video-preview:-1\" \/>\n<link rel=\"canonical\" href=\"https:\/\/luxart.com\/en\/paveikslai\/color-science-ii-pillow\/\" \/>\n<meta property=\"og:locale\" content=\"en_US\" \/>\n<meta property=\"og:type\" content=\"article\" \/>\n<meta property=\"og:title\" content=\"Migl\u0117 Kosinskait\u0117 Color Science II Pillow\" \/>\n<meta property=\"og:description\" content=\"Migl\u0117 Kosinskait\u0117 Color Science II Pillow\" \/>\n<meta property=\"og:url\" content=\"https:\/\/luxart.com\/en\/paveikslai\/color-science-ii-pillow\/\" \/>\n<meta property=\"og:site_name\" content=\"Luxart\" \/>\n<meta property=\"article:modified_time\" content=\"2022-12-02T20:07:45+00:00\" \/>\n<meta property=\"og:image\" content=\"https:\/\/luxart.com\/wp-content\/uploads\/2021\/06\/products-Spalvotyra-2.jpeg\" \/>\n\t<meta property=\"og:image:width\" content=\"414\" \/>\n\t<meta property=\"og:image:height\" content=\"411\" \/>\n\t<meta property=\"og:image:type\" content=\"image\/jpeg\" \/>\n<meta name=\"twitter:card\" content=\"summary_large_image\" \/>\n<script type=\"application\/ld+json\" class=\"yoast-schema-graph\">{\"@context\":\"https:\\\/\\\/schema.org\",\"@graph\":[{\"@type\":\"WebPage\",\"@id\":\"https:\\\/\\\/luxart.com\\\/en\\\/paveikslai\\\/color-science-ii-pillow\\\/\",\"url\":\"https:\\\/\\\/luxart.com\\\/en\\\/paveikslai\\\/color-science-ii-pillow\\\/\",\"name\":\"Migl\u0117 Kosinskait\u0117 Color Science II Pillow\",\"isPartOf\":{\"@id\":\"https:\\\/\\\/luxart.com\\\/en\\\/#website\"},\"primaryImageOfPage\":{\"@id\":\"https:\\\/\\\/luxart.com\\\/en\\\/paveikslai\\\/color-science-ii-pillow\\\/#primaryimage\"},\"image\":{\"@id\":\"https:\\\/\\\/luxart.com\\\/en\\\/paveikslai\\\/color-science-ii-pillow\\\/#primaryimage\"},\"thumbnailUrl\":\"https:\\\/\\\/luxart.com\\\/wp-content\\\/uploads\\\/2021\\\/06\\\/products-Spalvotyra-2.jpeg\",\"datePublished\":\"2021-06-25T08:30:06+00:00\",\"dateModified\":\"2022-12-02T20:07:45+00:00\",\"description\":\"Migl\u0117 Kosinskait\u0117 Color Science II Pillow\",\"breadcrumb\":{\"@id\":\"https:\\\/\\\/luxart.com\\\/en\\\/paveikslai\\\/color-science-ii-pillow\\\/#breadcrumb\"},\"inLanguage\":\"en-US\",\"potentialAction\":[{\"@type\":\"ReadAction\",\"target\":[\"https:\\\/\\\/luxart.com\\\/en\\\/paveikslai\\\/color-science-ii-pillow\\\/\"]}]},{\"@type\":\"ImageObject\",\"inLanguage\":\"en-US\",\"@id\":\"https:\\\/\\\/luxart.com\\\/en\\\/paveikslai\\\/color-science-ii-pillow\\\/#primaryimage\",\"url\":\"https:\\\/\\\/luxart.com\\\/wp-content\\\/uploads\\\/2021\\\/06\\\/products-Spalvotyra-2.jpeg\",\"contentUrl\":\"https:\\\/\\\/luxart.com\\\/wp-content\\\/uploads\\\/2021\\\/06\\\/products-Spalvotyra-2.jpeg\",\"width\":414,\"height\":411,\"caption\":\"Color Science II Tote Bag\"},{\"@type\":\"BreadcrumbList\",\"@id\":\"https:\\\/\\\/luxart.com\\\/en\\\/paveikslai\\\/color-science-ii-pillow\\\/#breadcrumb\",\"itemListElement\":[{\"@type\":\"ListItem\",\"position\":1,\"name\":\"Home\",\"item\":\"https:\\\/\\\/luxart.com\\\/en\\\/\"},{\"@type\":\"ListItem\",\"position\":2,\"name\":\"Discover Luxart.club Artworks\",\"item\":\"https:\\\/\\\/luxart.com\\\/en\\\/paintings\\\/\"},{\"@type\":\"ListItem\",\"position\":3,\"name\":\"Color Science II Pillow\"}]},{\"@type\":\"WebSite\",\"@id\":\"https:\\\/\\\/luxart.com\\\/en\\\/#website\",\"url\":\"https:\\\/\\\/luxart.com\\\/en\\\/\",\"name\":\"Luxart\",\"description\":\"Reproductions of paintings on canvas of the highest quality\",\"potentialAction\":[{\"@type\":\"SearchAction\",\"target\":{\"@type\":\"EntryPoint\",\"urlTemplate\":\"https:\\\/\\\/luxart.com\\\/en\\\/?s={search_term_string}\"},\"query-input\":{\"@type\":\"PropertyValueSpecification\",\"valueRequired\":true,\"valueName\":\"search_term_string\"}}],\"inLanguage\":\"en-US\"}]}<\/script>\n<!-- \/ Yoast SEO plugin. -->","yoast_head_json":{"title":"Migl\u0117 Kosinskait\u0117 Color Science II Pillow","description":"Migl\u0117 Kosinskait\u0117 Color Science II Pillow","robots":{"index":"index","follow":"follow","max-snippet":"max-snippet:-1","max-image-preview":"max-image-preview:large","max-video-preview":"max-video-preview:-1"},"canonical":"https:\/\/luxart.com\/en\/paveikslai\/color-science-ii-pillow\/","og_locale":"en_US","og_type":"article","og_title":"Migl\u0117 Kosinskait\u0117 Color Science II Pillow","og_description":"Migl\u0117 Kosinskait\u0117 Color Science II Pillow","og_url":"https:\/\/luxart.com\/en\/paveikslai\/color-science-ii-pillow\/","og_site_name":"Luxart","article_modified_time":"2022-12-02T20:07:45+00:00","og_image":[{"width":414,"height":411,"url":"https:\/\/luxart.com\/wp-content\/uploads\/2021\/06\/products-Spalvotyra-2.jpeg","type":"image\/jpeg"}],"twitter_card":"summary_large_image","schema":{"@context":"https:\/\/schema.org","@graph":[{"@type":"WebPage","@id":"https:\/\/luxart.com\/en\/paveikslai\/color-science-ii-pillow\/","url":"https:\/\/luxart.com\/en\/paveikslai\/color-science-ii-pillow\/","name":"Migl\u0117 Kosinskait\u0117 Color Science II Pillow","isPartOf":{"@id":"https:\/\/luxart.com\/en\/#website"},"primaryImageOfPage":{"@id":"https:\/\/luxart.com\/en\/paveikslai\/color-science-ii-pillow\/#primaryimage"},"image":{"@id":"https:\/\/luxart.com\/en\/paveikslai\/color-science-ii-pillow\/#primaryimage"},"thumbnailUrl":"https:\/\/luxart.com\/wp-content\/uploads\/2021\/06\/products-Spalvotyra-2.jpeg","datePublished":"2021-06-25T08:30:06+00:00","dateModified":"2022-12-02T20:07:45+00:00","description":"Migl\u0117 Kosinskait\u0117 Color Science II Pillow","breadcrumb":{"@id":"https:\/\/luxart.com\/en\/paveikslai\/color-science-ii-pillow\/#breadcrumb"},"inLanguage":"en-US","potentialAction":[{"@type":"ReadAction","target":["https:\/\/luxart.com\/en\/paveikslai\/color-science-ii-pillow\/"]}]},{"@type":"ImageObject","inLanguage":"en-US","@id":"https:\/\/luxart.com\/en\/paveikslai\/color-science-ii-pillow\/#primaryimage","url":"https:\/\/luxart.com\/wp-content\/uploads\/2021\/06\/products-Spalvotyra-2.jpeg","contentUrl":"https:\/\/luxart.com\/wp-content\/uploads\/2021\/06\/products-Spalvotyra-2.jpeg","width":414,"height":411,"caption":"Color Science II Tote Bag"},{"@type":"BreadcrumbList","@id":"https:\/\/luxart.com\/en\/paveikslai\/color-science-ii-pillow\/#breadcrumb","itemListElement":[{"@type":"ListItem","position":1,"name":"Home","item":"https:\/\/luxart.com\/en\/"},{"@type":"ListItem","position":2,"name":"Discover Luxart.club Artworks","item":"https:\/\/luxart.com\/en\/paintings\/"},{"@type":"ListItem","position":3,"name":"Color Science II Pillow"}]},{"@type":"WebSite","@id":"https:\/\/luxart.com\/en\/#website","url":"https:\/\/luxart.com\/en\/","name":"Luxart","description":"Reproductions of paintings on canvas of the highest quality","potentialAction":[{"@type":"SearchAction","target":{"@type":"EntryPoint","urlTemplate":"https:\/\/luxart.com\/en\/?s={search_term_string}"},"query-input":{"@type":"PropertyValueSpecification","valueRequired":true,"valueName":"search_term_string"}}],"inLanguage":"en-US"}]}},"_links":{"self":[{"href":"https:\/\/luxart.com\/en\/wp-json\/wp\/v2\/product\/77048","targetHints":{"allow":["GET"]}}],"collection":[{"href":"https:\/\/luxart.com\/en\/wp-json\/wp\/v2\/product"}],"about":[{"href":"https:\/\/luxart.com\/en\/wp-json\/wp\/v2\/types\/product"}],"wp:featuredmedia":[{"embeddable":true,"href":"https:\/\/luxart.com\/en\/wp-json\/wp\/v2\/media\/77018"}],"wp:attachment":[{"href":"https:\/\/luxart.com\/en\/wp-json\/wp\/v2\/media?parent=77048"}],"wp:term":[{"taxonomy":"product_brand","embeddable":true,"href":"https:\/\/luxart.com\/en\/wp-json\/wp\/v2\/product_brand?post=77048"},{"taxonomy":"product_cat","embeddable":true,"href":"https:\/\/luxart.com\/en\/wp-json\/wp\/v2\/product_cat?post=77048"},{"taxonomy":"product_tag","embeddable":true,"href":"https:\/\/luxart.com\/en\/wp-json\/wp\/v2\/product_tag?post=77048"}],"curies":[{"name":"wp","href":"https:\/\/api.w.org\/{rel}","templated":true}]}}