{"id":82242,"date":"2014-01-03T16:34:55","date_gmt":"2022-01-03T16:34:56","guid":{"rendered":"https:\/\/luxart.com\/?post_type=product&#038;p=82242"},"modified":"2022-12-02T22:36:52","modified_gmt":"2022-12-02T22:36:52","slug":"communion-i-pillow","status":"publish","type":"product","link":"https:\/\/luxart.com\/en\/paveikslai\/communion-i-pillow\/","title":{"rendered":"Communion I Pillow"},"content":{"rendered":"","protected":false},"excerpt":{"rendered":"","protected":false},"featured_media":82244,"template":"","meta":{"_acf_changed":false},"product_brand":[4093],"product_cat":[4155],"product_tag":[4178],"class_list":{"0":"post-82242","1":"product","2":"type-product","3":"status-publish","4":"has-post-thumbnail","6":"product_brand-eurika-urbonaviciute","7":"product_cat-pillows","8":"product_tag-eurika-urbonaviciute-en","10":"first","11":"instock","12":"purchasable","13":"product-type-simple"},"acf":[],"yoast_head":"<!-- This site is optimized with the Yoast SEO plugin v27.3 - https:\/\/yoast.com\/product\/yoast-seo-wordpress\/ -->\n<title>Communion I Pillow<\/title>\n<meta name=\"description\" content=\"Eurika Urbonavi\u010di\u016bt\u0117 Communion I Pillow\" \/>\n<meta name=\"robots\" content=\"index, follow, max-snippet:-1, max-image-preview:large, max-video-preview:-1\" \/>\n<link rel=\"canonical\" href=\"https:\/\/luxart.com\/en\/paveikslai\/communion-i-pillow\/\" \/>\n<meta property=\"og:locale\" content=\"en_US\" \/>\n<meta property=\"og:type\" content=\"article\" \/>\n<meta property=\"og:title\" content=\"Communion I Pillow\" \/>\n<meta property=\"og:description\" content=\"Eurika Urbonavi\u010di\u016bt\u0117 Communion I Pillow\" \/>\n<meta property=\"og:url\" content=\"https:\/\/luxart.com\/en\/paveikslai\/communion-i-pillow\/\" \/>\n<meta property=\"og:site_name\" content=\"Luxart\" \/>\n<meta property=\"article:modified_time\" content=\"2022-12-02T22:36:52+00:00\" \/>\n<meta property=\"og:image\" content=\"https:\/\/luxart.com\/wp-content\/uploads\/2022\/01\/Bendryste-I-pagalvele.jpg\" \/>\n\t<meta property=\"og:image:width\" content=\"635\" \/>\n\t<meta property=\"og:image:height\" content=\"635\" \/>\n\t<meta property=\"og:image:type\" content=\"image\/jpeg\" \/>\n<meta name=\"twitter:card\" content=\"summary_large_image\" \/>\n<script type=\"application\/ld+json\" class=\"yoast-schema-graph\">{\"@context\":\"https:\\\/\\\/schema.org\",\"@graph\":[{\"@type\":\"WebPage\",\"@id\":\"https:\\\/\\\/luxart.com\\\/en\\\/paveikslai\\\/communion-i-pillow\\\/\",\"url\":\"https:\\\/\\\/luxart.com\\\/en\\\/paveikslai\\\/communion-i-pillow\\\/\",\"name\":\"Communion I Pillow\",\"isPartOf\":{\"@id\":\"https:\\\/\\\/luxart.com\\\/en\\\/#website\"},\"primaryImageOfPage\":{\"@id\":\"https:\\\/\\\/luxart.com\\\/en\\\/paveikslai\\\/communion-i-pillow\\\/#primaryimage\"},\"image\":{\"@id\":\"https:\\\/\\\/luxart.com\\\/en\\\/paveikslai\\\/communion-i-pillow\\\/#primaryimage\"},\"thumbnailUrl\":\"https:\\\/\\\/luxart.com\\\/wp-content\\\/uploads\\\/2022\\\/01\\\/Bendryste-I-pagalvele.jpg\",\"datePublished\":\"2022-01-03T16:34:56+00:00\",\"dateModified\":\"2022-12-02T22:36:52+00:00\",\"description\":\"Eurika Urbonavi\u010di\u016bt\u0117 Communion I Pillow\",\"breadcrumb\":{\"@id\":\"https:\\\/\\\/luxart.com\\\/en\\\/paveikslai\\\/communion-i-pillow\\\/#breadcrumb\"},\"inLanguage\":\"en-US\",\"potentialAction\":[{\"@type\":\"ReadAction\",\"target\":[\"https:\\\/\\\/luxart.com\\\/en\\\/paveikslai\\\/communion-i-pillow\\\/\"]}]},{\"@type\":\"ImageObject\",\"inLanguage\":\"en-US\",\"@id\":\"https:\\\/\\\/luxart.com\\\/en\\\/paveikslai\\\/communion-i-pillow\\\/#primaryimage\",\"url\":\"https:\\\/\\\/luxart.com\\\/wp-content\\\/uploads\\\/2022\\\/01\\\/Bendryste-I-pagalvele.jpg\",\"contentUrl\":\"https:\\\/\\\/luxart.com\\\/wp-content\\\/uploads\\\/2022\\\/01\\\/Bendryste-I-pagalvele.jpg\",\"width\":635,\"height\":635,\"caption\":\"Communion I Pillow\"},{\"@type\":\"BreadcrumbList\",\"@id\":\"https:\\\/\\\/luxart.com\\\/en\\\/paveikslai\\\/communion-i-pillow\\\/#breadcrumb\",\"itemListElement\":[{\"@type\":\"ListItem\",\"position\":1,\"name\":\"Home\",\"item\":\"https:\\\/\\\/luxart.com\\\/en\\\/\"},{\"@type\":\"ListItem\",\"position\":2,\"name\":\"Discover Luxart.club Artworks\",\"item\":\"https:\\\/\\\/luxart.com\\\/en\\\/paintings\\\/\"},{\"@type\":\"ListItem\",\"position\":3,\"name\":\"Communion I Pillow\"}]},{\"@type\":\"WebSite\",\"@id\":\"https:\\\/\\\/luxart.com\\\/en\\\/#website\",\"url\":\"https:\\\/\\\/luxart.com\\\/en\\\/\",\"name\":\"Luxart\",\"description\":\"Reproductions of paintings on canvas of the highest quality\",\"potentialAction\":[{\"@type\":\"SearchAction\",\"target\":{\"@type\":\"EntryPoint\",\"urlTemplate\":\"https:\\\/\\\/luxart.com\\\/en\\\/?s={search_term_string}\"},\"query-input\":{\"@type\":\"PropertyValueSpecification\",\"valueRequired\":true,\"valueName\":\"search_term_string\"}}],\"inLanguage\":\"en-US\"}]}<\/script>\n<!-- \/ Yoast SEO plugin. -->","yoast_head_json":{"title":"Communion I Pillow","description":"Eurika Urbonavi\u010di\u016bt\u0117 Communion I Pillow","robots":{"index":"index","follow":"follow","max-snippet":"max-snippet:-1","max-image-preview":"max-image-preview:large","max-video-preview":"max-video-preview:-1"},"canonical":"https:\/\/luxart.com\/en\/paveikslai\/communion-i-pillow\/","og_locale":"en_US","og_type":"article","og_title":"Communion I Pillow","og_description":"Eurika Urbonavi\u010di\u016bt\u0117 Communion I Pillow","og_url":"https:\/\/luxart.com\/en\/paveikslai\/communion-i-pillow\/","og_site_name":"Luxart","article_modified_time":"2022-12-02T22:36:52+00:00","og_image":[{"width":635,"height":635,"url":"https:\/\/luxart.com\/wp-content\/uploads\/2022\/01\/Bendryste-I-pagalvele.jpg","type":"image\/jpeg"}],"twitter_card":"summary_large_image","schema":{"@context":"https:\/\/schema.org","@graph":[{"@type":"WebPage","@id":"https:\/\/luxart.com\/en\/paveikslai\/communion-i-pillow\/","url":"https:\/\/luxart.com\/en\/paveikslai\/communion-i-pillow\/","name":"Communion I Pillow","isPartOf":{"@id":"https:\/\/luxart.com\/en\/#website"},"primaryImageOfPage":{"@id":"https:\/\/luxart.com\/en\/paveikslai\/communion-i-pillow\/#primaryimage"},"image":{"@id":"https:\/\/luxart.com\/en\/paveikslai\/communion-i-pillow\/#primaryimage"},"thumbnailUrl":"https:\/\/luxart.com\/wp-content\/uploads\/2022\/01\/Bendryste-I-pagalvele.jpg","datePublished":"2022-01-03T16:34:56+00:00","dateModified":"2022-12-02T22:36:52+00:00","description":"Eurika Urbonavi\u010di\u016bt\u0117 Communion I Pillow","breadcrumb":{"@id":"https:\/\/luxart.com\/en\/paveikslai\/communion-i-pillow\/#breadcrumb"},"inLanguage":"en-US","potentialAction":[{"@type":"ReadAction","target":["https:\/\/luxart.com\/en\/paveikslai\/communion-i-pillow\/"]}]},{"@type":"ImageObject","inLanguage":"en-US","@id":"https:\/\/luxart.com\/en\/paveikslai\/communion-i-pillow\/#primaryimage","url":"https:\/\/luxart.com\/wp-content\/uploads\/2022\/01\/Bendryste-I-pagalvele.jpg","contentUrl":"https:\/\/luxart.com\/wp-content\/uploads\/2022\/01\/Bendryste-I-pagalvele.jpg","width":635,"height":635,"caption":"Communion I Pillow"},{"@type":"BreadcrumbList","@id":"https:\/\/luxart.com\/en\/paveikslai\/communion-i-pillow\/#breadcrumb","itemListElement":[{"@type":"ListItem","position":1,"name":"Home","item":"https:\/\/luxart.com\/en\/"},{"@type":"ListItem","position":2,"name":"Discover Luxart.club Artworks","item":"https:\/\/luxart.com\/en\/paintings\/"},{"@type":"ListItem","position":3,"name":"Communion I Pillow"}]},{"@type":"WebSite","@id":"https:\/\/luxart.com\/en\/#website","url":"https:\/\/luxart.com\/en\/","name":"Luxart","description":"Reproductions of paintings on canvas of the highest quality","potentialAction":[{"@type":"SearchAction","target":{"@type":"EntryPoint","urlTemplate":"https:\/\/luxart.com\/en\/?s={search_term_string}"},"query-input":{"@type":"PropertyValueSpecification","valueRequired":true,"valueName":"search_term_string"}}],"inLanguage":"en-US"}]}},"_links":{"self":[{"href":"https:\/\/luxart.com\/en\/wp-json\/wp\/v2\/product\/82242","targetHints":{"allow":["GET"]}}],"collection":[{"href":"https:\/\/luxart.com\/en\/wp-json\/wp\/v2\/product"}],"about":[{"href":"https:\/\/luxart.com\/en\/wp-json\/wp\/v2\/types\/product"}],"wp:featuredmedia":[{"embeddable":true,"href":"https:\/\/luxart.com\/en\/wp-json\/wp\/v2\/media\/82244"}],"wp:attachment":[{"href":"https:\/\/luxart.com\/en\/wp-json\/wp\/v2\/media?parent=82242"}],"wp:term":[{"taxonomy":"product_brand","embeddable":true,"href":"https:\/\/luxart.com\/en\/wp-json\/wp\/v2\/product_brand?post=82242"},{"taxonomy":"product_cat","embeddable":true,"href":"https:\/\/luxart.com\/en\/wp-json\/wp\/v2\/product_cat?post=82242"},{"taxonomy":"product_tag","embeddable":true,"href":"https:\/\/luxart.com\/en\/wp-json\/wp\/v2\/product_tag?post=82242"}],"curies":[{"name":"wp","href":"https:\/\/api.w.org\/{rel}","templated":true}]}}