{"id":83210,"date":"1991-02-09T12:09:31","date_gmt":"2022-02-09T12:09:31","guid":{"rendered":"https:\/\/luxart.com\/?post_type=product&#038;p=83210"},"modified":"2022-02-09T12:34:41","modified_gmt":"2022-02-09T12:34:41","slug":"k-grapes-lemons-pears-and-apples","status":"publish","type":"product","link":"https:\/\/luxart.com\/en\/paveikslai\/k-grapes-lemons-pears-and-apples\/","title":{"rendered":"[K] Grapes, Lemons, Pears and Apples"},"content":{"rendered":"","protected":false},"excerpt":{"rendered":"","protected":false},"featured_media":83230,"template":"","meta":{"_acf_changed":false},"product_brand":[4111],"product_cat":[3844,3696,4269],"product_tag":[4270],"class_list":{"0":"post-83210","1":"product","2":"type-product","3":"status-publish","4":"has-post-thumbnail","6":"product_brand-vincent-van-gogh","7":"product_cat-all-art","8":"product_cat-prints-on-canvas","9":"product_cat-reproductions-of-classical-art","10":"product_tag-vincent-van-gogh-giclee-prints-en","12":"first","13":"instock","14":"purchasable","15":"product-type-simple"},"acf":[],"yoast_head":"<!-- This site is optimized with the Yoast SEO plugin v27.2 - https:\/\/yoast.com\/product\/yoast-seo-wordpress\/ -->\n<title>[K] Grapes, Lemons, Pears and Apples<\/title>\n<meta name=\"description\" content=\"Famous painter Vincent Van Gogh giclee prints and paintings.\" \/>\n<meta name=\"robots\" content=\"index, follow, max-snippet:-1, max-image-preview:large, max-video-preview:-1\" \/>\n<link rel=\"canonical\" href=\"https:\/\/luxart.com\/en\/paveikslai\/k-grapes-lemons-pears-and-apples\/\" \/>\n<meta property=\"og:locale\" content=\"en_US\" \/>\n<meta property=\"og:type\" content=\"article\" \/>\n<meta property=\"og:title\" content=\"[K] Grapes, Lemons, Pears and Apples\" \/>\n<meta property=\"og:description\" content=\"Famous painter Vincent Van Gogh giclee prints and paintings.\" \/>\n<meta property=\"og:url\" content=\"https:\/\/luxart.com\/en\/paveikslai\/k-grapes-lemons-pears-and-apples\/\" \/>\n<meta property=\"og:site_name\" content=\"Luxart\" \/>\n<meta property=\"article:modified_time\" content=\"2022-02-09T12:34:41+00:00\" \/>\n<meta property=\"og:image\" content=\"https:\/\/luxart.com\/wp-content\/uploads\/2022\/02\/Vincent-van-Gogh-Grapes-Lemons-Pears-and-Apples-1887-45-x-55-80-x-100-.jpg\" \/>\n\t<meta property=\"og:image:width\" content=\"1000\" \/>\n\t<meta property=\"og:image:height\" content=\"828\" \/>\n\t<meta property=\"og:image:type\" content=\"image\/jpeg\" \/>\n<meta name=\"twitter:card\" content=\"summary_large_image\" \/>\n<script type=\"application\/ld+json\" class=\"yoast-schema-graph\">{\"@context\":\"https:\/\/schema.org\",\"@graph\":[{\"@type\":\"WebPage\",\"@id\":\"https:\/\/luxart.com\/en\/paveikslai\/k-grapes-lemons-pears-and-apples\/\",\"url\":\"https:\/\/luxart.com\/en\/paveikslai\/k-grapes-lemons-pears-and-apples\/\",\"name\":\"[K] Grapes, Lemons, Pears and Apples\",\"isPartOf\":{\"@id\":\"https:\/\/luxart.com\/en\/#website\"},\"primaryImageOfPage\":{\"@id\":\"https:\/\/luxart.com\/en\/paveikslai\/k-grapes-lemons-pears-and-apples\/#primaryimage\"},\"image\":{\"@id\":\"https:\/\/luxart.com\/en\/paveikslai\/k-grapes-lemons-pears-and-apples\/#primaryimage\"},\"thumbnailUrl\":\"https:\/\/luxart.com\/wp-content\/uploads\/2022\/02\/Vincent-van-Gogh-Grapes-Lemons-Pears-and-Apples-1887-45-x-55-80-x-100-.jpg\",\"datePublished\":\"2022-02-09T12:09:31+00:00\",\"dateModified\":\"2022-02-09T12:34:41+00:00\",\"description\":\"Famous painter Vincent Van Gogh giclee prints and paintings.\",\"breadcrumb\":{\"@id\":\"https:\/\/luxart.com\/en\/paveikslai\/k-grapes-lemons-pears-and-apples\/#breadcrumb\"},\"inLanguage\":\"en-US\",\"potentialAction\":[{\"@type\":\"ReadAction\",\"target\":[\"https:\/\/luxart.com\/en\/paveikslai\/k-grapes-lemons-pears-and-apples\/\"]}]},{\"@type\":\"ImageObject\",\"inLanguage\":\"en-US\",\"@id\":\"https:\/\/luxart.com\/en\/paveikslai\/k-grapes-lemons-pears-and-apples\/#primaryimage\",\"url\":\"https:\/\/luxart.com\/wp-content\/uploads\/2022\/02\/Vincent-van-Gogh-Grapes-Lemons-Pears-and-Apples-1887-45-x-55-80-x-100-.jpg\",\"contentUrl\":\"https:\/\/luxart.com\/wp-content\/uploads\/2022\/02\/Vincent-van-Gogh-Grapes-Lemons-Pears-and-Apples-1887-45-x-55-80-x-100-.jpg\",\"width\":1000,\"height\":828,\"caption\":\"[K] Vynuog\u0117s, citrinos, kriau\u0161\u0117s ir obuoliai\"},{\"@type\":\"BreadcrumbList\",\"@id\":\"https:\/\/luxart.com\/en\/paveikslai\/k-grapes-lemons-pears-and-apples\/#breadcrumb\",\"itemListElement\":[{\"@type\":\"ListItem\",\"position\":1,\"name\":\"Home\",\"item\":\"https:\/\/luxart.com\/en\/\"},{\"@type\":\"ListItem\",\"position\":2,\"name\":\"Discover Luxart.club Artworks\",\"item\":\"https:\/\/luxart.com\/en\/paintings\/\"},{\"@type\":\"ListItem\",\"position\":3,\"name\":\"[K] Grapes, Lemons, Pears and Apples\"}]},{\"@type\":\"WebSite\",\"@id\":\"https:\/\/luxart.com\/en\/#website\",\"url\":\"https:\/\/luxart.com\/en\/\",\"name\":\"Luxart\",\"description\":\"Reproductions of paintings on canvas of the highest quality\",\"potentialAction\":[{\"@type\":\"SearchAction\",\"target\":{\"@type\":\"EntryPoint\",\"urlTemplate\":\"https:\/\/luxart.com\/en\/?s={search_term_string}\"},\"query-input\":{\"@type\":\"PropertyValueSpecification\",\"valueRequired\":true,\"valueName\":\"search_term_string\"}}],\"inLanguage\":\"en-US\"}]}<\/script>\n<!-- \/ Yoast SEO plugin. -->","yoast_head_json":{"title":"[K] Grapes, Lemons, Pears and Apples","description":"Famous painter Vincent Van Gogh giclee prints and paintings.","robots":{"index":"index","follow":"follow","max-snippet":"max-snippet:-1","max-image-preview":"max-image-preview:large","max-video-preview":"max-video-preview:-1"},"canonical":"https:\/\/luxart.com\/en\/paveikslai\/k-grapes-lemons-pears-and-apples\/","og_locale":"en_US","og_type":"article","og_title":"[K] Grapes, Lemons, Pears and Apples","og_description":"Famous painter Vincent Van Gogh giclee prints and paintings.","og_url":"https:\/\/luxart.com\/en\/paveikslai\/k-grapes-lemons-pears-and-apples\/","og_site_name":"Luxart","article_modified_time":"2022-02-09T12:34:41+00:00","og_image":[{"width":1000,"height":828,"url":"https:\/\/luxart.com\/wp-content\/uploads\/2022\/02\/Vincent-van-Gogh-Grapes-Lemons-Pears-and-Apples-1887-45-x-55-80-x-100-.jpg","type":"image\/jpeg"}],"twitter_card":"summary_large_image","schema":{"@context":"https:\/\/schema.org","@graph":[{"@type":"WebPage","@id":"https:\/\/luxart.com\/en\/paveikslai\/k-grapes-lemons-pears-and-apples\/","url":"https:\/\/luxart.com\/en\/paveikslai\/k-grapes-lemons-pears-and-apples\/","name":"[K] Grapes, Lemons, Pears and Apples","isPartOf":{"@id":"https:\/\/luxart.com\/en\/#website"},"primaryImageOfPage":{"@id":"https:\/\/luxart.com\/en\/paveikslai\/k-grapes-lemons-pears-and-apples\/#primaryimage"},"image":{"@id":"https:\/\/luxart.com\/en\/paveikslai\/k-grapes-lemons-pears-and-apples\/#primaryimage"},"thumbnailUrl":"https:\/\/luxart.com\/wp-content\/uploads\/2022\/02\/Vincent-van-Gogh-Grapes-Lemons-Pears-and-Apples-1887-45-x-55-80-x-100-.jpg","datePublished":"2022-02-09T12:09:31+00:00","dateModified":"2022-02-09T12:34:41+00:00","description":"Famous painter Vincent Van Gogh giclee prints and paintings.","breadcrumb":{"@id":"https:\/\/luxart.com\/en\/paveikslai\/k-grapes-lemons-pears-and-apples\/#breadcrumb"},"inLanguage":"en-US","potentialAction":[{"@type":"ReadAction","target":["https:\/\/luxart.com\/en\/paveikslai\/k-grapes-lemons-pears-and-apples\/"]}]},{"@type":"ImageObject","inLanguage":"en-US","@id":"https:\/\/luxart.com\/en\/paveikslai\/k-grapes-lemons-pears-and-apples\/#primaryimage","url":"https:\/\/luxart.com\/wp-content\/uploads\/2022\/02\/Vincent-van-Gogh-Grapes-Lemons-Pears-and-Apples-1887-45-x-55-80-x-100-.jpg","contentUrl":"https:\/\/luxart.com\/wp-content\/uploads\/2022\/02\/Vincent-van-Gogh-Grapes-Lemons-Pears-and-Apples-1887-45-x-55-80-x-100-.jpg","width":1000,"height":828,"caption":"[K] Vynuog\u0117s, citrinos, kriau\u0161\u0117s ir obuoliai"},{"@type":"BreadcrumbList","@id":"https:\/\/luxart.com\/en\/paveikslai\/k-grapes-lemons-pears-and-apples\/#breadcrumb","itemListElement":[{"@type":"ListItem","position":1,"name":"Home","item":"https:\/\/luxart.com\/en\/"},{"@type":"ListItem","position":2,"name":"Discover Luxart.club Artworks","item":"https:\/\/luxart.com\/en\/paintings\/"},{"@type":"ListItem","position":3,"name":"[K] Grapes, Lemons, Pears and Apples"}]},{"@type":"WebSite","@id":"https:\/\/luxart.com\/en\/#website","url":"https:\/\/luxart.com\/en\/","name":"Luxart","description":"Reproductions of paintings on canvas of the highest quality","potentialAction":[{"@type":"SearchAction","target":{"@type":"EntryPoint","urlTemplate":"https:\/\/luxart.com\/en\/?s={search_term_string}"},"query-input":{"@type":"PropertyValueSpecification","valueRequired":true,"valueName":"search_term_string"}}],"inLanguage":"en-US"}]}},"_links":{"self":[{"href":"https:\/\/luxart.com\/en\/wp-json\/wp\/v2\/product\/83210","targetHints":{"allow":["GET"]}}],"collection":[{"href":"https:\/\/luxart.com\/en\/wp-json\/wp\/v2\/product"}],"about":[{"href":"https:\/\/luxart.com\/en\/wp-json\/wp\/v2\/types\/product"}],"wp:featuredmedia":[{"embeddable":true,"href":"https:\/\/luxart.com\/en\/wp-json\/wp\/v2\/media\/83230"}],"wp:attachment":[{"href":"https:\/\/luxart.com\/en\/wp-json\/wp\/v2\/media?parent=83210"}],"wp:term":[{"taxonomy":"product_brand","embeddable":true,"href":"https:\/\/luxart.com\/en\/wp-json\/wp\/v2\/product_brand?post=83210"},{"taxonomy":"product_cat","embeddable":true,"href":"https:\/\/luxart.com\/en\/wp-json\/wp\/v2\/product_cat?post=83210"},{"taxonomy":"product_tag","embeddable":true,"href":"https:\/\/luxart.com\/en\/wp-json\/wp\/v2\/product_tag?post=83210"}],"curies":[{"name":"wp","href":"https:\/\/api.w.org\/{rel}","templated":true}]}}