{"id":84131,"date":"1991-03-11T18:16:33","date_gmt":"2022-03-11T18:16:33","guid":{"rendered":"https:\/\/luxart.com\/?post_type=product&#038;p=84131"},"modified":"2022-03-11T18:23:15","modified_gmt":"2022-03-11T18:23:15","slug":"unicorn","status":"publish","type":"product","link":"https:\/\/luxart.com\/en\/paveikslai\/unicorn\/","title":{"rendered":"Unicorn"},"content":{"rendered":"<p>&nbsp;<\/p>\n<p>&nbsp;<\/p>\n","protected":false},"excerpt":{"rendered":"<p>&nbsp; &nbsp;<\/p>\n","protected":false},"featured_media":84114,"template":"","meta":{"_acf_changed":false},"product_brand":[4093],"product_cat":[3844,3694],"product_tag":[4178],"class_list":{"0":"post-84131","1":"product","2":"type-product","3":"status-publish","4":"has-post-thumbnail","6":"product_brand-eurika-urbonaviciute","7":"product_cat-all-art","8":"product_cat-original-paintings","9":"product_tag-eurika-urbonaviciute-en","11":"first","12":"instock","13":"purchasable","14":"product-type-simple"},"acf":[],"yoast_head":"<!-- This site is optimized with the Yoast SEO plugin v27.5 - https:\/\/yoast.com\/product\/yoast-seo-wordpress\/ -->\n<title>Unicorn<\/title>\n<meta name=\"description\" content=\"Multilayer oil paintings, high-quality Podolsk canvas and surreal style of paintings are the uniqueness of Eurika Urbonavi\u010di\u016bt\u0117&#039;s paintings.\" \/>\n<meta name=\"robots\" content=\"index, follow, max-snippet:-1, max-image-preview:large, max-video-preview:-1\" \/>\n<link rel=\"canonical\" href=\"https:\/\/luxart.com\/en\/paveikslai\/unicorn\/\" \/>\n<meta property=\"og:locale\" content=\"en_US\" \/>\n<meta property=\"og:type\" content=\"article\" \/>\n<meta property=\"og:title\" content=\"Unicorn\" \/>\n<meta property=\"og:description\" content=\"Multilayer oil paintings, high-quality Podolsk canvas and surreal style of paintings are the uniqueness of Eurika Urbonavi\u010di\u016bt\u0117&#039;s paintings.\" \/>\n<meta property=\"og:url\" content=\"https:\/\/luxart.com\/en\/paveikslai\/unicorn\/\" \/>\n<meta property=\"og:site_name\" content=\"Luxart\" \/>\n<meta property=\"article:modified_time\" content=\"2022-03-11T18:23:15+00:00\" \/>\n<meta property=\"og:image\" content=\"https:\/\/luxart.com\/wp-content\/uploads\/2022\/03\/Vienaragis-2022-90-x-140-110-x-170-.jpg\" \/>\n\t<meta property=\"og:image:width\" content=\"1000\" \/>\n\t<meta property=\"og:image:height\" content=\"643\" \/>\n\t<meta property=\"og:image:type\" content=\"image\/jpeg\" \/>\n<meta name=\"twitter:card\" content=\"summary_large_image\" \/>\n<script type=\"application\/ld+json\" class=\"yoast-schema-graph\">{\"@context\":\"https:\\\/\\\/schema.org\",\"@graph\":[{\"@type\":\"WebPage\",\"@id\":\"https:\\\/\\\/luxart.com\\\/en\\\/paveikslai\\\/unicorn\\\/\",\"url\":\"https:\\\/\\\/luxart.com\\\/en\\\/paveikslai\\\/unicorn\\\/\",\"name\":\"Unicorn\",\"isPartOf\":{\"@id\":\"https:\\\/\\\/luxart.com\\\/en\\\/#website\"},\"primaryImageOfPage\":{\"@id\":\"https:\\\/\\\/luxart.com\\\/en\\\/paveikslai\\\/unicorn\\\/#primaryimage\"},\"image\":{\"@id\":\"https:\\\/\\\/luxart.com\\\/en\\\/paveikslai\\\/unicorn\\\/#primaryimage\"},\"thumbnailUrl\":\"https:\\\/\\\/luxart.com\\\/wp-content\\\/uploads\\\/2022\\\/03\\\/Vienaragis-2022-90-x-140-110-x-170-.jpg\",\"datePublished\":\"2022-03-11T18:16:33+00:00\",\"dateModified\":\"2022-03-11T18:23:15+00:00\",\"description\":\"Multilayer oil paintings, high-quality Podolsk canvas and surreal style of paintings are the uniqueness of Eurika Urbonavi\u010di\u016bt\u0117's paintings.\",\"breadcrumb\":{\"@id\":\"https:\\\/\\\/luxart.com\\\/en\\\/paveikslai\\\/unicorn\\\/#breadcrumb\"},\"inLanguage\":\"en-US\",\"potentialAction\":[{\"@type\":\"ReadAction\",\"target\":[\"https:\\\/\\\/luxart.com\\\/en\\\/paveikslai\\\/unicorn\\\/\"]}]},{\"@type\":\"ImageObject\",\"inLanguage\":\"en-US\",\"@id\":\"https:\\\/\\\/luxart.com\\\/en\\\/paveikslai\\\/unicorn\\\/#primaryimage\",\"url\":\"https:\\\/\\\/luxart.com\\\/wp-content\\\/uploads\\\/2022\\\/03\\\/Vienaragis-2022-90-x-140-110-x-170-.jpg\",\"contentUrl\":\"https:\\\/\\\/luxart.com\\\/wp-content\\\/uploads\\\/2022\\\/03\\\/Vienaragis-2022-90-x-140-110-x-170-.jpg\",\"width\":1000,\"height\":643,\"caption\":\"[R] Unicorn\"},{\"@type\":\"BreadcrumbList\",\"@id\":\"https:\\\/\\\/luxart.com\\\/en\\\/paveikslai\\\/unicorn\\\/#breadcrumb\",\"itemListElement\":[{\"@type\":\"ListItem\",\"position\":1,\"name\":\"Home\",\"item\":\"https:\\\/\\\/luxart.com\\\/en\\\/\"},{\"@type\":\"ListItem\",\"position\":2,\"name\":\"Discover Luxart.club Artworks\",\"item\":\"https:\\\/\\\/luxart.com\\\/en\\\/paintings\\\/\"},{\"@type\":\"ListItem\",\"position\":3,\"name\":\"Unicorn\"}]},{\"@type\":\"WebSite\",\"@id\":\"https:\\\/\\\/luxart.com\\\/en\\\/#website\",\"url\":\"https:\\\/\\\/luxart.com\\\/en\\\/\",\"name\":\"Luxart\",\"description\":\"Reproductions of paintings on canvas of the highest quality\",\"potentialAction\":[{\"@type\":\"SearchAction\",\"target\":{\"@type\":\"EntryPoint\",\"urlTemplate\":\"https:\\\/\\\/luxart.com\\\/en\\\/?s={search_term_string}\"},\"query-input\":{\"@type\":\"PropertyValueSpecification\",\"valueRequired\":true,\"valueName\":\"search_term_string\"}}],\"inLanguage\":\"en-US\"}]}<\/script>\n<!-- \/ Yoast SEO plugin. -->","yoast_head_json":{"title":"Unicorn","description":"Multilayer oil paintings, high-quality Podolsk canvas and surreal style of paintings are the uniqueness of Eurika Urbonavi\u010di\u016bt\u0117's paintings.","robots":{"index":"index","follow":"follow","max-snippet":"max-snippet:-1","max-image-preview":"max-image-preview:large","max-video-preview":"max-video-preview:-1"},"canonical":"https:\/\/luxart.com\/en\/paveikslai\/unicorn\/","og_locale":"en_US","og_type":"article","og_title":"Unicorn","og_description":"Multilayer oil paintings, high-quality Podolsk canvas and surreal style of paintings are the uniqueness of Eurika Urbonavi\u010di\u016bt\u0117's paintings.","og_url":"https:\/\/luxart.com\/en\/paveikslai\/unicorn\/","og_site_name":"Luxart","article_modified_time":"2022-03-11T18:23:15+00:00","og_image":[{"width":1000,"height":643,"url":"https:\/\/luxart.com\/wp-content\/uploads\/2022\/03\/Vienaragis-2022-90-x-140-110-x-170-.jpg","type":"image\/jpeg"}],"twitter_card":"summary_large_image","schema":{"@context":"https:\/\/schema.org","@graph":[{"@type":"WebPage","@id":"https:\/\/luxart.com\/en\/paveikslai\/unicorn\/","url":"https:\/\/luxart.com\/en\/paveikslai\/unicorn\/","name":"Unicorn","isPartOf":{"@id":"https:\/\/luxart.com\/en\/#website"},"primaryImageOfPage":{"@id":"https:\/\/luxart.com\/en\/paveikslai\/unicorn\/#primaryimage"},"image":{"@id":"https:\/\/luxart.com\/en\/paveikslai\/unicorn\/#primaryimage"},"thumbnailUrl":"https:\/\/luxart.com\/wp-content\/uploads\/2022\/03\/Vienaragis-2022-90-x-140-110-x-170-.jpg","datePublished":"2022-03-11T18:16:33+00:00","dateModified":"2022-03-11T18:23:15+00:00","description":"Multilayer oil paintings, high-quality Podolsk canvas and surreal style of paintings are the uniqueness of Eurika Urbonavi\u010di\u016bt\u0117's paintings.","breadcrumb":{"@id":"https:\/\/luxart.com\/en\/paveikslai\/unicorn\/#breadcrumb"},"inLanguage":"en-US","potentialAction":[{"@type":"ReadAction","target":["https:\/\/luxart.com\/en\/paveikslai\/unicorn\/"]}]},{"@type":"ImageObject","inLanguage":"en-US","@id":"https:\/\/luxart.com\/en\/paveikslai\/unicorn\/#primaryimage","url":"https:\/\/luxart.com\/wp-content\/uploads\/2022\/03\/Vienaragis-2022-90-x-140-110-x-170-.jpg","contentUrl":"https:\/\/luxart.com\/wp-content\/uploads\/2022\/03\/Vienaragis-2022-90-x-140-110-x-170-.jpg","width":1000,"height":643,"caption":"[R] Unicorn"},{"@type":"BreadcrumbList","@id":"https:\/\/luxart.com\/en\/paveikslai\/unicorn\/#breadcrumb","itemListElement":[{"@type":"ListItem","position":1,"name":"Home","item":"https:\/\/luxart.com\/en\/"},{"@type":"ListItem","position":2,"name":"Discover Luxart.club Artworks","item":"https:\/\/luxart.com\/en\/paintings\/"},{"@type":"ListItem","position":3,"name":"Unicorn"}]},{"@type":"WebSite","@id":"https:\/\/luxart.com\/en\/#website","url":"https:\/\/luxart.com\/en\/","name":"Luxart","description":"Reproductions of paintings on canvas of the highest quality","potentialAction":[{"@type":"SearchAction","target":{"@type":"EntryPoint","urlTemplate":"https:\/\/luxart.com\/en\/?s={search_term_string}"},"query-input":{"@type":"PropertyValueSpecification","valueRequired":true,"valueName":"search_term_string"}}],"inLanguage":"en-US"}]}},"_links":{"self":[{"href":"https:\/\/luxart.com\/en\/wp-json\/wp\/v2\/product\/84131","targetHints":{"allow":["GET"]}}],"collection":[{"href":"https:\/\/luxart.com\/en\/wp-json\/wp\/v2\/product"}],"about":[{"href":"https:\/\/luxart.com\/en\/wp-json\/wp\/v2\/types\/product"}],"wp:featuredmedia":[{"embeddable":true,"href":"https:\/\/luxart.com\/en\/wp-json\/wp\/v2\/media\/84114"}],"wp:attachment":[{"href":"https:\/\/luxart.com\/en\/wp-json\/wp\/v2\/media?parent=84131"}],"wp:term":[{"taxonomy":"product_brand","embeddable":true,"href":"https:\/\/luxart.com\/en\/wp-json\/wp\/v2\/product_brand?post=84131"},{"taxonomy":"product_cat","embeddable":true,"href":"https:\/\/luxart.com\/en\/wp-json\/wp\/v2\/product_cat?post=84131"},{"taxonomy":"product_tag","embeddable":true,"href":"https:\/\/luxart.com\/en\/wp-json\/wp\/v2\/product_tag?post=84131"}],"curies":[{"name":"wp","href":"https:\/\/api.w.org\/{rel}","templated":true}]}}