{"id":84236,"date":"2015-03-14T13:37:33","date_gmt":"2022-03-14T13:37:34","guid":{"rendered":"https:\/\/luxart.com\/?post_type=product&#038;p=84236"},"modified":"2022-03-14T14:09:18","modified_gmt":"2022-03-14T14:09:18","slug":"r-kitchen-cabinet-window","status":"publish","type":"product","link":"https:\/\/luxart.com\/en\/paveikslai\/r-kitchen-cabinet-window\/","title":{"rendered":"[R] Kitchen cabinet window"},"content":{"rendered":"","protected":false},"excerpt":{"rendered":"","protected":false},"featured_media":84193,"template":"","meta":{"_acf_changed":false},"product_brand":[4293],"product_cat":[3844,3696],"product_tag":[4295,4218],"class_list":{"0":"post-84236","1":"product","2":"type-product","3":"status-publish","4":"has-post-thumbnail","6":"product_brand-gabriele-sermuksnyte-en","7":"product_cat-all-art","8":"product_cat-prints-on-canvas","9":"product_tag-gabriele-sermkuksnyte-en","10":"product_tag-prints-on-canvas-en","12":"first","13":"instock","14":"purchasable","15":"product-type-simple"},"acf":[],"yoast_head":"<!-- This site is optimized with the Yoast SEO plugin v27.2 - https:\/\/yoast.com\/product\/yoast-seo-wordpress\/ -->\n<title>[R] Kitchen cabinet window<\/title>\n<meta name=\"description\" content=\"Gabriel\u0117 \u0160ermuk\u0161nyt\u0117 is a representative of the young generation, a recognizable creative figure figurative painting.\" \/>\n<meta name=\"robots\" content=\"index, follow, max-snippet:-1, max-image-preview:large, max-video-preview:-1\" \/>\n<link rel=\"canonical\" href=\"https:\/\/luxart.com\/en\/paveikslai\/r-kitchen-cabinet-window\/\" \/>\n<meta property=\"og:locale\" content=\"en_US\" \/>\n<meta property=\"og:type\" content=\"article\" \/>\n<meta property=\"og:title\" content=\"[R] Kitchen cabinet window\" \/>\n<meta property=\"og:description\" content=\"Gabriel\u0117 \u0160ermuk\u0161nyt\u0117 is a representative of the young generation, a recognizable creative figure figurative painting.\" \/>\n<meta property=\"og:url\" content=\"https:\/\/luxart.com\/en\/paveikslai\/r-kitchen-cabinet-window\/\" \/>\n<meta property=\"og:site_name\" content=\"Luxart\" \/>\n<meta property=\"article:modified_time\" content=\"2022-03-14T14:09:18+00:00\" \/>\n<meta property=\"og:image\" content=\"https:\/\/luxart.com\/wp-content\/uploads\/2022\/03\/Virtuves-spitneles-langas-60-x-50-95-x-80.jpg\" \/>\n\t<meta property=\"og:image:width\" content=\"900\" \/>\n\t<meta property=\"og:image:height\" content=\"1082\" \/>\n\t<meta property=\"og:image:type\" content=\"image\/jpeg\" \/>\n<meta name=\"twitter:card\" content=\"summary_large_image\" \/>\n<script type=\"application\/ld+json\" class=\"yoast-schema-graph\">{\"@context\":\"https:\/\/schema.org\",\"@graph\":[{\"@type\":\"WebPage\",\"@id\":\"https:\/\/luxart.com\/en\/paveikslai\/r-kitchen-cabinet-window\/\",\"url\":\"https:\/\/luxart.com\/en\/paveikslai\/r-kitchen-cabinet-window\/\",\"name\":\"[R] Kitchen cabinet window\",\"isPartOf\":{\"@id\":\"https:\/\/luxart.com\/en\/#website\"},\"primaryImageOfPage\":{\"@id\":\"https:\/\/luxart.com\/en\/paveikslai\/r-kitchen-cabinet-window\/#primaryimage\"},\"image\":{\"@id\":\"https:\/\/luxart.com\/en\/paveikslai\/r-kitchen-cabinet-window\/#primaryimage\"},\"thumbnailUrl\":\"https:\/\/luxart.com\/wp-content\/uploads\/2022\/03\/Virtuves-spitneles-langas-60-x-50-95-x-80.jpg\",\"datePublished\":\"2022-03-14T13:37:34+00:00\",\"dateModified\":\"2022-03-14T14:09:18+00:00\",\"description\":\"Gabriel\u0117 \u0160ermuk\u0161nyt\u0117 is a representative of the young generation, a recognizable creative figure figurative painting.\",\"breadcrumb\":{\"@id\":\"https:\/\/luxart.com\/en\/paveikslai\/r-kitchen-cabinet-window\/#breadcrumb\"},\"inLanguage\":\"en-US\",\"potentialAction\":[{\"@type\":\"ReadAction\",\"target\":[\"https:\/\/luxart.com\/en\/paveikslai\/r-kitchen-cabinet-window\/\"]}]},{\"@type\":\"ImageObject\",\"inLanguage\":\"en-US\",\"@id\":\"https:\/\/luxart.com\/en\/paveikslai\/r-kitchen-cabinet-window\/#primaryimage\",\"url\":\"https:\/\/luxart.com\/wp-content\/uploads\/2022\/03\/Virtuves-spitneles-langas-60-x-50-95-x-80.jpg\",\"contentUrl\":\"https:\/\/luxart.com\/wp-content\/uploads\/2022\/03\/Virtuves-spitneles-langas-60-x-50-95-x-80.jpg\",\"width\":900,\"height\":1082,\"caption\":\"[R] Kitchen cabinet window\"},{\"@type\":\"BreadcrumbList\",\"@id\":\"https:\/\/luxart.com\/en\/paveikslai\/r-kitchen-cabinet-window\/#breadcrumb\",\"itemListElement\":[{\"@type\":\"ListItem\",\"position\":1,\"name\":\"Home\",\"item\":\"https:\/\/luxart.com\/en\/\"},{\"@type\":\"ListItem\",\"position\":2,\"name\":\"Discover Luxart.club Artworks\",\"item\":\"https:\/\/luxart.com\/en\/paintings\/\"},{\"@type\":\"ListItem\",\"position\":3,\"name\":\"[R] Kitchen cabinet window\"}]},{\"@type\":\"WebSite\",\"@id\":\"https:\/\/luxart.com\/en\/#website\",\"url\":\"https:\/\/luxart.com\/en\/\",\"name\":\"Luxart\",\"description\":\"Reproductions of paintings on canvas of the highest quality\",\"potentialAction\":[{\"@type\":\"SearchAction\",\"target\":{\"@type\":\"EntryPoint\",\"urlTemplate\":\"https:\/\/luxart.com\/en\/?s={search_term_string}\"},\"query-input\":{\"@type\":\"PropertyValueSpecification\",\"valueRequired\":true,\"valueName\":\"search_term_string\"}}],\"inLanguage\":\"en-US\"}]}<\/script>\n<!-- \/ Yoast SEO plugin. -->","yoast_head_json":{"title":"[R] Kitchen cabinet window","description":"Gabriel\u0117 \u0160ermuk\u0161nyt\u0117 is a representative of the young generation, a recognizable creative figure figurative painting.","robots":{"index":"index","follow":"follow","max-snippet":"max-snippet:-1","max-image-preview":"max-image-preview:large","max-video-preview":"max-video-preview:-1"},"canonical":"https:\/\/luxart.com\/en\/paveikslai\/r-kitchen-cabinet-window\/","og_locale":"en_US","og_type":"article","og_title":"[R] Kitchen cabinet window","og_description":"Gabriel\u0117 \u0160ermuk\u0161nyt\u0117 is a representative of the young generation, a recognizable creative figure figurative painting.","og_url":"https:\/\/luxart.com\/en\/paveikslai\/r-kitchen-cabinet-window\/","og_site_name":"Luxart","article_modified_time":"2022-03-14T14:09:18+00:00","og_image":[{"width":900,"height":1082,"url":"https:\/\/luxart.com\/wp-content\/uploads\/2022\/03\/Virtuves-spitneles-langas-60-x-50-95-x-80.jpg","type":"image\/jpeg"}],"twitter_card":"summary_large_image","schema":{"@context":"https:\/\/schema.org","@graph":[{"@type":"WebPage","@id":"https:\/\/luxart.com\/en\/paveikslai\/r-kitchen-cabinet-window\/","url":"https:\/\/luxart.com\/en\/paveikslai\/r-kitchen-cabinet-window\/","name":"[R] Kitchen cabinet window","isPartOf":{"@id":"https:\/\/luxart.com\/en\/#website"},"primaryImageOfPage":{"@id":"https:\/\/luxart.com\/en\/paveikslai\/r-kitchen-cabinet-window\/#primaryimage"},"image":{"@id":"https:\/\/luxart.com\/en\/paveikslai\/r-kitchen-cabinet-window\/#primaryimage"},"thumbnailUrl":"https:\/\/luxart.com\/wp-content\/uploads\/2022\/03\/Virtuves-spitneles-langas-60-x-50-95-x-80.jpg","datePublished":"2022-03-14T13:37:34+00:00","dateModified":"2022-03-14T14:09:18+00:00","description":"Gabriel\u0117 \u0160ermuk\u0161nyt\u0117 is a representative of the young generation, a recognizable creative figure figurative painting.","breadcrumb":{"@id":"https:\/\/luxart.com\/en\/paveikslai\/r-kitchen-cabinet-window\/#breadcrumb"},"inLanguage":"en-US","potentialAction":[{"@type":"ReadAction","target":["https:\/\/luxart.com\/en\/paveikslai\/r-kitchen-cabinet-window\/"]}]},{"@type":"ImageObject","inLanguage":"en-US","@id":"https:\/\/luxart.com\/en\/paveikslai\/r-kitchen-cabinet-window\/#primaryimage","url":"https:\/\/luxart.com\/wp-content\/uploads\/2022\/03\/Virtuves-spitneles-langas-60-x-50-95-x-80.jpg","contentUrl":"https:\/\/luxart.com\/wp-content\/uploads\/2022\/03\/Virtuves-spitneles-langas-60-x-50-95-x-80.jpg","width":900,"height":1082,"caption":"[R] Kitchen cabinet window"},{"@type":"BreadcrumbList","@id":"https:\/\/luxart.com\/en\/paveikslai\/r-kitchen-cabinet-window\/#breadcrumb","itemListElement":[{"@type":"ListItem","position":1,"name":"Home","item":"https:\/\/luxart.com\/en\/"},{"@type":"ListItem","position":2,"name":"Discover Luxart.club Artworks","item":"https:\/\/luxart.com\/en\/paintings\/"},{"@type":"ListItem","position":3,"name":"[R] Kitchen cabinet window"}]},{"@type":"WebSite","@id":"https:\/\/luxart.com\/en\/#website","url":"https:\/\/luxart.com\/en\/","name":"Luxart","description":"Reproductions of paintings on canvas of the highest quality","potentialAction":[{"@type":"SearchAction","target":{"@type":"EntryPoint","urlTemplate":"https:\/\/luxart.com\/en\/?s={search_term_string}"},"query-input":{"@type":"PropertyValueSpecification","valueRequired":true,"valueName":"search_term_string"}}],"inLanguage":"en-US"}]}},"_links":{"self":[{"href":"https:\/\/luxart.com\/en\/wp-json\/wp\/v2\/product\/84236","targetHints":{"allow":["GET"]}}],"collection":[{"href":"https:\/\/luxart.com\/en\/wp-json\/wp\/v2\/product"}],"about":[{"href":"https:\/\/luxart.com\/en\/wp-json\/wp\/v2\/types\/product"}],"wp:featuredmedia":[{"embeddable":true,"href":"https:\/\/luxart.com\/en\/wp-json\/wp\/v2\/media\/84193"}],"wp:attachment":[{"href":"https:\/\/luxart.com\/en\/wp-json\/wp\/v2\/media?parent=84236"}],"wp:term":[{"taxonomy":"product_brand","embeddable":true,"href":"https:\/\/luxart.com\/en\/wp-json\/wp\/v2\/product_brand?post=84236"},{"taxonomy":"product_cat","embeddable":true,"href":"https:\/\/luxart.com\/en\/wp-json\/wp\/v2\/product_cat?post=84236"},{"taxonomy":"product_tag","embeddable":true,"href":"https:\/\/luxart.com\/en\/wp-json\/wp\/v2\/product_tag?post=84236"}],"curies":[{"name":"wp","href":"https:\/\/api.w.org\/{rel}","templated":true}]}}