{"id":87175,"date":"2016-09-08T08:18:32","date_gmt":"2022-09-08T08:18:35","guid":{"rendered":"https:\/\/luxart.com\/?post_type=product&#038;p=87175"},"modified":"2022-09-08T08:25:17","modified_gmt":"2022-09-08T08:25:17","slug":"r-femme-3","status":"publish","type":"product","link":"https:\/\/luxart.com\/en\/paveikslai\/r-femme-3\/","title":{"rendered":"[R] Femme II"},"content":{"rendered":"","protected":false},"excerpt":{"rendered":"","protected":false},"featured_media":87177,"template":"","meta":{"_acf_changed":false},"product_brand":[4093],"product_cat":[3844,3696],"product_tag":[4178,4280,4218],"class_list":{"0":"post-87175","1":"product","2":"type-product","3":"status-publish","4":"has-post-thumbnail","6":"product_brand-eurika-urbonaviciute","7":"product_cat-all-art","8":"product_cat-prints-on-canvas","9":"product_tag-eurika-urbonaviciute-en","10":"product_tag-giclee-prints-en","11":"product_tag-prints-on-canvas-en","13":"first","14":"instock","15":"purchasable","16":"product-type-simple"},"acf":[],"yoast_head":"<!-- This site is optimized with the Yoast SEO plugin v27.3 - https:\/\/yoast.com\/product\/yoast-seo-wordpress\/ -->\n<title>Femme-III-80-X-160<\/title>\n<meta name=\"description\" content=\"Famous Lithuanian artist and painter Eurika Urbonavi\u010di\u016bt\u0117 paintings and limited edition prints\" \/>\n<meta name=\"robots\" content=\"index, follow, max-snippet:-1, max-image-preview:large, max-video-preview:-1\" \/>\n<link rel=\"canonical\" href=\"https:\/\/luxart.com\/en\/paveikslai\/r-femme-3\/\" \/>\n<meta property=\"og:locale\" content=\"en_US\" \/>\n<meta property=\"og:type\" content=\"article\" \/>\n<meta property=\"og:title\" content=\"Femme-III-80-X-160\" \/>\n<meta property=\"og:description\" content=\"Famous Lithuanian artist and painter Eurika Urbonavi\u010di\u016bt\u0117 paintings and limited edition prints\" \/>\n<meta property=\"og:url\" content=\"https:\/\/luxart.com\/en\/paveikslai\/r-femme-3\/\" \/>\n<meta property=\"og:site_name\" content=\"Luxart\" \/>\n<meta property=\"article:modified_time\" content=\"2022-09-08T08:25:17+00:00\" \/>\n<meta property=\"og:image\" content=\"https:\/\/luxart.com\/wp-content\/uploads\/2022\/09\/Femme-III-80-X-160.jpg\" \/>\n\t<meta property=\"og:image:width\" content=\"1000\" \/>\n\t<meta property=\"og:image:height\" content=\"500\" \/>\n\t<meta property=\"og:image:type\" content=\"image\/jpeg\" \/>\n<meta name=\"twitter:card\" content=\"summary_large_image\" \/>\n<script type=\"application\/ld+json\" class=\"yoast-schema-graph\">{\"@context\":\"https:\\\/\\\/schema.org\",\"@graph\":[{\"@type\":\"WebPage\",\"@id\":\"https:\\\/\\\/luxart.com\\\/en\\\/paveikslai\\\/r-femme-3\\\/\",\"url\":\"https:\\\/\\\/luxart.com\\\/en\\\/paveikslai\\\/r-femme-3\\\/\",\"name\":\"Femme-III-80-X-160\",\"isPartOf\":{\"@id\":\"https:\\\/\\\/luxart.com\\\/en\\\/#website\"},\"primaryImageOfPage\":{\"@id\":\"https:\\\/\\\/luxart.com\\\/en\\\/paveikslai\\\/r-femme-3\\\/#primaryimage\"},\"image\":{\"@id\":\"https:\\\/\\\/luxart.com\\\/en\\\/paveikslai\\\/r-femme-3\\\/#primaryimage\"},\"thumbnailUrl\":\"https:\\\/\\\/luxart.com\\\/wp-content\\\/uploads\\\/2022\\\/09\\\/Femme-III-80-X-160.jpg\",\"datePublished\":\"2022-09-08T08:18:35+00:00\",\"dateModified\":\"2022-09-08T08:25:17+00:00\",\"description\":\"Famous Lithuanian artist and painter Eurika Urbonavi\u010di\u016bt\u0117 paintings and limited edition prints\",\"breadcrumb\":{\"@id\":\"https:\\\/\\\/luxart.com\\\/en\\\/paveikslai\\\/r-femme-3\\\/#breadcrumb\"},\"inLanguage\":\"en-US\",\"potentialAction\":[{\"@type\":\"ReadAction\",\"target\":[\"https:\\\/\\\/luxart.com\\\/en\\\/paveikslai\\\/r-femme-3\\\/\"]}]},{\"@type\":\"ImageObject\",\"inLanguage\":\"en-US\",\"@id\":\"https:\\\/\\\/luxart.com\\\/en\\\/paveikslai\\\/r-femme-3\\\/#primaryimage\",\"url\":\"https:\\\/\\\/luxart.com\\\/wp-content\\\/uploads\\\/2022\\\/09\\\/Femme-III-80-X-160.jpg\",\"contentUrl\":\"https:\\\/\\\/luxart.com\\\/wp-content\\\/uploads\\\/2022\\\/09\\\/Femme-III-80-X-160.jpg\",\"width\":1000,\"height\":500,\"caption\":\"Femme-III-80-X-160\"},{\"@type\":\"BreadcrumbList\",\"@id\":\"https:\\\/\\\/luxart.com\\\/en\\\/paveikslai\\\/r-femme-3\\\/#breadcrumb\",\"itemListElement\":[{\"@type\":\"ListItem\",\"position\":1,\"name\":\"Home\",\"item\":\"https:\\\/\\\/luxart.com\\\/en\\\/\"},{\"@type\":\"ListItem\",\"position\":2,\"name\":\"Discover Luxart.club Artworks\",\"item\":\"https:\\\/\\\/luxart.com\\\/en\\\/paintings\\\/\"},{\"@type\":\"ListItem\",\"position\":3,\"name\":\"[R] Femme II\"}]},{\"@type\":\"WebSite\",\"@id\":\"https:\\\/\\\/luxart.com\\\/en\\\/#website\",\"url\":\"https:\\\/\\\/luxart.com\\\/en\\\/\",\"name\":\"Luxart\",\"description\":\"Reproductions of paintings on canvas of the highest quality\",\"potentialAction\":[{\"@type\":\"SearchAction\",\"target\":{\"@type\":\"EntryPoint\",\"urlTemplate\":\"https:\\\/\\\/luxart.com\\\/en\\\/?s={search_term_string}\"},\"query-input\":{\"@type\":\"PropertyValueSpecification\",\"valueRequired\":true,\"valueName\":\"search_term_string\"}}],\"inLanguage\":\"en-US\"}]}<\/script>\n<!-- \/ Yoast SEO plugin. -->","yoast_head_json":{"title":"Femme-III-80-X-160","description":"Famous Lithuanian artist and painter Eurika Urbonavi\u010di\u016bt\u0117 paintings and limited edition prints","robots":{"index":"index","follow":"follow","max-snippet":"max-snippet:-1","max-image-preview":"max-image-preview:large","max-video-preview":"max-video-preview:-1"},"canonical":"https:\/\/luxart.com\/en\/paveikslai\/r-femme-3\/","og_locale":"en_US","og_type":"article","og_title":"Femme-III-80-X-160","og_description":"Famous Lithuanian artist and painter Eurika Urbonavi\u010di\u016bt\u0117 paintings and limited edition prints","og_url":"https:\/\/luxart.com\/en\/paveikslai\/r-femme-3\/","og_site_name":"Luxart","article_modified_time":"2022-09-08T08:25:17+00:00","og_image":[{"width":1000,"height":500,"url":"https:\/\/luxart.com\/wp-content\/uploads\/2022\/09\/Femme-III-80-X-160.jpg","type":"image\/jpeg"}],"twitter_card":"summary_large_image","schema":{"@context":"https:\/\/schema.org","@graph":[{"@type":"WebPage","@id":"https:\/\/luxart.com\/en\/paveikslai\/r-femme-3\/","url":"https:\/\/luxart.com\/en\/paveikslai\/r-femme-3\/","name":"Femme-III-80-X-160","isPartOf":{"@id":"https:\/\/luxart.com\/en\/#website"},"primaryImageOfPage":{"@id":"https:\/\/luxart.com\/en\/paveikslai\/r-femme-3\/#primaryimage"},"image":{"@id":"https:\/\/luxart.com\/en\/paveikslai\/r-femme-3\/#primaryimage"},"thumbnailUrl":"https:\/\/luxart.com\/wp-content\/uploads\/2022\/09\/Femme-III-80-X-160.jpg","datePublished":"2022-09-08T08:18:35+00:00","dateModified":"2022-09-08T08:25:17+00:00","description":"Famous Lithuanian artist and painter Eurika Urbonavi\u010di\u016bt\u0117 paintings and limited edition prints","breadcrumb":{"@id":"https:\/\/luxart.com\/en\/paveikslai\/r-femme-3\/#breadcrumb"},"inLanguage":"en-US","potentialAction":[{"@type":"ReadAction","target":["https:\/\/luxart.com\/en\/paveikslai\/r-femme-3\/"]}]},{"@type":"ImageObject","inLanguage":"en-US","@id":"https:\/\/luxart.com\/en\/paveikslai\/r-femme-3\/#primaryimage","url":"https:\/\/luxart.com\/wp-content\/uploads\/2022\/09\/Femme-III-80-X-160.jpg","contentUrl":"https:\/\/luxart.com\/wp-content\/uploads\/2022\/09\/Femme-III-80-X-160.jpg","width":1000,"height":500,"caption":"Femme-III-80-X-160"},{"@type":"BreadcrumbList","@id":"https:\/\/luxart.com\/en\/paveikslai\/r-femme-3\/#breadcrumb","itemListElement":[{"@type":"ListItem","position":1,"name":"Home","item":"https:\/\/luxart.com\/en\/"},{"@type":"ListItem","position":2,"name":"Discover Luxart.club Artworks","item":"https:\/\/luxart.com\/en\/paintings\/"},{"@type":"ListItem","position":3,"name":"[R] Femme II"}]},{"@type":"WebSite","@id":"https:\/\/luxart.com\/en\/#website","url":"https:\/\/luxart.com\/en\/","name":"Luxart","description":"Reproductions of paintings on canvas of the highest quality","potentialAction":[{"@type":"SearchAction","target":{"@type":"EntryPoint","urlTemplate":"https:\/\/luxart.com\/en\/?s={search_term_string}"},"query-input":{"@type":"PropertyValueSpecification","valueRequired":true,"valueName":"search_term_string"}}],"inLanguage":"en-US"}]}},"_links":{"self":[{"href":"https:\/\/luxart.com\/en\/wp-json\/wp\/v2\/product\/87175","targetHints":{"allow":["GET"]}}],"collection":[{"href":"https:\/\/luxart.com\/en\/wp-json\/wp\/v2\/product"}],"about":[{"href":"https:\/\/luxart.com\/en\/wp-json\/wp\/v2\/types\/product"}],"wp:featuredmedia":[{"embeddable":true,"href":"https:\/\/luxart.com\/en\/wp-json\/wp\/v2\/media\/87177"}],"wp:attachment":[{"href":"https:\/\/luxart.com\/en\/wp-json\/wp\/v2\/media?parent=87175"}],"wp:term":[{"taxonomy":"product_brand","embeddable":true,"href":"https:\/\/luxart.com\/en\/wp-json\/wp\/v2\/product_brand?post=87175"},{"taxonomy":"product_cat","embeddable":true,"href":"https:\/\/luxart.com\/en\/wp-json\/wp\/v2\/product_cat?post=87175"},{"taxonomy":"product_tag","embeddable":true,"href":"https:\/\/luxart.com\/en\/wp-json\/wp\/v2\/product_tag?post=87175"}],"curies":[{"name":"wp","href":"https:\/\/api.w.org\/{rel}","templated":true}]}}