{"id":94555,"date":"2023-03-08T13:50:51","date_gmt":"2024-03-08T13:50:51","guid":{"rendered":"https:\/\/luxart.com\/?post_type=product&#038;p=94555"},"modified":"2024-03-08T13:56:23","modified_gmt":"2024-03-08T13:56:23","slug":"r-herbs-meadows-2024","status":"publish","type":"product","link":"https:\/\/luxart.com\/en\/paveikslai\/r-herbs-meadows-2024\/","title":{"rendered":"[R] Herbs Meadows (2024)"},"content":{"rendered":"","protected":false},"excerpt":{"rendered":"","protected":false},"featured_media":94547,"template":"","meta":{"_acf_changed":false},"product_brand":[4251],"product_cat":[3844,3696],"product_tag":[4218,4219],"class_list":{"0":"post-94555","1":"product","2":"type-product","3":"status-publish","4":"has-post-thumbnail","6":"product_brand-zivile-rudzikaite-matuzoniene-en","7":"product_cat-all-art","8":"product_cat-prints-on-canvas","9":"product_tag-prints-on-canvas-en","10":"product_tag-zivile-matuzoniene-en","12":"first","13":"instock","14":"purchasable","15":"product-type-simple"},"acf":[],"yoast_head":"<!-- This site is optimized with the Yoast SEO plugin v27.2 - https:\/\/yoast.com\/product\/yoast-seo-wordpress\/ -->\n<title>[R] Herbs Meadows (2024)<\/title>\n<meta name=\"description\" content=\"\u017d. Rudzikait\u0117 Matuzonien\u0117&#039;s reproduction on canvas is a great choice for everyone&#039;s interior. Create a home you would always want to return to!\" \/>\n<meta name=\"robots\" content=\"index, follow, max-snippet:-1, max-image-preview:large, max-video-preview:-1\" \/>\n<link rel=\"canonical\" href=\"https:\/\/luxart.com\/en\/paveikslai\/r-herbs-meadows-2024\/\" \/>\n<meta property=\"og:locale\" content=\"en_US\" \/>\n<meta property=\"og:type\" content=\"article\" \/>\n<meta property=\"og:title\" content=\"[R] Herbs Meadows (2024)\" \/>\n<meta property=\"og:description\" content=\"\u017d. Rudzikait\u0117 Matuzonien\u0117&#039;s reproduction on canvas is a great choice for everyone&#039;s interior. Create a home you would always want to return to!\" \/>\n<meta property=\"og:url\" content=\"https:\/\/luxart.com\/en\/paveikslai\/r-herbs-meadows-2024\/\" \/>\n<meta property=\"og:site_name\" content=\"Luxart\" \/>\n<meta property=\"article:modified_time\" content=\"2024-03-08T13:56:23+00:00\" \/>\n<meta property=\"og:image\" content=\"https:\/\/luxart.com\/wp-content\/uploads\/2024\/03\/ZOLYNAI-100x100-120-X-120-2024m.jpg\" \/>\n\t<meta property=\"og:image:width\" content=\"1003\" \/>\n\t<meta property=\"og:image:height\" content=\"1000\" \/>\n\t<meta property=\"og:image:type\" content=\"image\/jpeg\" \/>\n<meta name=\"twitter:card\" content=\"summary_large_image\" \/>\n<meta name=\"twitter:label1\" content=\"Est. reading time\" \/>\n\t<meta name=\"twitter:data1\" content=\"1 minute\" \/>\n<script type=\"application\/ld+json\" class=\"yoast-schema-graph\">{\"@context\":\"https:\/\/schema.org\",\"@graph\":[{\"@type\":\"WebPage\",\"@id\":\"https:\/\/luxart.com\/en\/paveikslai\/r-herbs-meadows-2024\/\",\"url\":\"https:\/\/luxart.com\/en\/paveikslai\/r-herbs-meadows-2024\/\",\"name\":\"[R] Herbs Meadows (2024)\",\"isPartOf\":{\"@id\":\"https:\/\/luxart.com\/en\/#website\"},\"primaryImageOfPage\":{\"@id\":\"https:\/\/luxart.com\/en\/paveikslai\/r-herbs-meadows-2024\/#primaryimage\"},\"image\":{\"@id\":\"https:\/\/luxart.com\/en\/paveikslai\/r-herbs-meadows-2024\/#primaryimage\"},\"thumbnailUrl\":\"https:\/\/luxart.com\/wp-content\/uploads\/2024\/03\/ZOLYNAI-100x100-120-X-120-2024m.jpg\",\"datePublished\":\"2024-03-08T13:50:51+00:00\",\"dateModified\":\"2024-03-08T13:56:23+00:00\",\"description\":\"\u017d. Rudzikait\u0117 Matuzonien\u0117's reproduction on canvas is a great choice for everyone's interior. Create a home you would always want to return to!\",\"breadcrumb\":{\"@id\":\"https:\/\/luxart.com\/en\/paveikslai\/r-herbs-meadows-2024\/#breadcrumb\"},\"inLanguage\":\"en-US\",\"potentialAction\":[{\"@type\":\"ReadAction\",\"target\":[\"https:\/\/luxart.com\/en\/paveikslai\/r-herbs-meadows-2024\/\"]}]},{\"@type\":\"ImageObject\",\"inLanguage\":\"en-US\",\"@id\":\"https:\/\/luxart.com\/en\/paveikslai\/r-herbs-meadows-2024\/#primaryimage\",\"url\":\"https:\/\/luxart.com\/wp-content\/uploads\/2024\/03\/ZOLYNAI-100x100-120-X-120-2024m.jpg\",\"contentUrl\":\"https:\/\/luxart.com\/wp-content\/uploads\/2024\/03\/ZOLYNAI-100x100-120-X-120-2024m.jpg\",\"width\":1003,\"height\":1000,\"caption\":\"[R] \u017dolynai (2024)\"},{\"@type\":\"BreadcrumbList\",\"@id\":\"https:\/\/luxart.com\/en\/paveikslai\/r-herbs-meadows-2024\/#breadcrumb\",\"itemListElement\":[{\"@type\":\"ListItem\",\"position\":1,\"name\":\"Home\",\"item\":\"https:\/\/luxart.com\/en\/\"},{\"@type\":\"ListItem\",\"position\":2,\"name\":\"Discover Luxart.club Artworks\",\"item\":\"https:\/\/luxart.com\/en\/paintings\/\"},{\"@type\":\"ListItem\",\"position\":3,\"name\":\"[R] Herbs Meadows (2024)\"}]},{\"@type\":\"WebSite\",\"@id\":\"https:\/\/luxart.com\/en\/#website\",\"url\":\"https:\/\/luxart.com\/en\/\",\"name\":\"Luxart\",\"description\":\"Reproductions of paintings on canvas of the highest quality\",\"potentialAction\":[{\"@type\":\"SearchAction\",\"target\":{\"@type\":\"EntryPoint\",\"urlTemplate\":\"https:\/\/luxart.com\/en\/?s={search_term_string}\"},\"query-input\":{\"@type\":\"PropertyValueSpecification\",\"valueRequired\":true,\"valueName\":\"search_term_string\"}}],\"inLanguage\":\"en-US\"}]}<\/script>\n<!-- \/ Yoast SEO plugin. -->","yoast_head_json":{"title":"[R] Herbs Meadows (2024)","description":"\u017d. Rudzikait\u0117 Matuzonien\u0117's reproduction on canvas is a great choice for everyone's interior. Create a home you would always want to return to!","robots":{"index":"index","follow":"follow","max-snippet":"max-snippet:-1","max-image-preview":"max-image-preview:large","max-video-preview":"max-video-preview:-1"},"canonical":"https:\/\/luxart.com\/en\/paveikslai\/r-herbs-meadows-2024\/","og_locale":"en_US","og_type":"article","og_title":"[R] Herbs Meadows (2024)","og_description":"\u017d. Rudzikait\u0117 Matuzonien\u0117's reproduction on canvas is a great choice for everyone's interior. Create a home you would always want to return to!","og_url":"https:\/\/luxart.com\/en\/paveikslai\/r-herbs-meadows-2024\/","og_site_name":"Luxart","article_modified_time":"2024-03-08T13:56:23+00:00","og_image":[{"width":1003,"height":1000,"url":"https:\/\/luxart.com\/wp-content\/uploads\/2024\/03\/ZOLYNAI-100x100-120-X-120-2024m.jpg","type":"image\/jpeg"}],"twitter_card":"summary_large_image","twitter_misc":{"Est. reading time":"1 minute"},"schema":{"@context":"https:\/\/schema.org","@graph":[{"@type":"WebPage","@id":"https:\/\/luxart.com\/en\/paveikslai\/r-herbs-meadows-2024\/","url":"https:\/\/luxart.com\/en\/paveikslai\/r-herbs-meadows-2024\/","name":"[R] Herbs Meadows (2024)","isPartOf":{"@id":"https:\/\/luxart.com\/en\/#website"},"primaryImageOfPage":{"@id":"https:\/\/luxart.com\/en\/paveikslai\/r-herbs-meadows-2024\/#primaryimage"},"image":{"@id":"https:\/\/luxart.com\/en\/paveikslai\/r-herbs-meadows-2024\/#primaryimage"},"thumbnailUrl":"https:\/\/luxart.com\/wp-content\/uploads\/2024\/03\/ZOLYNAI-100x100-120-X-120-2024m.jpg","datePublished":"2024-03-08T13:50:51+00:00","dateModified":"2024-03-08T13:56:23+00:00","description":"\u017d. Rudzikait\u0117 Matuzonien\u0117's reproduction on canvas is a great choice for everyone's interior. Create a home you would always want to return to!","breadcrumb":{"@id":"https:\/\/luxart.com\/en\/paveikslai\/r-herbs-meadows-2024\/#breadcrumb"},"inLanguage":"en-US","potentialAction":[{"@type":"ReadAction","target":["https:\/\/luxart.com\/en\/paveikslai\/r-herbs-meadows-2024\/"]}]},{"@type":"ImageObject","inLanguage":"en-US","@id":"https:\/\/luxart.com\/en\/paveikslai\/r-herbs-meadows-2024\/#primaryimage","url":"https:\/\/luxart.com\/wp-content\/uploads\/2024\/03\/ZOLYNAI-100x100-120-X-120-2024m.jpg","contentUrl":"https:\/\/luxart.com\/wp-content\/uploads\/2024\/03\/ZOLYNAI-100x100-120-X-120-2024m.jpg","width":1003,"height":1000,"caption":"[R] \u017dolynai (2024)"},{"@type":"BreadcrumbList","@id":"https:\/\/luxart.com\/en\/paveikslai\/r-herbs-meadows-2024\/#breadcrumb","itemListElement":[{"@type":"ListItem","position":1,"name":"Home","item":"https:\/\/luxart.com\/en\/"},{"@type":"ListItem","position":2,"name":"Discover Luxart.club Artworks","item":"https:\/\/luxart.com\/en\/paintings\/"},{"@type":"ListItem","position":3,"name":"[R] Herbs Meadows (2024)"}]},{"@type":"WebSite","@id":"https:\/\/luxart.com\/en\/#website","url":"https:\/\/luxart.com\/en\/","name":"Luxart","description":"Reproductions of paintings on canvas of the highest quality","potentialAction":[{"@type":"SearchAction","target":{"@type":"EntryPoint","urlTemplate":"https:\/\/luxart.com\/en\/?s={search_term_string}"},"query-input":{"@type":"PropertyValueSpecification","valueRequired":true,"valueName":"search_term_string"}}],"inLanguage":"en-US"}]}},"_links":{"self":[{"href":"https:\/\/luxart.com\/en\/wp-json\/wp\/v2\/product\/94555","targetHints":{"allow":["GET"]}}],"collection":[{"href":"https:\/\/luxart.com\/en\/wp-json\/wp\/v2\/product"}],"about":[{"href":"https:\/\/luxart.com\/en\/wp-json\/wp\/v2\/types\/product"}],"wp:featuredmedia":[{"embeddable":true,"href":"https:\/\/luxart.com\/en\/wp-json\/wp\/v2\/media\/94547"}],"wp:attachment":[{"href":"https:\/\/luxart.com\/en\/wp-json\/wp\/v2\/media?parent=94555"}],"wp:term":[{"taxonomy":"product_brand","embeddable":true,"href":"https:\/\/luxart.com\/en\/wp-json\/wp\/v2\/product_brand?post=94555"},{"taxonomy":"product_cat","embeddable":true,"href":"https:\/\/luxart.com\/en\/wp-json\/wp\/v2\/product_cat?post=94555"},{"taxonomy":"product_tag","embeddable":true,"href":"https:\/\/luxart.com\/en\/wp-json\/wp\/v2\/product_tag?post=94555"}],"curies":[{"name":"wp","href":"https:\/\/api.w.org\/{rel}","templated":true}]}}