{"id":96562,"date":"2023-11-06T15:27:22","date_gmt":"2024-11-06T15:27:23","guid":{"rendered":"https:\/\/luxart.com\/?post_type=product&#038;p=96562"},"modified":"2024-11-06T15:32:31","modified_gmt":"2024-11-06T15:32:31","slug":"r-but-im-only-a-human-full-of-love-and-fear","status":"publish","type":"product","link":"https:\/\/luxart.com\/en\/paveikslai\/r-but-im-only-a-human-full-of-love-and-fear\/","title":{"rendered":"[R] But I&#8217;m only a Human full of Love and Fear"},"content":{"rendered":"","protected":false},"excerpt":{"rendered":"","protected":false},"featured_media":96518,"template":"","meta":{"_acf_changed":false},"product_brand":[4118],"product_cat":[3844,3696],"product_tag":[4216,4280],"class_list":{"0":"post-96562","1":"product","2":"type-product","3":"status-publish","4":"has-post-thumbnail","6":"product_brand-algis-krisciunas","7":"product_cat-all-art","8":"product_cat-prints-on-canvas","9":"product_tag-algis-krisciunas-en","10":"product_tag-giclee-prints-en","12":"first","13":"instock","14":"purchasable","15":"product-type-simple"},"acf":[],"yoast_head":"<!-- This site is optimized with the Yoast SEO plugin v27.2 - https:\/\/yoast.com\/product\/yoast-seo-wordpress\/ -->\n<title>[R] But I&#039;m only a Human full of Love and Fear<\/title>\n<meta name=\"description\" content=\"Algis Kri\u0161\u010di\u016bnas pop art giclee prints on canvas slightly pained on top [R] But I&#039;m only a Human full of Love and Fear\" \/>\n<meta name=\"robots\" content=\"index, follow, max-snippet:-1, max-image-preview:large, max-video-preview:-1\" \/>\n<link rel=\"canonical\" href=\"https:\/\/luxart.com\/en\/paveikslai\/r-but-im-only-a-human-full-of-love-and-fear\/\" \/>\n<meta property=\"og:locale\" content=\"en_US\" \/>\n<meta property=\"og:type\" content=\"article\" \/>\n<meta property=\"og:title\" content=\"[R] But I&#039;m only a Human full of Love and Fear\" \/>\n<meta property=\"og:description\" content=\"Algis Kri\u0161\u010di\u016bnas pop art giclee prints on canvas slightly pained on top [R] But I&#039;m only a Human full of Love and Fear\" \/>\n<meta property=\"og:url\" content=\"https:\/\/luxart.com\/en\/paveikslai\/r-but-im-only-a-human-full-of-love-and-fear\/\" \/>\n<meta property=\"og:site_name\" content=\"Luxart\" \/>\n<meta property=\"article:modified_time\" content=\"2024-11-06T15:32:31+00:00\" \/>\n<meta property=\"og:image\" content=\"https:\/\/luxart.com\/wp-content\/uploads\/2024\/11\/but-im-only-human-full-of-love-and-fear-120-x-160.jpg\" \/>\n\t<meta property=\"og:image:width\" content=\"1344\" \/>\n\t<meta property=\"og:image:height\" content=\"1010\" \/>\n\t<meta property=\"og:image:type\" content=\"image\/jpeg\" \/>\n<meta name=\"twitter:card\" content=\"summary_large_image\" \/>\n<meta name=\"twitter:label1\" content=\"Est. reading time\" \/>\n\t<meta name=\"twitter:data1\" content=\"1 minute\" \/>\n<script type=\"application\/ld+json\" class=\"yoast-schema-graph\">{\"@context\":\"https:\/\/schema.org\",\"@graph\":[{\"@type\":\"WebPage\",\"@id\":\"https:\/\/luxart.com\/en\/paveikslai\/r-but-im-only-a-human-full-of-love-and-fear\/\",\"url\":\"https:\/\/luxart.com\/en\/paveikslai\/r-but-im-only-a-human-full-of-love-and-fear\/\",\"name\":\"[R] But I'm only a Human full of Love and Fear\",\"isPartOf\":{\"@id\":\"https:\/\/luxart.com\/en\/#website\"},\"primaryImageOfPage\":{\"@id\":\"https:\/\/luxart.com\/en\/paveikslai\/r-but-im-only-a-human-full-of-love-and-fear\/#primaryimage\"},\"image\":{\"@id\":\"https:\/\/luxart.com\/en\/paveikslai\/r-but-im-only-a-human-full-of-love-and-fear\/#primaryimage\"},\"thumbnailUrl\":\"https:\/\/luxart.com\/wp-content\/uploads\/2024\/11\/but-im-only-human-full-of-love-and-fear-120-x-160.jpg\",\"datePublished\":\"2024-11-06T15:27:23+00:00\",\"dateModified\":\"2024-11-06T15:32:31+00:00\",\"description\":\"Algis Kri\u0161\u010di\u016bnas pop art giclee prints on canvas slightly pained on top [R] But I'm only a Human full of Love and Fear\",\"breadcrumb\":{\"@id\":\"https:\/\/luxart.com\/en\/paveikslai\/r-but-im-only-a-human-full-of-love-and-fear\/#breadcrumb\"},\"inLanguage\":\"en-US\",\"potentialAction\":[{\"@type\":\"ReadAction\",\"target\":[\"https:\/\/luxart.com\/en\/paveikslai\/r-but-im-only-a-human-full-of-love-and-fear\/\"]}]},{\"@type\":\"ImageObject\",\"inLanguage\":\"en-US\",\"@id\":\"https:\/\/luxart.com\/en\/paveikslai\/r-but-im-only-a-human-full-of-love-and-fear\/#primaryimage\",\"url\":\"https:\/\/luxart.com\/wp-content\/uploads\/2024\/11\/but-im-only-human-full-of-love-and-fear-120-x-160.jpg\",\"contentUrl\":\"https:\/\/luxart.com\/wp-content\/uploads\/2024\/11\/but-im-only-human-full-of-love-and-fear-120-x-160.jpg\",\"width\":1344,\"height\":1010,\"caption\":\"[R] But I'm only a Human full of Love and Fear\"},{\"@type\":\"BreadcrumbList\",\"@id\":\"https:\/\/luxart.com\/en\/paveikslai\/r-but-im-only-a-human-full-of-love-and-fear\/#breadcrumb\",\"itemListElement\":[{\"@type\":\"ListItem\",\"position\":1,\"name\":\"Home\",\"item\":\"https:\/\/luxart.com\/en\/\"},{\"@type\":\"ListItem\",\"position\":2,\"name\":\"Discover Luxart.club Artworks\",\"item\":\"https:\/\/luxart.com\/en\/paintings\/\"},{\"@type\":\"ListItem\",\"position\":3,\"name\":\"[R] But I&#8217;m only a Human full of Love and Fear\"}]},{\"@type\":\"WebSite\",\"@id\":\"https:\/\/luxart.com\/en\/#website\",\"url\":\"https:\/\/luxart.com\/en\/\",\"name\":\"Luxart\",\"description\":\"Reproductions of paintings on canvas of the highest quality\",\"potentialAction\":[{\"@type\":\"SearchAction\",\"target\":{\"@type\":\"EntryPoint\",\"urlTemplate\":\"https:\/\/luxart.com\/en\/?s={search_term_string}\"},\"query-input\":{\"@type\":\"PropertyValueSpecification\",\"valueRequired\":true,\"valueName\":\"search_term_string\"}}],\"inLanguage\":\"en-US\"}]}<\/script>\n<!-- \/ Yoast SEO plugin. -->","yoast_head_json":{"title":"[R] But I'm only a Human full of Love and Fear","description":"Algis Kri\u0161\u010di\u016bnas pop art giclee prints on canvas slightly pained on top [R] But I'm only a Human full of Love and Fear","robots":{"index":"index","follow":"follow","max-snippet":"max-snippet:-1","max-image-preview":"max-image-preview:large","max-video-preview":"max-video-preview:-1"},"canonical":"https:\/\/luxart.com\/en\/paveikslai\/r-but-im-only-a-human-full-of-love-and-fear\/","og_locale":"en_US","og_type":"article","og_title":"[R] But I'm only a Human full of Love and Fear","og_description":"Algis Kri\u0161\u010di\u016bnas pop art giclee prints on canvas slightly pained on top [R] But I'm only a Human full of Love and Fear","og_url":"https:\/\/luxart.com\/en\/paveikslai\/r-but-im-only-a-human-full-of-love-and-fear\/","og_site_name":"Luxart","article_modified_time":"2024-11-06T15:32:31+00:00","og_image":[{"width":1344,"height":1010,"url":"https:\/\/luxart.com\/wp-content\/uploads\/2024\/11\/but-im-only-human-full-of-love-and-fear-120-x-160.jpg","type":"image\/jpeg"}],"twitter_card":"summary_large_image","twitter_misc":{"Est. reading time":"1 minute"},"schema":{"@context":"https:\/\/schema.org","@graph":[{"@type":"WebPage","@id":"https:\/\/luxart.com\/en\/paveikslai\/r-but-im-only-a-human-full-of-love-and-fear\/","url":"https:\/\/luxart.com\/en\/paveikslai\/r-but-im-only-a-human-full-of-love-and-fear\/","name":"[R] But I'm only a Human full of Love and Fear","isPartOf":{"@id":"https:\/\/luxart.com\/en\/#website"},"primaryImageOfPage":{"@id":"https:\/\/luxart.com\/en\/paveikslai\/r-but-im-only-a-human-full-of-love-and-fear\/#primaryimage"},"image":{"@id":"https:\/\/luxart.com\/en\/paveikslai\/r-but-im-only-a-human-full-of-love-and-fear\/#primaryimage"},"thumbnailUrl":"https:\/\/luxart.com\/wp-content\/uploads\/2024\/11\/but-im-only-human-full-of-love-and-fear-120-x-160.jpg","datePublished":"2024-11-06T15:27:23+00:00","dateModified":"2024-11-06T15:32:31+00:00","description":"Algis Kri\u0161\u010di\u016bnas pop art giclee prints on canvas slightly pained on top [R] But I'm only a Human full of Love and Fear","breadcrumb":{"@id":"https:\/\/luxart.com\/en\/paveikslai\/r-but-im-only-a-human-full-of-love-and-fear\/#breadcrumb"},"inLanguage":"en-US","potentialAction":[{"@type":"ReadAction","target":["https:\/\/luxart.com\/en\/paveikslai\/r-but-im-only-a-human-full-of-love-and-fear\/"]}]},{"@type":"ImageObject","inLanguage":"en-US","@id":"https:\/\/luxart.com\/en\/paveikslai\/r-but-im-only-a-human-full-of-love-and-fear\/#primaryimage","url":"https:\/\/luxart.com\/wp-content\/uploads\/2024\/11\/but-im-only-human-full-of-love-and-fear-120-x-160.jpg","contentUrl":"https:\/\/luxart.com\/wp-content\/uploads\/2024\/11\/but-im-only-human-full-of-love-and-fear-120-x-160.jpg","width":1344,"height":1010,"caption":"[R] But I'm only a Human full of Love and Fear"},{"@type":"BreadcrumbList","@id":"https:\/\/luxart.com\/en\/paveikslai\/r-but-im-only-a-human-full-of-love-and-fear\/#breadcrumb","itemListElement":[{"@type":"ListItem","position":1,"name":"Home","item":"https:\/\/luxart.com\/en\/"},{"@type":"ListItem","position":2,"name":"Discover Luxart.club Artworks","item":"https:\/\/luxart.com\/en\/paintings\/"},{"@type":"ListItem","position":3,"name":"[R] But I&#8217;m only a Human full of Love and Fear"}]},{"@type":"WebSite","@id":"https:\/\/luxart.com\/en\/#website","url":"https:\/\/luxart.com\/en\/","name":"Luxart","description":"Reproductions of paintings on canvas of the highest quality","potentialAction":[{"@type":"SearchAction","target":{"@type":"EntryPoint","urlTemplate":"https:\/\/luxart.com\/en\/?s={search_term_string}"},"query-input":{"@type":"PropertyValueSpecification","valueRequired":true,"valueName":"search_term_string"}}],"inLanguage":"en-US"}]}},"_links":{"self":[{"href":"https:\/\/luxart.com\/en\/wp-json\/wp\/v2\/product\/96562","targetHints":{"allow":["GET"]}}],"collection":[{"href":"https:\/\/luxart.com\/en\/wp-json\/wp\/v2\/product"}],"about":[{"href":"https:\/\/luxart.com\/en\/wp-json\/wp\/v2\/types\/product"}],"wp:featuredmedia":[{"embeddable":true,"href":"https:\/\/luxart.com\/en\/wp-json\/wp\/v2\/media\/96518"}],"wp:attachment":[{"href":"https:\/\/luxart.com\/en\/wp-json\/wp\/v2\/media?parent=96562"}],"wp:term":[{"taxonomy":"product_brand","embeddable":true,"href":"https:\/\/luxart.com\/en\/wp-json\/wp\/v2\/product_brand?post=96562"},{"taxonomy":"product_cat","embeddable":true,"href":"https:\/\/luxart.com\/en\/wp-json\/wp\/v2\/product_cat?post=96562"},{"taxonomy":"product_tag","embeddable":true,"href":"https:\/\/luxart.com\/en\/wp-json\/wp\/v2\/product_tag?post=96562"}],"curies":[{"name":"wp","href":"https:\/\/api.w.org\/{rel}","templated":true}]}}