{"id":98478,"date":"2022-04-06T14:51:27","date_gmt":"2025-04-06T14:51:28","guid":{"rendered":"https:\/\/luxart.com\/?post_type=product&#038;p=98478"},"modified":"2025-04-06T14:53:52","modified_gmt":"2025-04-06T14:53:52","slug":"d-i-will-reach-for-the-stars","status":"publish","type":"product","link":"https:\/\/luxart.com\/en\/paveikslai\/d-i-will-reach-for-the-stars\/","title":{"rendered":"[D] I will reach for the stars"},"content":{"rendered":"","protected":false},"excerpt":{"rendered":"","protected":false},"featured_media":98434,"template":"","meta":{"_acf_changed":false},"product_brand":[4347],"product_cat":[3844],"product_tag":[4350],"class_list":{"0":"post-98478","1":"product","2":"type-product","3":"status-publish","4":"has-post-thumbnail","6":"product_brand-rytis-bernotas-en","7":"product_cat-all-art","8":"product_tag-rytis-bernotas-en","10":"first","11":"instock","12":"purchasable","13":"product-type-simple"},"acf":[],"yoast_head":"<!-- This site is optimized with the Yoast SEO plugin v27.5 - https:\/\/yoast.com\/product\/yoast-seo-wordpress\/ -->\n<title>[D] I will reach for the stars<\/title>\n<meta name=\"description\" content=\"[D] I will reach for the stars\" \/>\n<meta name=\"robots\" content=\"index, follow, max-snippet:-1, max-image-preview:large, max-video-preview:-1\" \/>\n<link rel=\"canonical\" href=\"https:\/\/luxart.com\/en\/paveikslai\/d-i-will-reach-for-the-stars\/\" \/>\n<meta property=\"og:locale\" content=\"en_US\" \/>\n<meta property=\"og:type\" content=\"article\" \/>\n<meta property=\"og:title\" content=\"[D] I will reach for the stars\" \/>\n<meta property=\"og:description\" content=\"[D] I will reach for the stars\" \/>\n<meta property=\"og:url\" content=\"https:\/\/luxart.com\/en\/paveikslai\/d-i-will-reach-for-the-stars\/\" \/>\n<meta property=\"og:site_name\" content=\"Luxart\" \/>\n<meta property=\"article:modified_time\" content=\"2025-04-06T14:53:52+00:00\" \/>\n<meta property=\"og:image\" content=\"https:\/\/luxart.com\/wp-content\/uploads\/2025\/04\/4-Sieksiu-Zvaigzdziu.jpg\" \/>\n\t<meta property=\"og:image:width\" content=\"1000\" \/>\n\t<meta property=\"og:image:height\" content=\"1000\" \/>\n\t<meta property=\"og:image:type\" content=\"image\/jpeg\" \/>\n<meta name=\"twitter:card\" content=\"summary_large_image\" \/>\n<meta name=\"twitter:label1\" content=\"Est. reading time\" \/>\n\t<meta name=\"twitter:data1\" content=\"1 minute\" \/>\n<script type=\"application\/ld+json\" class=\"yoast-schema-graph\">{\"@context\":\"https:\\\/\\\/schema.org\",\"@graph\":[{\"@type\":\"WebPage\",\"@id\":\"https:\\\/\\\/luxart.com\\\/en\\\/paveikslai\\\/d-i-will-reach-for-the-stars\\\/\",\"url\":\"https:\\\/\\\/luxart.com\\\/en\\\/paveikslai\\\/d-i-will-reach-for-the-stars\\\/\",\"name\":\"[D] I will reach for the stars\",\"isPartOf\":{\"@id\":\"https:\\\/\\\/luxart.com\\\/en\\\/#website\"},\"primaryImageOfPage\":{\"@id\":\"https:\\\/\\\/luxart.com\\\/en\\\/paveikslai\\\/d-i-will-reach-for-the-stars\\\/#primaryimage\"},\"image\":{\"@id\":\"https:\\\/\\\/luxart.com\\\/en\\\/paveikslai\\\/d-i-will-reach-for-the-stars\\\/#primaryimage\"},\"thumbnailUrl\":\"https:\\\/\\\/luxart.com\\\/wp-content\\\/uploads\\\/2025\\\/04\\\/4-Sieksiu-Zvaigzdziu.jpg\",\"datePublished\":\"2025-04-06T14:51:28+00:00\",\"dateModified\":\"2025-04-06T14:53:52+00:00\",\"description\":\"[D] I will reach for the stars\",\"breadcrumb\":{\"@id\":\"https:\\\/\\\/luxart.com\\\/en\\\/paveikslai\\\/d-i-will-reach-for-the-stars\\\/#breadcrumb\"},\"inLanguage\":\"en-US\",\"potentialAction\":[{\"@type\":\"ReadAction\",\"target\":[\"https:\\\/\\\/luxart.com\\\/en\\\/paveikslai\\\/d-i-will-reach-for-the-stars\\\/\"]}]},{\"@type\":\"ImageObject\",\"inLanguage\":\"en-US\",\"@id\":\"https:\\\/\\\/luxart.com\\\/en\\\/paveikslai\\\/d-i-will-reach-for-the-stars\\\/#primaryimage\",\"url\":\"https:\\\/\\\/luxart.com\\\/wp-content\\\/uploads\\\/2025\\\/04\\\/4-Sieksiu-Zvaigzdziu.jpg\",\"contentUrl\":\"https:\\\/\\\/luxart.com\\\/wp-content\\\/uploads\\\/2025\\\/04\\\/4-Sieksiu-Zvaigzdziu.jpg\",\"width\":1000,\"height\":1000,\"caption\":\"[D] Sieksiu \u017evaig\u017ed\u017ei\u0173\"},{\"@type\":\"BreadcrumbList\",\"@id\":\"https:\\\/\\\/luxart.com\\\/en\\\/paveikslai\\\/d-i-will-reach-for-the-stars\\\/#breadcrumb\",\"itemListElement\":[{\"@type\":\"ListItem\",\"position\":1,\"name\":\"Home\",\"item\":\"https:\\\/\\\/luxart.com\\\/en\\\/\"},{\"@type\":\"ListItem\",\"position\":2,\"name\":\"Discover Luxart.club Artworks\",\"item\":\"https:\\\/\\\/luxart.com\\\/en\\\/paintings\\\/\"},{\"@type\":\"ListItem\",\"position\":3,\"name\":\"[D] I will reach for the stars\"}]},{\"@type\":\"WebSite\",\"@id\":\"https:\\\/\\\/luxart.com\\\/en\\\/#website\",\"url\":\"https:\\\/\\\/luxart.com\\\/en\\\/\",\"name\":\"Luxart\",\"description\":\"Reproductions of paintings on canvas of the highest quality\",\"potentialAction\":[{\"@type\":\"SearchAction\",\"target\":{\"@type\":\"EntryPoint\",\"urlTemplate\":\"https:\\\/\\\/luxart.com\\\/en\\\/?s={search_term_string}\"},\"query-input\":{\"@type\":\"PropertyValueSpecification\",\"valueRequired\":true,\"valueName\":\"search_term_string\"}}],\"inLanguage\":\"en-US\"}]}<\/script>\n<!-- \/ Yoast SEO plugin. -->","yoast_head_json":{"title":"[D] I will reach for the stars","description":"[D] I will reach for the stars","robots":{"index":"index","follow":"follow","max-snippet":"max-snippet:-1","max-image-preview":"max-image-preview:large","max-video-preview":"max-video-preview:-1"},"canonical":"https:\/\/luxart.com\/en\/paveikslai\/d-i-will-reach-for-the-stars\/","og_locale":"en_US","og_type":"article","og_title":"[D] I will reach for the stars","og_description":"[D] I will reach for the stars","og_url":"https:\/\/luxart.com\/en\/paveikslai\/d-i-will-reach-for-the-stars\/","og_site_name":"Luxart","article_modified_time":"2025-04-06T14:53:52+00:00","og_image":[{"width":1000,"height":1000,"url":"https:\/\/luxart.com\/wp-content\/uploads\/2025\/04\/4-Sieksiu-Zvaigzdziu.jpg","type":"image\/jpeg"}],"twitter_card":"summary_large_image","twitter_misc":{"Est. reading time":"1 minute"},"schema":{"@context":"https:\/\/schema.org","@graph":[{"@type":"WebPage","@id":"https:\/\/luxart.com\/en\/paveikslai\/d-i-will-reach-for-the-stars\/","url":"https:\/\/luxart.com\/en\/paveikslai\/d-i-will-reach-for-the-stars\/","name":"[D] I will reach for the stars","isPartOf":{"@id":"https:\/\/luxart.com\/en\/#website"},"primaryImageOfPage":{"@id":"https:\/\/luxart.com\/en\/paveikslai\/d-i-will-reach-for-the-stars\/#primaryimage"},"image":{"@id":"https:\/\/luxart.com\/en\/paveikslai\/d-i-will-reach-for-the-stars\/#primaryimage"},"thumbnailUrl":"https:\/\/luxart.com\/wp-content\/uploads\/2025\/04\/4-Sieksiu-Zvaigzdziu.jpg","datePublished":"2025-04-06T14:51:28+00:00","dateModified":"2025-04-06T14:53:52+00:00","description":"[D] I will reach for the stars","breadcrumb":{"@id":"https:\/\/luxart.com\/en\/paveikslai\/d-i-will-reach-for-the-stars\/#breadcrumb"},"inLanguage":"en-US","potentialAction":[{"@type":"ReadAction","target":["https:\/\/luxart.com\/en\/paveikslai\/d-i-will-reach-for-the-stars\/"]}]},{"@type":"ImageObject","inLanguage":"en-US","@id":"https:\/\/luxart.com\/en\/paveikslai\/d-i-will-reach-for-the-stars\/#primaryimage","url":"https:\/\/luxart.com\/wp-content\/uploads\/2025\/04\/4-Sieksiu-Zvaigzdziu.jpg","contentUrl":"https:\/\/luxart.com\/wp-content\/uploads\/2025\/04\/4-Sieksiu-Zvaigzdziu.jpg","width":1000,"height":1000,"caption":"[D] Sieksiu \u017evaig\u017ed\u017ei\u0173"},{"@type":"BreadcrumbList","@id":"https:\/\/luxart.com\/en\/paveikslai\/d-i-will-reach-for-the-stars\/#breadcrumb","itemListElement":[{"@type":"ListItem","position":1,"name":"Home","item":"https:\/\/luxart.com\/en\/"},{"@type":"ListItem","position":2,"name":"Discover Luxart.club Artworks","item":"https:\/\/luxart.com\/en\/paintings\/"},{"@type":"ListItem","position":3,"name":"[D] I will reach for the stars"}]},{"@type":"WebSite","@id":"https:\/\/luxart.com\/en\/#website","url":"https:\/\/luxart.com\/en\/","name":"Luxart","description":"Reproductions of paintings on canvas of the highest quality","potentialAction":[{"@type":"SearchAction","target":{"@type":"EntryPoint","urlTemplate":"https:\/\/luxart.com\/en\/?s={search_term_string}"},"query-input":{"@type":"PropertyValueSpecification","valueRequired":true,"valueName":"search_term_string"}}],"inLanguage":"en-US"}]}},"_links":{"self":[{"href":"https:\/\/luxart.com\/en\/wp-json\/wp\/v2\/product\/98478","targetHints":{"allow":["GET"]}}],"collection":[{"href":"https:\/\/luxart.com\/en\/wp-json\/wp\/v2\/product"}],"about":[{"href":"https:\/\/luxart.com\/en\/wp-json\/wp\/v2\/types\/product"}],"wp:featuredmedia":[{"embeddable":true,"href":"https:\/\/luxart.com\/en\/wp-json\/wp\/v2\/media\/98434"}],"wp:attachment":[{"href":"https:\/\/luxart.com\/en\/wp-json\/wp\/v2\/media?parent=98478"}],"wp:term":[{"taxonomy":"product_brand","embeddable":true,"href":"https:\/\/luxart.com\/en\/wp-json\/wp\/v2\/product_brand?post=98478"},{"taxonomy":"product_cat","embeddable":true,"href":"https:\/\/luxart.com\/en\/wp-json\/wp\/v2\/product_cat?post=98478"},{"taxonomy":"product_tag","embeddable":true,"href":"https:\/\/luxart.com\/en\/wp-json\/wp\/v2\/product_tag?post=98478"}],"curies":[{"name":"wp","href":"https:\/\/api.w.org\/{rel}","templated":true}]}}