{"id":98622,"date":"2000-06-26T13:22:02","date_gmt":"2025-04-22T13:22:03","guid":{"rendered":"https:\/\/luxart.com\/?post_type=product&#038;p=98622"},"modified":"2025-04-22T13:26:50","modified_gmt":"2025-04-22T13:26:50","slug":"p-the-place-we-want-to-be","status":"publish","type":"product","link":"https:\/\/luxart.com\/en\/paveikslai\/p-the-place-we-want-to-be-paper\/","title":{"rendered":"[P] The Place We Want To Be"},"content":{"rendered":"","protected":false},"excerpt":{"rendered":"","protected":false},"featured_media":98620,"template":"","meta":{"_acf_changed":false},"product_brand":[4118],"product_cat":[3844,3792],"product_tag":[4216],"class_list":{"0":"post-98622","1":"product","2":"type-product","3":"status-publish","4":"has-post-thumbnail","6":"product_brand-algis-krisciunas","7":"product_cat-all-art","8":"product_cat-paper-prints","9":"product_tag-algis-krisciunas-en","11":"first","12":"instock","13":"purchasable","14":"product-type-simple"},"acf":[],"yoast_head":"<!-- This site is optimized with the Yoast SEO plugin v27.3 - https:\/\/yoast.com\/product\/yoast-seo-wordpress\/ -->\n<title>[P] The Place We Want To Be<\/title>\n<meta name=\"description\" content=\"Algis Kri\u0161\u010di\u016bnas pop art giclee prints on paper slightly pained on top\" \/>\n<meta name=\"robots\" content=\"index, follow, max-snippet:-1, max-image-preview:large, max-video-preview:-1\" \/>\n<link rel=\"canonical\" href=\"https:\/\/luxart.com\/en\/paveikslai\/p-the-place-we-want-to-be-paper\/\" \/>\n<meta property=\"og:locale\" content=\"en_US\" \/>\n<meta property=\"og:type\" content=\"article\" \/>\n<meta property=\"og:title\" content=\"[P] The Place We Want To Be\" \/>\n<meta property=\"og:description\" content=\"Algis Kri\u0161\u010di\u016bnas pop art giclee prints on paper slightly pained on top\" \/>\n<meta property=\"og:url\" content=\"https:\/\/luxart.com\/en\/paveikslai\/p-the-place-we-want-to-be-paper\/\" \/>\n<meta property=\"og:site_name\" content=\"Luxart\" \/>\n<meta property=\"article:modified_time\" content=\"2025-04-22T13:26:50+00:00\" \/>\n<meta property=\"og:image\" content=\"https:\/\/luxart.com\/wp-content\/uploads\/2025\/04\/The-place-We-want-to-be-130x130cm.jpg\" \/>\n\t<meta property=\"og:image:width\" content=\"1000\" \/>\n\t<meta property=\"og:image:height\" content=\"998\" \/>\n\t<meta property=\"og:image:type\" content=\"image\/jpeg\" \/>\n<meta name=\"twitter:card\" content=\"summary_large_image\" \/>\n<meta name=\"twitter:label1\" content=\"Est. reading time\" \/>\n\t<meta name=\"twitter:data1\" content=\"1 minute\" \/>\n<script type=\"application\/ld+json\" class=\"yoast-schema-graph\">{\"@context\":\"https:\\\/\\\/schema.org\",\"@graph\":[{\"@type\":\"WebPage\",\"@id\":\"https:\\\/\\\/luxart.com\\\/en\\\/paveikslai\\\/p-the-place-we-want-to-be-paper\\\/\",\"url\":\"https:\\\/\\\/luxart.com\\\/en\\\/paveikslai\\\/p-the-place-we-want-to-be-paper\\\/\",\"name\":\"[P] The Place We Want To Be\",\"isPartOf\":{\"@id\":\"https:\\\/\\\/luxart.com\\\/en\\\/#website\"},\"primaryImageOfPage\":{\"@id\":\"https:\\\/\\\/luxart.com\\\/en\\\/paveikslai\\\/p-the-place-we-want-to-be-paper\\\/#primaryimage\"},\"image\":{\"@id\":\"https:\\\/\\\/luxart.com\\\/en\\\/paveikslai\\\/p-the-place-we-want-to-be-paper\\\/#primaryimage\"},\"thumbnailUrl\":\"https:\\\/\\\/luxart.com\\\/wp-content\\\/uploads\\\/2025\\\/04\\\/The-place-We-want-to-be-130x130cm.jpg\",\"datePublished\":\"2025-04-22T13:22:03+00:00\",\"dateModified\":\"2025-04-22T13:26:50+00:00\",\"description\":\"Algis Kri\u0161\u010di\u016bnas pop art giclee prints on paper slightly pained on top\",\"breadcrumb\":{\"@id\":\"https:\\\/\\\/luxart.com\\\/en\\\/paveikslai\\\/p-the-place-we-want-to-be-paper\\\/#breadcrumb\"},\"inLanguage\":\"en-US\",\"potentialAction\":[{\"@type\":\"ReadAction\",\"target\":[\"https:\\\/\\\/luxart.com\\\/en\\\/paveikslai\\\/p-the-place-we-want-to-be-paper\\\/\"]}]},{\"@type\":\"ImageObject\",\"inLanguage\":\"en-US\",\"@id\":\"https:\\\/\\\/luxart.com\\\/en\\\/paveikslai\\\/p-the-place-we-want-to-be-paper\\\/#primaryimage\",\"url\":\"https:\\\/\\\/luxart.com\\\/wp-content\\\/uploads\\\/2025\\\/04\\\/The-place-We-want-to-be-130x130cm.jpg\",\"contentUrl\":\"https:\\\/\\\/luxart.com\\\/wp-content\\\/uploads\\\/2025\\\/04\\\/The-place-We-want-to-be-130x130cm.jpg\",\"width\":1000,\"height\":998,\"caption\":\"The-place-We-want-to-be-130x130cm\"},{\"@type\":\"BreadcrumbList\",\"@id\":\"https:\\\/\\\/luxart.com\\\/en\\\/paveikslai\\\/p-the-place-we-want-to-be-paper\\\/#breadcrumb\",\"itemListElement\":[{\"@type\":\"ListItem\",\"position\":1,\"name\":\"Home\",\"item\":\"https:\\\/\\\/luxart.com\\\/en\\\/\"},{\"@type\":\"ListItem\",\"position\":2,\"name\":\"Discover Luxart.club Artworks\",\"item\":\"https:\\\/\\\/luxart.com\\\/en\\\/paintings\\\/\"},{\"@type\":\"ListItem\",\"position\":3,\"name\":\"[P] The Place We Want To Be\"}]},{\"@type\":\"WebSite\",\"@id\":\"https:\\\/\\\/luxart.com\\\/en\\\/#website\",\"url\":\"https:\\\/\\\/luxart.com\\\/en\\\/\",\"name\":\"Luxart\",\"description\":\"Reproductions of paintings on canvas of the highest quality\",\"potentialAction\":[{\"@type\":\"SearchAction\",\"target\":{\"@type\":\"EntryPoint\",\"urlTemplate\":\"https:\\\/\\\/luxart.com\\\/en\\\/?s={search_term_string}\"},\"query-input\":{\"@type\":\"PropertyValueSpecification\",\"valueRequired\":true,\"valueName\":\"search_term_string\"}}],\"inLanguage\":\"en-US\"}]}<\/script>\n<!-- \/ Yoast SEO plugin. -->","yoast_head_json":{"title":"[P] The Place We Want To Be","description":"Algis Kri\u0161\u010di\u016bnas pop art giclee prints on paper slightly pained on top","robots":{"index":"index","follow":"follow","max-snippet":"max-snippet:-1","max-image-preview":"max-image-preview:large","max-video-preview":"max-video-preview:-1"},"canonical":"https:\/\/luxart.com\/en\/paveikslai\/p-the-place-we-want-to-be-paper\/","og_locale":"en_US","og_type":"article","og_title":"[P] The Place We Want To Be","og_description":"Algis Kri\u0161\u010di\u016bnas pop art giclee prints on paper slightly pained on top","og_url":"https:\/\/luxart.com\/en\/paveikslai\/p-the-place-we-want-to-be-paper\/","og_site_name":"Luxart","article_modified_time":"2025-04-22T13:26:50+00:00","og_image":[{"width":1000,"height":998,"url":"https:\/\/luxart.com\/wp-content\/uploads\/2025\/04\/The-place-We-want-to-be-130x130cm.jpg","type":"image\/jpeg"}],"twitter_card":"summary_large_image","twitter_misc":{"Est. reading time":"1 minute"},"schema":{"@context":"https:\/\/schema.org","@graph":[{"@type":"WebPage","@id":"https:\/\/luxart.com\/en\/paveikslai\/p-the-place-we-want-to-be-paper\/","url":"https:\/\/luxart.com\/en\/paveikslai\/p-the-place-we-want-to-be-paper\/","name":"[P] The Place We Want To Be","isPartOf":{"@id":"https:\/\/luxart.com\/en\/#website"},"primaryImageOfPage":{"@id":"https:\/\/luxart.com\/en\/paveikslai\/p-the-place-we-want-to-be-paper\/#primaryimage"},"image":{"@id":"https:\/\/luxart.com\/en\/paveikslai\/p-the-place-we-want-to-be-paper\/#primaryimage"},"thumbnailUrl":"https:\/\/luxart.com\/wp-content\/uploads\/2025\/04\/The-place-We-want-to-be-130x130cm.jpg","datePublished":"2025-04-22T13:22:03+00:00","dateModified":"2025-04-22T13:26:50+00:00","description":"Algis Kri\u0161\u010di\u016bnas pop art giclee prints on paper slightly pained on top","breadcrumb":{"@id":"https:\/\/luxart.com\/en\/paveikslai\/p-the-place-we-want-to-be-paper\/#breadcrumb"},"inLanguage":"en-US","potentialAction":[{"@type":"ReadAction","target":["https:\/\/luxart.com\/en\/paveikslai\/p-the-place-we-want-to-be-paper\/"]}]},{"@type":"ImageObject","inLanguage":"en-US","@id":"https:\/\/luxart.com\/en\/paveikslai\/p-the-place-we-want-to-be-paper\/#primaryimage","url":"https:\/\/luxart.com\/wp-content\/uploads\/2025\/04\/The-place-We-want-to-be-130x130cm.jpg","contentUrl":"https:\/\/luxart.com\/wp-content\/uploads\/2025\/04\/The-place-We-want-to-be-130x130cm.jpg","width":1000,"height":998,"caption":"The-place-We-want-to-be-130x130cm"},{"@type":"BreadcrumbList","@id":"https:\/\/luxart.com\/en\/paveikslai\/p-the-place-we-want-to-be-paper\/#breadcrumb","itemListElement":[{"@type":"ListItem","position":1,"name":"Home","item":"https:\/\/luxart.com\/en\/"},{"@type":"ListItem","position":2,"name":"Discover Luxart.club Artworks","item":"https:\/\/luxart.com\/en\/paintings\/"},{"@type":"ListItem","position":3,"name":"[P] The Place We Want To Be"}]},{"@type":"WebSite","@id":"https:\/\/luxart.com\/en\/#website","url":"https:\/\/luxart.com\/en\/","name":"Luxart","description":"Reproductions of paintings on canvas of the highest quality","potentialAction":[{"@type":"SearchAction","target":{"@type":"EntryPoint","urlTemplate":"https:\/\/luxart.com\/en\/?s={search_term_string}"},"query-input":{"@type":"PropertyValueSpecification","valueRequired":true,"valueName":"search_term_string"}}],"inLanguage":"en-US"}]}},"_links":{"self":[{"href":"https:\/\/luxart.com\/en\/wp-json\/wp\/v2\/product\/98622","targetHints":{"allow":["GET"]}}],"collection":[{"href":"https:\/\/luxart.com\/en\/wp-json\/wp\/v2\/product"}],"about":[{"href":"https:\/\/luxart.com\/en\/wp-json\/wp\/v2\/types\/product"}],"wp:featuredmedia":[{"embeddable":true,"href":"https:\/\/luxart.com\/en\/wp-json\/wp\/v2\/media\/98620"}],"wp:attachment":[{"href":"https:\/\/luxart.com\/en\/wp-json\/wp\/v2\/media?parent=98622"}],"wp:term":[{"taxonomy":"product_brand","embeddable":true,"href":"https:\/\/luxart.com\/en\/wp-json\/wp\/v2\/product_brand?post=98622"},{"taxonomy":"product_cat","embeddable":true,"href":"https:\/\/luxart.com\/en\/wp-json\/wp\/v2\/product_cat?post=98622"},{"taxonomy":"product_tag","embeddable":true,"href":"https:\/\/luxart.com\/en\/wp-json\/wp\/v2\/product_tag?post=98622"}],"curies":[{"name":"wp","href":"https:\/\/api.w.org\/{rel}","templated":true}]}}